{"id":27548,"date":"2025-01-06T23:58:54","date_gmt":"2025-01-06T23:58:54","guid":{"rendered":"https:\/\/avesaguiar.ch\/produit\/kaefig-fuer-modena-sittiche-auf-staender\/"},"modified":"2025-01-06T23:58:54","modified_gmt":"2025-01-06T23:58:54","slug":"kaefig-fuer-modena-sittiche-auf-staender","status":"publish","type":"product","link":"https:\/\/avesaguiar.ch\/de\/produit\/kaefig-fuer-modena-sittiche-auf-staender\/","title":{"rendered":"K\u00c4FIG F\u00dcR MODENA-SITTICHE AUF ST\u00c4NDER"},"content":{"rendered":"<p class=\"product-detail-name\">K\u00c4FIG F\u00dcR MODENA-SITTICHE AUF ST\u00c4NDER<\/p>\n<p>Abmessungen: 68 x 51x 154 cm<\/p>\n<p>Lieferung mit 2 Sitzstangen und 3 Futtertr\u00f6gen<\/p>\n","protected":false},"excerpt":{"rendered":"<p>K\u00c4FIG F\u00dcR MODENA-SITTICHE AUF ST\u00c4NDER Abmessungen: 68 x 51x 154 cm Lieferung mit 2 Sitzstangen und 3 Futtertr\u00f6gen<\/p>\n","protected":false},"featured_media":23464,"comment_status":"open","ping_status":"closed","template":"","meta":[],"product_brand":[187],"product_cat":[333,254],"product_tag":[],"class_list":{"0":"post-27548","1":"product","2":"type-product","3":"status-publish","4":"has-post-thumbnail","6":"product_brand-kinlys","7":"product_cat-kafige","8":"product_cat-vogel","9":"product_shipping_class-30kg-plus","12":"first","13":"instock","14":"shipping-taxable","15":"purchasable","16":"product-type-simple"},"jetpack_sharing_enabled":true,"_links":{"self":[{"href":"https:\/\/avesaguiar.ch\/de\/wp-json\/wp\/v2\/product\/27548","targetHints":{"allow":["GET"]}}],"collection":[{"href":"https:\/\/avesaguiar.ch\/de\/wp-json\/wp\/v2\/product"}],"about":[{"href":"https:\/\/avesaguiar.ch\/de\/wp-json\/wp\/v2\/types\/product"}],"replies":[{"embeddable":true,"href":"https:\/\/avesaguiar.ch\/de\/wp-json\/wp\/v2\/comments?post=27548"}],"wp:featuredmedia":[{"embeddable":true,"href":"https:\/\/avesaguiar.ch\/de\/wp-json\/wp\/v2\/media\/23464"}],"wp:attachment":[{"href":"https:\/\/avesaguiar.ch\/de\/wp-json\/wp\/v2\/media?parent=27548"}],"wp:term":[{"taxonomy":"product_brand","embeddable":true,"href":"https:\/\/avesaguiar.ch\/de\/wp-json\/wp\/v2\/product_brand?post=27548"},{"taxonomy":"product_cat","embeddable":true,"href":"https:\/\/avesaguiar.ch\/de\/wp-json\/wp\/v2\/product_cat?post=27548"},{"taxonomy":"product_tag","embeddable":true,"href":"https:\/\/avesaguiar.ch\/de\/wp-json\/wp\/v2\/product_tag?post=27548"}],"curies":[{"name":"wp","href":"https:\/\/api.w.org\/{rel}","templated":true}]}}