{"id":27572,"date":"2025-01-09T11:31:11","date_gmt":"2025-01-09T11:31:11","guid":{"rendered":"https:\/\/avesaguiar.ch\/produit\/euro-premium-digestion-erwachsene\/"},"modified":"2025-01-09T11:31:11","modified_gmt":"2025-01-09T11:31:11","slug":"euro-premium-digestion-erwachsene","status":"publish","type":"product","link":"https:\/\/avesaguiar.ch\/de\/produit\/euro-premium-digestion-erwachsene\/","title":{"rendered":"Euro Premium- Digestion+ Erwachsene"},"content":{"rendered":"<p>Euro-Premium Digestion + (Duck) Gro\u00dfe und mittelgro\u00dfe Rassen Ausgewachsene Tiere<\/p>\n<p><strong>Tierisches Eiwei\u00df: 79%.<\/strong><\/p>\n<p>Functional ist die perfekte getreidefreie Nahrung f\u00fcr ausgewachsene Hunde mit besonderen Bed\u00fcrfnissen, sei es aufgrund einer schwierigen Verdauung, Haut- und Fellproblemen oder Kastration\/Sterilisation Ihres Tieres.<\/p>\n<p>Wie der Name unserer Produktreihe schon sagt, enth\u00e4lt das Functionnal-Futter funktionelle Inhaltsstoffe, die bestimmte Probleme behandeln und den allgemeinen Gesundheitszustand Ihres Hundes verbessern. Daher kann dieses Futter auch vorbeugend gef\u00fcttert werden. <\/p>\n<p>Die Produkte von Functionnal enthalten nat\u00fcrliche Antioxidantien und eine einzigartige Mischung aus Pflanzenextrakten. Diese Antioxidantien aus Kurkuma, Rosmarin, Nelken, Weinreben und Zitrusfr\u00fcchten tragen nicht nur zum Gleichgewicht, sondern auch zur St\u00e4rkung des Immunsystems Ihres Hundes bei. <\/p>\n<p>Die Functional-Serie enth\u00e4lt au\u00dferdem eine starke Mischung aus Probiotika wie FOS, MOS und XOS. Diese Mischung aus l\u00f6slichen und nicht l\u00f6slichen Ballaststoffen sorgt f\u00fcr eine optimale Verdauung der Nahrung. <\/p>\n<p>Der Hauptbestandteil der Functional-Produkte? Fleisch oder Fisch, wichtige Quellen von Aminos\u00e4uren, die auch die Verdauung der Nahrung erleichtern. <\/p>\n<p>Schlie\u00dflich ist zu betonen, dass die Functional-Nahrung kein Getreide enth\u00e4lt. Getreide wird durch Kartoffeln und Gem\u00fcse ersetzt, die eine gleichwertige Energiezufuhr gew\u00e4hrleisten. Warum wird Getreide aus unserem Futter gestrichen? Weil einige Hunde eine Unvertr\u00e4glichkeit gegen Getreide haben, w\u00e4hrend Kartoffeln und Gem\u00fcse kein vergleichbares Risiko darstellen. Dar\u00fcber hinaus sind diese Getreideersatzprodukte von Natur aus reich an Vitamin C. Die meisten dieser Produkte enthalten kein Vitamin C.    <\/p>\n<p>Hat Ihr Hund einen empfindlichen Magen oder Verdauungsprobleme? W\u00e4hlen Sie Digestion+. <\/p>\n<p>Probiotische Ballaststoffe wie FOS, MOS und XOS helfen, das Gleichgewicht der Darmflora zu erhalten. Die Digestion+ Nahrung enth\u00e4lt au\u00dferdem Psylliumfasern, die sich mit Wasser verbinden, um \u00fcbersch\u00fcssige Feuchtigkeit im Stuhl zu absorbieren. Die Fasern der R\u00fcbenschnitzel sorgen f\u00fcr eine langsamere Verdauung und eine bessere N\u00e4hrstoffaufnahme. Digestion+ ist reich an Hirschfleisch und Kartoffeln, um den Protein- und Energiebedarf Ihres Hundes zu decken.   <\/p>\n<p>Super-Premium-Vollnahrung mit Reh und Kartoffeln f\u00fcr erwachsene Hunde (&gt;1 Jahr) mittelgro\u00dfer und gro\u00dfer Rassen (&gt;10kg) &#8211; empfohlen f\u00fcr Hunde, die eine allergische Reaktion wie Erbrechen oder Durchfall zeigen. Einige Hunde leiden an Magen-, Verdauungs- und\/oder Hautproblemen, da sie auf bestimmte Inhaltsstoffe empfindlich reagieren. Diese einzigartige Auswahl an nat\u00fcrlichen Zutaten, Wild und Kartoffeln minimiert das Risiko einer allergischen Reaktion. Der Zusatz von R\u00fcbenschnitzeln und Pr\u00e4biotika (FOS, MOS und XOS) f\u00f6rdert die Entwicklung eines optimalen Verdauungssystems. Dieses hochwertige Alleinfuttermittel ist mit Pflanzenextrakten angereichert, um die Entwicklung des nat\u00fcrlichen Immunsystems zu unterst\u00fctzen. Das ideale Verh\u00e4ltnis von Omega-3- und Omega-6-Fetts\u00e4uren l\u00e4sst das Vlies wieder gl\u00e4nzen und st\u00e4rkt das Immunsystem.     <\/p>\n<p>Gefl\u00fcgelfleischmehl (rehydratisiert 45%), Kartoffeln, Rehfleisch (dehydratisiert 14%), Erbsen, H\u00fchnerfett, hydrolysierte Gefl\u00fcgelleber, R\u00fcbenschnitzel, Natriumchlorid, Kalziumkarbonat, Dicalciumphosphat, raffiniertes Fisch\u00f6l, Yucca, Psyllium, Glukosamin, Chondroitinsulfat, FOS, MOS, XOS, Lecithin, Pflanzenextrakte (Citrus sp. Syzygium sp, Curcuma sp., Rosemary sp. und Vitis sp.).<\/p>\n<p>Rohprotein: 24,5% &#8211; Fettgehalt: 15% &#8211; Rohfaser: 2,5% &#8211; Rohasche: 7,5% &#8211; Kalzium: 1,50% &#8211; Phosphor: 0,9%.<\/p>\n<p><strong>Verf\u00fcgbar in 10 kg<\/strong><\/p>\n","protected":false},"excerpt":{"rendered":"<p>Schlie\u00dflich ist zu betonen, dass die Functional-Nahrung kein Getreide enth\u00e4lt. Getreide wird durch Kartoffeln und Gem\u00fcse ersetzt, die eine gleichwertige Energiezufuhr gew\u00e4hrleisten. <\/p>\n","protected":false},"featured_media":23647,"comment_status":"open","ping_status":"closed","template":"","meta":[],"product_brand":[182],"product_cat":[267,337],"product_tag":[],"class_list":{"0":"post-27572","1":"product","2":"type-product","3":"status-publish","4":"has-post-thumbnail","6":"product_brand-beyers","7":"product_cat-hund","8":"product_cat-lebensmittel-3","11":"first","12":"onbackorder","13":"shipping-taxable","14":"purchasable","15":"product-type-simple"},"jetpack_sharing_enabled":true,"_links":{"self":[{"href":"https:\/\/avesaguiar.ch\/de\/wp-json\/wp\/v2\/product\/27572","targetHints":{"allow":["GET"]}}],"collection":[{"href":"https:\/\/avesaguiar.ch\/de\/wp-json\/wp\/v2\/product"}],"about":[{"href":"https:\/\/avesaguiar.ch\/de\/wp-json\/wp\/v2\/types\/product"}],"replies":[{"embeddable":true,"href":"https:\/\/avesaguiar.ch\/de\/wp-json\/wp\/v2\/comments?post=27572"}],"wp:featuredmedia":[{"embeddable":true,"href":"https:\/\/avesaguiar.ch\/de\/wp-json\/wp\/v2\/media\/23647"}],"wp:attachment":[{"href":"https:\/\/avesaguiar.ch\/de\/wp-json\/wp\/v2\/media?parent=27572"}],"wp:term":[{"taxonomy":"product_brand","embeddable":true,"href":"https:\/\/avesaguiar.ch\/de\/wp-json\/wp\/v2\/product_brand?post=27572"},{"taxonomy":"product_cat","embeddable":true,"href":"https:\/\/avesaguiar.ch\/de\/wp-json\/wp\/v2\/product_cat?post=27572"},{"taxonomy":"product_tag","embeddable":true,"href":"https:\/\/avesaguiar.ch\/de\/wp-json\/wp\/v2\/product_tag?post=27572"}],"curies":[{"name":"wp","href":"https:\/\/api.w.org\/{rel}","templated":true}]}}