{"id":27629,"date":"2025-01-09T09:23:07","date_gmt":"2025-01-09T09:23:07","guid":{"rendered":"https:\/\/avesaguiar.ch\/produit\/nistkasten-fuer-wellensittiche\/"},"modified":"2025-01-09T09:23:07","modified_gmt":"2025-01-09T09:23:07","slug":"nistkasten-fuer-wellensittiche","status":"publish","type":"product","link":"https:\/\/avesaguiar.ch\/de\/produit\/nistkasten-fuer-wellensittiche\/","title":{"rendered":"Nistkasten f\u00fcr Wellensittiche"},"content":{"rendered":"<p>Vollst\u00e4ndig aus Kunststoff gefertigtes Nest f\u00fcr Wellensittiche oder Agaporniden.<\/p>\n<p>Mit allen T\u00fcrtypen kompatibel. Das Nest ist leicht abnehmbar und einfach zu reinigen. <\/p>\n<p>\u00d6ffnung mit variablem Durchmesser.<\/p>\n<p>Verf\u00fcgt \u00fcber ein herausnehmbares inneres Nest und einen Halter f\u00fcr die Aufzuchtkarte.<\/p>\n<p><strong>Abmessungen:<\/strong> 16,5 x 20 x 20h cm<\/p>\n","protected":false},"excerpt":{"rendered":"<p>Vollst\u00e4ndig aus Kunststoff gefertigtes Nest f\u00fcr Wellensittiche oder Agaporniden. Mit allen T\u00fcrtypen kompatibel. Das Nest ist leicht abnehmbar und einfach zu reinigen. \u00d6ffnung mit variablem Durchmesser. Verf\u00fcgt \u00fcber ein herausnehmbares inneres Nest und einen Halter f\u00fcr die Aufzuchtkarte. Abmessungen: 16,5 x 20 x 20h cm<\/p>\n","protected":false},"featured_media":24483,"comment_status":"open","ping_status":"closed","template":"","meta":[],"product_brand":[182],"product_cat":[301,254],"product_tag":[],"class_list":{"0":"post-27629","1":"product","2":"type-product","3":"status-publish","4":"has-post-thumbnail","6":"product_brand-beyers","7":"product_cat-nester-und-materialien","8":"product_cat-vogel","11":"first","12":"outofstock","13":"shipping-taxable","14":"purchasable","15":"product-type-simple"},"jetpack_sharing_enabled":true,"_links":{"self":[{"href":"https:\/\/avesaguiar.ch\/de\/wp-json\/wp\/v2\/product\/27629","targetHints":{"allow":["GET"]}}],"collection":[{"href":"https:\/\/avesaguiar.ch\/de\/wp-json\/wp\/v2\/product"}],"about":[{"href":"https:\/\/avesaguiar.ch\/de\/wp-json\/wp\/v2\/types\/product"}],"replies":[{"embeddable":true,"href":"https:\/\/avesaguiar.ch\/de\/wp-json\/wp\/v2\/comments?post=27629"}],"wp:featuredmedia":[{"embeddable":true,"href":"https:\/\/avesaguiar.ch\/de\/wp-json\/wp\/v2\/media\/24483"}],"wp:attachment":[{"href":"https:\/\/avesaguiar.ch\/de\/wp-json\/wp\/v2\/media?parent=27629"}],"wp:term":[{"taxonomy":"product_brand","embeddable":true,"href":"https:\/\/avesaguiar.ch\/de\/wp-json\/wp\/v2\/product_brand?post=27629"},{"taxonomy":"product_cat","embeddable":true,"href":"https:\/\/avesaguiar.ch\/de\/wp-json\/wp\/v2\/product_cat?post=27629"},{"taxonomy":"product_tag","embeddable":true,"href":"https:\/\/avesaguiar.ch\/de\/wp-json\/wp\/v2\/product_tag?post=27629"}],"curies":[{"name":"wp","href":"https:\/\/api.w.org\/{rel}","templated":true}]}}