{"id":27635,"date":"2025-01-05T21:36:18","date_gmt":"2025-01-05T21:36:18","guid":{"rendered":"https:\/\/avesaguiar.ch\/produit\/transportkoffer\/"},"modified":"2025-01-05T21:36:18","modified_gmt":"2025-01-05T21:36:18","slug":"transportkoffer","status":"publish","type":"product","link":"https:\/\/avesaguiar.ch\/de\/produit\/transportkoffer\/","title":{"rendered":"Transportkoffer"},"content":{"rendered":"<p>Transportkoffer.<\/p>\n<p>Entspricht den FOI-Bestimmungen &#8211; Ausgezeichnetes Verh\u00e4ltnis zwischen Raum und Bel\u00fcftung<\/p>\n<p>Die zertifizierten Daten auf dem Deckel werden angezeigt, um die Kapazit\u00e4t hervorzuheben. Ausf\u00fchrlich untersucht &#8211; Von den besten Z\u00fcchtern getestet und ausgew\u00e4hlt. <\/p>\n<p>Antistatisch und antibakteriell &#8211; Einfach zu waschen. Einfach zu zerlegen &#8211; Praktisch in der Anwendung. Superleicht &#8211; Schnell zusammenzubauen.  <\/p>\n<p>Sto\u00dffest &#8211; Sicherheitsverriegelungen.<\/p>\n<p>cm 60 x 38 x h21 Gewicht Kg 2.9<\/p>\n","protected":false},"excerpt":{"rendered":"<p>Dies ist leicht und einfach zu montieren, Transportk\u00e4fig aus Kunststoff. 60x38x20 cm <\/p>\n","protected":false},"featured_media":23203,"comment_status":"open","ping_status":"closed","template":"","meta":[],"product_brand":[62],"product_cat":[333,254],"product_tag":[],"class_list":{"0":"post-27635","1":"product","2":"type-product","3":"status-publish","4":"has-post-thumbnail","6":"product_brand-benelux","7":"product_cat-kafige","8":"product_cat-vogel","9":"product_shipping_class-postpac-economy-10kg","12":"first","13":"instock","14":"shipping-taxable","15":"purchasable","16":"product-type-simple"},"jetpack_sharing_enabled":true,"_links":{"self":[{"href":"https:\/\/avesaguiar.ch\/de\/wp-json\/wp\/v2\/product\/27635","targetHints":{"allow":["GET"]}}],"collection":[{"href":"https:\/\/avesaguiar.ch\/de\/wp-json\/wp\/v2\/product"}],"about":[{"href":"https:\/\/avesaguiar.ch\/de\/wp-json\/wp\/v2\/types\/product"}],"replies":[{"embeddable":true,"href":"https:\/\/avesaguiar.ch\/de\/wp-json\/wp\/v2\/comments?post=27635"}],"wp:featuredmedia":[{"embeddable":true,"href":"https:\/\/avesaguiar.ch\/de\/wp-json\/wp\/v2\/media\/23203"}],"wp:attachment":[{"href":"https:\/\/avesaguiar.ch\/de\/wp-json\/wp\/v2\/media?parent=27635"}],"wp:term":[{"taxonomy":"product_brand","embeddable":true,"href":"https:\/\/avesaguiar.ch\/de\/wp-json\/wp\/v2\/product_brand?post=27635"},{"taxonomy":"product_cat","embeddable":true,"href":"https:\/\/avesaguiar.ch\/de\/wp-json\/wp\/v2\/product_cat?post=27635"},{"taxonomy":"product_tag","embeddable":true,"href":"https:\/\/avesaguiar.ch\/de\/wp-json\/wp\/v2\/product_tag?post=27635"}],"curies":[{"name":"wp","href":"https:\/\/api.w.org\/{rel}","templated":true}]}}