{"id":27637,"date":"2025-01-06T19:42:45","date_gmt":"2025-01-06T19:42:45","guid":{"rendered":"https:\/\/avesaguiar.ch\/produit\/fertibol\/"},"modified":"2025-01-06T19:42:45","modified_gmt":"2025-01-06T19:42:45","slug":"fertibol","status":"publish","type":"product","link":"https:\/\/avesaguiar.ch\/de\/produit\/fertibol\/","title":{"rendered":"Fertibol"},"content":{"rendered":"<h1 class=\"product-details-product-title\">Fertibol Taube\/V\u00f6gel<\/h1>\n<div class=\"product-description product-details--form-wrapper---below rte\">\n<div class=\"easytabs-text\">\n<p><strong>Eine solide Grundlage f\u00fcr das Leben.  <\/strong><\/p>\n<p>Mit unserer speziellen Mischung aus Kalzium, Phosphor und den Vitaminen A, D und E bieten Sie Ihren Tauben und V\u00f6geln den besten Start. Dies garantiert st\u00e4rkere Eierschalen und sorgt daf\u00fcr, dass die jungen Tauben problemlos schl\u00fcpfen k\u00f6nnen. Die jungen Tauben profitieren von gesunden Knochen und einer optimalen Entwicklung.  <\/p>\n<p>Vorteile<\/p>\n<ul>\n<li>St\u00e4rkere Eierschalen<\/li>\n<li>Erleichtertes Schl\u00fcpfen<\/li>\n<li>Unterst\u00fctzt die optimale Entwicklung des Skeletts<\/li>\n<li>Optimale N\u00e4hrstoffversorgung f\u00fcr eine gesunde und vitale Nachkommenschaft<\/li>\n<\/ul>\n<\/div>\n<div id=\"6012700852384\" class=\"easytabs-container tab-widget-6012700852384 easytabs-inited\" data-et-min-width=\"0\" data-et-auto-accordion=\"0\" data-et-cbw=\"1\" data-et-cbr=\"3\" data-et-sta=\"1\" data-et-amp=\"0\" data-et-flx=\"0\" data-et-wt=\"0\" data-et-ao=\"1\" data-et-tabs-width=\"178\">\n<div class=\"easytabs-holder easytabs-accordion\">\n<ul class=\"easytabs-tabs\" role=\"tablist\">\n<li class=\"easytabs-tab-item easytabs-active\" tabindex=\"0\" role=\"tab\" data-et-marker=\"tabs-fertibol-pigeon-2\" data-et-handle=\"tabs-usage\" aria-labelledby=\"easytabs-tab-label-6012700852384-0\" aria-selected=\"true\">\n<\/li>\n<\/ul>\n<div class=\"easytabs-contents\" role=\"tablist\">\n<div class=\"easytabs-content-item easytabs-active\" data-et-marker=\"tabs-fertibol-pigeon-2\" data-et-handle=\"tabs-usage\">\n<div class=\"easytabs-accordion-item\" tabindex=\"0\" role=\"tab\" aria-labelledby=\"easytabs-slide-label-6012700852384-0\" aria-selected=\"true\"><span id=\"easytabs-slide-label-6012700852384-0\" class=\"easytabs-header-text ui-tabs-anchor js-no-transition\">Nutzung<\/span><\/div>\n<div class=\"easytabs-content-holder\" role=\"tabpanel\" aria-labelledby=\"easytabs-slide-label-6012700852384-0\" aria-expanded=\"true\" aria-hidden=\"false\">\n<p>30 ml pro kg Futter (2 Essl\u00f6ffel)<\/p>\n<p>T\u00e4glich ab 3 Wochen vor der Paarung verabreichen.<\/p>\n<p>Vor Gebrauch sch\u00fctteln.<\/p>\n<p><b>Niemals im Trinkwasser<\/b>.<\/p>\n<\/div>\n<\/div>\n<\/div>\n<\/div>\n<\/div>\n<\/div>\n","protected":false},"excerpt":{"rendered":"<div class=\"easytabs-text\">\n<p>Vorteile<\/p>\n<ul>\n<li>St\u00e4rkere Eierschalen<\/li>\n<li>Erleichtertes Schl\u00fcpfen<\/li>\n<li>Unterst\u00fctzt die optimale Entwicklung des Skeletts<\/li>\n<li>Optimale N\u00e4hrstoffversorgung f\u00fcr eine gesunde und vitale Nachkommenschaft<\/li>\n<\/ul>\n<\/div>\n<div id=\"6012700852384\" class=\"easytabs-container tab-widget-6012700852384 easytabs-inited\" data-et-min-width=\"0\" data-et-auto-accordion=\"0\" data-et-cbw=\"1\" data-et-cbr=\"3\" data-et-sta=\"1\" data-et-amp=\"0\" data-et-flx=\"0\" data-et-wt=\"0\" data-et-ao=\"1\" data-et-tabs-width=\"178\">\n<div class=\"easytabs-holder easytabs-accordion\">\n<ul class=\"easytabs-tabs\" role=\"tablist\">\n<li class=\"easytabs-tab-item easytabs-active\" tabindex=\"0\" role=\"tab\" data-et-marker=\"tabs-fertibol-pigeon-2\" data-et-handle=\"tabs-usage\" aria-labelledby=\"easytabs-tab-label-6012700852384-0\" aria-selected=\"true\">\n<\/li>\n<\/ul>\n<\/div>\n<\/div>\n","protected":false},"featured_media":23283,"comment_status":"open","ping_status":"closed","template":"","meta":[],"product_brand":[186],"product_cat":[217,246,252,254],"product_tag":[],"class_list":{"0":"post-27637","1":"product","2":"type-product","3":"status-publish","4":"has-post-thumbnail","6":"product_brand-comed-nv","7":"product_cat-nahrungserganzungsmittel","8":"product_cat-nahrungserganzungsmittel-2","9":"product_cat-tauben","10":"product_cat-vogel","11":"product_shipping_class-postpac-economy-2kg","14":"first","15":"instock","16":"shipping-taxable","17":"purchasable","18":"product-type-variable","19":"has-default-attributes"},"jetpack_sharing_enabled":true,"_links":{"self":[{"href":"https:\/\/avesaguiar.ch\/de\/wp-json\/wp\/v2\/product\/27637","targetHints":{"allow":["GET"]}}],"collection":[{"href":"https:\/\/avesaguiar.ch\/de\/wp-json\/wp\/v2\/product"}],"about":[{"href":"https:\/\/avesaguiar.ch\/de\/wp-json\/wp\/v2\/types\/product"}],"replies":[{"embeddable":true,"href":"https:\/\/avesaguiar.ch\/de\/wp-json\/wp\/v2\/comments?post=27637"}],"wp:featuredmedia":[{"embeddable":true,"href":"https:\/\/avesaguiar.ch\/de\/wp-json\/wp\/v2\/media\/23283"}],"wp:attachment":[{"href":"https:\/\/avesaguiar.ch\/de\/wp-json\/wp\/v2\/media?parent=27637"}],"wp:term":[{"taxonomy":"product_brand","embeddable":true,"href":"https:\/\/avesaguiar.ch\/de\/wp-json\/wp\/v2\/product_brand?post=27637"},{"taxonomy":"product_cat","embeddable":true,"href":"https:\/\/avesaguiar.ch\/de\/wp-json\/wp\/v2\/product_cat?post=27637"},{"taxonomy":"product_tag","embeddable":true,"href":"https:\/\/avesaguiar.ch\/de\/wp-json\/wp\/v2\/product_tag?post=27637"}],"curies":[{"name":"wp","href":"https:\/\/api.w.org\/{rel}","templated":true}]}}