{"id":27651,"date":"2025-01-06T16:54:10","date_gmt":"2025-01-06T16:54:10","guid":{"rendered":"https:\/\/avesaguiar.ch\/produit\/roni-darmflora-schutz\/"},"modified":"2025-01-06T16:54:10","modified_gmt":"2025-01-06T16:54:10","slug":"roni-darmflora-schutz","status":"publish","type":"product","link":"https:\/\/avesaguiar.ch\/de\/produit\/roni-darmflora-schutz\/","title":{"rendered":"Roni Darmflora-Schutz"},"content":{"rendered":"<h1 class=\"product-details-product-title\">Roni Taube\/V\u00f6gel<\/h1>\n<div class=\"product-description product-details--form-wrapper---below rte\">\n<div class=\"easytabs-text\">\n<p><strong>Sch\u00fctzen und st\u00e4rken Sie die Gesundheit Ihrer Tauben und V\u00f6gel.<\/strong><\/p>\n<p>Unsere einzigartige Formel erzeugt eine sch\u00fctzende Schleimschicht aus speziellen Kohlenhydraten in Mund, Rachen und Verdauungstrakt, wodurch die Taube widerstandsf\u00e4higer gegen Infektionen wird. Dar\u00fcber hinaus unterst\u00fctzt sie eine gesunde Darmflora und eine optimale Verdauung. <\/p>\n<p>Die Zusammensetzung n\u00e4hrt die n\u00fctzliche Darmflora und benachteiligt (hungert) gleichzeitig st\u00f6rende Keime.<\/p>\n<p>Es ist ein aktiver Darmkonditionierer und eine ideale Erg\u00e4nzung zu <a href=\"https:\/\/comed.be\/fr\/products\/cometose?_pos=1&amp;_sid=f2f63b9ff&amp;_ss=r\">Cometose<\/a>.<\/p>\n<p>Vorteile<\/p>\n<ul>\n<li>Saurer Darm &#8211; Gesunder Darm<\/li>\n<li>Schutz der Schleimh\u00e4ute<\/li>\n<li>Stimulierung einer gesunden Darmflora<\/li>\n<li>Verbesserung der Verdauung<\/li>\n<li>Verhindert Probleme<\/li>\n<li>Spielt eine Rolle bei der Abwehr von Krankheiten<\/li>\n<li>Verbessert das allgemeine Wohlbefinden<\/li>\n<\/ul>\n<\/div>\n<div id=\"6012700000416\" class=\"easytabs-container tab-widget-6012700000416 easytabs-inited\" data-et-min-width=\"0\" data-et-auto-accordion=\"0\" data-et-cbw=\"1\" data-et-cbr=\"3\" data-et-sta=\"1\" data-et-amp=\"0\" data-et-flx=\"0\" data-et-wt=\"0\" data-et-ao=\"1\" data-et-tabs-width=\"178\">\n<div class=\"easytabs-holder easytabs-accordion\">\n<ul class=\"easytabs-tabs\" role=\"tablist\">\n<li class=\"easytabs-tab-item easytabs-active\" tabindex=\"0\" role=\"tab\" data-et-marker=\"tabs-roni-pigeon-2\" data-et-handle=\"tabs-usage\" aria-labelledby=\"easytabs-tab-label-6012700000416-0\" aria-selected=\"true\">\n \t<\/li>\n<li class=\"easytabs-tab-item\" tabindex=\"-1\" role=\"tab\" data-et-marker=\"tabs-roni-pigeon-3\" data-et-handle=\"tabs-formule\" aria-labelledby=\"easytabs-tab-label-6012700000416-1\" aria-selected=\"false\">\n<\/li>\n<\/ul>\n<div class=\"easytabs-contents\" role=\"tablist\">\n<div class=\"easytabs-content-item easytabs-active\" data-et-marker=\"tabs-roni-pigeon-2\" data-et-handle=\"tabs-usage\">\n<div class=\"easytabs-accordion-item\" tabindex=\"0\" role=\"tab\" aria-labelledby=\"easytabs-slide-label-6012700000416-0\" aria-selected=\"true\"><span id=\"easytabs-slide-label-6012700000416-0\" class=\"easytabs-header-text ui-tabs-anchor js-no-transition\">Nutzung<\/span><\/div>\n<div class=\"easytabs-content-holder\" role=\"tabpanel\" aria-labelledby=\"easytabs-slide-label-6012700000416-0\" aria-expanded=\"true\" aria-hidden=\"false\">\n<p>10 g (1 Essl\u00f6ffel) pro 2 l Trinkwasser oder pro kg Tierfutter.<\/p>\n<p>(Die L\u00f6sung ist leicht tr\u00fcb).<\/p>\n<p>T\u00e4glich spenden<\/p>\n<\/div>\n<\/div>\n<\/div>\n<\/div>\n<\/div>\n<\/div>\n","protected":false},"excerpt":{"rendered":"<p>Die Zusammensetzung n\u00e4hrt die n\u00fctzliche Darmflora und benachteiligt (hungert) gleichzeitig die st\u00f6renden Keime.<\/p>\n<p>Es ist ein aktiver Darmkonditionierer und eine ideale Erg\u00e4nzung zu <a href=\"https:\/\/comed.be\/fr\/products\/cometose?_pos=1&amp;_sid=f2f63b9ff&amp;_ss=r\">Cometose<\/a>.<\/p>\n","protected":false},"featured_media":23229,"comment_status":"open","ping_status":"closed","template":"","meta":[],"product_brand":[186],"product_cat":[217,246,252,254],"product_tag":[],"class_list":{"0":"post-27651","1":"product","2":"type-product","3":"status-publish","4":"has-post-thumbnail","6":"product_brand-comed-nv","7":"product_cat-nahrungserganzungsmittel","8":"product_cat-nahrungserganzungsmittel-2","9":"product_cat-tauben","10":"product_cat-vogel","11":"product_shipping_class-postpac-economy-900g","14":"first","15":"instock","16":"sale","17":"shipping-taxable","18":"purchasable","19":"product-type-variable","20":"has-default-attributes"},"jetpack_sharing_enabled":true,"_links":{"self":[{"href":"https:\/\/avesaguiar.ch\/de\/wp-json\/wp\/v2\/product\/27651","targetHints":{"allow":["GET"]}}],"collection":[{"href":"https:\/\/avesaguiar.ch\/de\/wp-json\/wp\/v2\/product"}],"about":[{"href":"https:\/\/avesaguiar.ch\/de\/wp-json\/wp\/v2\/types\/product"}],"replies":[{"embeddable":true,"href":"https:\/\/avesaguiar.ch\/de\/wp-json\/wp\/v2\/comments?post=27651"}],"wp:featuredmedia":[{"embeddable":true,"href":"https:\/\/avesaguiar.ch\/de\/wp-json\/wp\/v2\/media\/23229"}],"wp:attachment":[{"href":"https:\/\/avesaguiar.ch\/de\/wp-json\/wp\/v2\/media?parent=27651"}],"wp:term":[{"taxonomy":"product_brand","embeddable":true,"href":"https:\/\/avesaguiar.ch\/de\/wp-json\/wp\/v2\/product_brand?post=27651"},{"taxonomy":"product_cat","embeddable":true,"href":"https:\/\/avesaguiar.ch\/de\/wp-json\/wp\/v2\/product_cat?post=27651"},{"taxonomy":"product_tag","embeddable":true,"href":"https:\/\/avesaguiar.ch\/de\/wp-json\/wp\/v2\/product_tag?post=27651"}],"curies":[{"name":"wp","href":"https:\/\/api.w.org\/{rel}","templated":true}]}}