{"id":27684,"date":"2024-12-29T14:08:13","date_gmt":"2024-12-29T14:08:13","guid":{"rendered":"https:\/\/avesaguiar.ch\/produit\/calcio\/"},"modified":"2024-12-29T14:08:13","modified_gmt":"2024-12-29T14:08:13","slug":"calcio","status":"publish","type":"product","link":"https:\/\/avesaguiar.ch\/de\/produit\/calcio\/","title":{"rendered":"Calcio+"},"content":{"rendered":"<h1>Calcio+<\/h1>\n<div class=\"product__content\">\n<p>CALCIO+ ist ein erstklassiges Erg\u00e4nzungsfuttermittel, das in enger Zusammenarbeit mit f\u00fchrenden Tier\u00e4rzten, Ern\u00e4hrungswissenschaftlern, Wissenschaftlern und Z\u00fcchtern entwickelt wurde.<\/p>\n<p>Dieses Erg\u00e4nzungsfuttermittel enth\u00e4lt 10% Kalzium in einer Form, die f\u00fcr die Aufnahme im Magen-Darm-Trakt von V\u00f6geln optimal ist. Die Aufnahme von Kalzium aus dem Futter h\u00e4ngt von der Form ab, in der das Kalzium dem Futter beigemischt wird. <\/p>\n<p>Das hochwertige Kalzium in Form von Kalziumlaktat, Kalziumgluconat und Kalziumcitrat in Calcio+ ist leicht zu absorbieren. Wenn Kalzium nicht in ausreichender Menge \u00fcber die Nahrung zugef\u00fchrt wird, wird der K\u00f6rper das ben\u00f6tigte Kalzium aus den Knochen beziehen. Ein solcher Transfer schw\u00e4cht die Knochen, die dann leichter brechen k\u00f6nnen. Der Zusatz von Vitamin D3 f\u00f6rdert die Aufnahme von Kalzium aus dem Magen-Darm-Trakt und seine Einlagerung in das Skelett und die Eierschalen.<\/p>\n<p>Vitamin D3 wird teilweise mit der Nahrung aufgenommen und teilweise in der Haut unter dem Einfluss der UV-Strahlen der Sonne synthetisiert. Daher ist es wichtig, dieses Vitamin bei V\u00f6geln, die in geschlossenen R\u00e4umen und ohne direkten Kontakt mit Sonnenlicht gehalten werden, zus\u00e4tzlich zu verabreichen. Die einzigartige Zusammensetzung f\u00f6rdert die Bildung der Eierschalen und des Skeletts und stimuliert die Funktion des Nervensystems.  <\/p>\n<\/div>\n","protected":false},"excerpt":{"rendered":"<p>Calcio+ CALCIO+ ist ein erstklassiges Erg\u00e4nzungsfuttermittel, das in enger Zusammenarbeit mit f\u00fchrenden Tier\u00e4rzten, Ern\u00e4hrungswissenschaftlern, Wissenschaftlern und Z\u00fcchtern entwickelt wurde. Dieses Erg\u00e4nzungsfuttermittel enth\u00e4lt 10% Kalzium in einer Form, die f\u00fcr die Aufnahme im Magen-Darm-Trakt von V\u00f6geln optimal ist. Die Aufnahme von Kalzium aus dem Futter h\u00e4ngt von der Form ab, in der das Kalzium dem Futter [&hellip;]<\/p>\n","protected":false},"featured_media":22929,"comment_status":"open","ping_status":"closed","template":"","meta":[],"product_brand":[182],"product_cat":[245,217,254],"product_tag":[],"class_list":{"0":"post-27684","1":"product","2":"type-product","3":"status-publish","4":"has-post-thumbnail","6":"product_brand-beyers","7":"product_cat-lebensmittel-2","8":"product_cat-nahrungserganzungsmittel","9":"product_cat-vogel","12":"first","13":"instock","14":"shipping-taxable","15":"purchasable","16":"product-type-simple"},"jetpack_sharing_enabled":true,"_links":{"self":[{"href":"https:\/\/avesaguiar.ch\/de\/wp-json\/wp\/v2\/product\/27684","targetHints":{"allow":["GET"]}}],"collection":[{"href":"https:\/\/avesaguiar.ch\/de\/wp-json\/wp\/v2\/product"}],"about":[{"href":"https:\/\/avesaguiar.ch\/de\/wp-json\/wp\/v2\/types\/product"}],"replies":[{"embeddable":true,"href":"https:\/\/avesaguiar.ch\/de\/wp-json\/wp\/v2\/comments?post=27684"}],"wp:featuredmedia":[{"embeddable":true,"href":"https:\/\/avesaguiar.ch\/de\/wp-json\/wp\/v2\/media\/22929"}],"wp:attachment":[{"href":"https:\/\/avesaguiar.ch\/de\/wp-json\/wp\/v2\/media?parent=27684"}],"wp:term":[{"taxonomy":"product_brand","embeddable":true,"href":"https:\/\/avesaguiar.ch\/de\/wp-json\/wp\/v2\/product_brand?post=27684"},{"taxonomy":"product_cat","embeddable":true,"href":"https:\/\/avesaguiar.ch\/de\/wp-json\/wp\/v2\/product_cat?post=27684"},{"taxonomy":"product_tag","embeddable":true,"href":"https:\/\/avesaguiar.ch\/de\/wp-json\/wp\/v2\/product_tag?post=27684"}],"curies":[{"name":"wp","href":"https:\/\/api.w.org\/{rel}","templated":true}]}}