{"id":27703,"date":"2025-01-09T12:12:14","date_gmt":"2025-01-09T12:12:14","guid":{"rendered":"https:\/\/avesaguiar.ch\/produit\/erwachsenes-sterilisiertes-huhn\/"},"modified":"2025-01-09T12:12:14","modified_gmt":"2025-01-09T12:12:14","slug":"erwachsenes-sterilisiertes-huhn","status":"publish","type":"product","link":"https:\/\/avesaguiar.ch\/de\/produit\/erwachsenes-sterilisiertes-huhn\/","title":{"rendered":"ERWACHSENES STERILISIERTES HUHN"},"content":{"rendered":"<div class=\"product__headings\">\n<p>ERWACHSENES STERILISIERTES HUHN<\/p>\n<\/div>\n<div class=\"product__description\">\n<p>Sterilisierte Katzen ben\u00f6tigen aufgrund ihres ver\u00e4nderten Stoffwechsels eine weniger energiereiche Nahrung. Psyllium und R\u00fcbenschnitzel sorgen f\u00fcr ein besseres S\u00e4ttigungsgef\u00fchl und tragen auch dazu bei, die Bildung von Haarballen zu reduzieren. L-Carnitin wird hinzugef\u00fcgt, um die Fettverbrennung anzuregen. Die einzigartige Mischung aus getrockneten Kr\u00e4utern, die von Natur aus reich an Antioxidantien sind, tr\u00e4gt zu einer guten Immunit\u00e4t bei. Klinische Studien zeigen, dass die Bildung von Plaque und Zahnstein durch phosphoryliertes Vitamin C eingeschr\u00e4nkt wird. Die Menge an Mineralien ist so angepasst, dass sie zu einer guten Gesundheit der Harnwege beitr\u00e4gt. Fisch\u00f6l f\u00f6rdert eine gesunde Haut und ein gesundes Fell. Schlie\u00dflich wurden auch Elemente zur Unterst\u00fctzung der Gelenke hinzugef\u00fcgt. Ohne Mais und Weizen.        <\/p>\n<h1>Erh\u00e4ltlich 2kg<\/h1>\n<\/div>\n","protected":false},"excerpt":{"rendered":"<p>(Katzen mit \u00dcbergewicht und Harnwegsproblemen)<\/p>\n<p>Verf\u00fcgbar 2kg<\/p>\n","protected":false},"featured_media":23678,"comment_status":"open","ping_status":"closed","template":"","meta":[],"product_brand":[182],"product_cat":[276,347],"product_tag":[],"class_list":{"0":"post-27703","1":"product","2":"type-product","3":"status-publish","4":"has-post-thumbnail","6":"product_brand-beyers","7":"product_cat-katzen","8":"product_cat-lebensmittel-4","11":"first","12":"instock","13":"shipping-taxable","14":"purchasable","15":"product-type-simple"},"jetpack_sharing_enabled":true,"_links":{"self":[{"href":"https:\/\/avesaguiar.ch\/de\/wp-json\/wp\/v2\/product\/27703","targetHints":{"allow":["GET"]}}],"collection":[{"href":"https:\/\/avesaguiar.ch\/de\/wp-json\/wp\/v2\/product"}],"about":[{"href":"https:\/\/avesaguiar.ch\/de\/wp-json\/wp\/v2\/types\/product"}],"replies":[{"embeddable":true,"href":"https:\/\/avesaguiar.ch\/de\/wp-json\/wp\/v2\/comments?post=27703"}],"wp:featuredmedia":[{"embeddable":true,"href":"https:\/\/avesaguiar.ch\/de\/wp-json\/wp\/v2\/media\/23678"}],"wp:attachment":[{"href":"https:\/\/avesaguiar.ch\/de\/wp-json\/wp\/v2\/media?parent=27703"}],"wp:term":[{"taxonomy":"product_brand","embeddable":true,"href":"https:\/\/avesaguiar.ch\/de\/wp-json\/wp\/v2\/product_brand?post=27703"},{"taxonomy":"product_cat","embeddable":true,"href":"https:\/\/avesaguiar.ch\/de\/wp-json\/wp\/v2\/product_cat?post=27703"},{"taxonomy":"product_tag","embeddable":true,"href":"https:\/\/avesaguiar.ch\/de\/wp-json\/wp\/v2\/product_tag?post=27703"}],"curies":[{"name":"wp","href":"https:\/\/api.w.org\/{rel}","templated":true}]}}