{"id":27722,"date":"2025-01-12T13:16:20","date_gmt":"2025-01-12T13:16:20","guid":{"rendered":"https:\/\/avesaguiar.ch\/produit\/patee-th-exotic-4kg-raggio-di-sole\/"},"modified":"2025-01-12T13:16:20","modified_gmt":"2025-01-12T13:16:20","slug":"patee-th-exotic-4kg-raggio-di-sole","status":"publish","type":"product","link":"https:\/\/avesaguiar.ch\/de\/produit\/patee-th-exotic-4kg-raggio-di-sole\/","title":{"rendered":"Pat\u00e9e TH Exotic 4kg &#8211; Raggio Di Sole"},"content":{"rendered":"<p><strong>Pastete TH Exotic,4 Kg<\/strong><\/p>\n<p>Auf Anfrage Sonderpreis f\u00fcr Unternehmen, in gr\u00f6\u00dferen Mengen.<\/p>\n<p>Alleinfuttermittel f\u00fcr die Haltung und Aufzucht von exotischen afrikanischen, australischen und amerikanischen V\u00f6geln (usw.).<\/p>\n<p>Pastete auf der Basis von Biskuit mit Ei, Obst, Insekten und Schalentieren, die reich an Proteinen mit hohem biologischen Wert sind.<\/p>\n<p>Wir empfehlen die Verwendung von Wasser, Pflanzensaft, gekochten Samen (Cucina) oder gekeimten Samen (Germoglio), beginnend einen Monat vor dem Paarungstermin, sowie w\u00e4hrend der gesamten Zuchtsaison. Es eignet sich hervorragend f\u00fcr junge Tiere w\u00e4hrend der Entw\u00f6hnung. <\/p>\n<p><b>Wichtige Hinweise und Exklusivit\u00e4t Raggio di Sole :  <\/b><\/p>\n<p>Der 4-kg-Eimer enth\u00e4lt einen Beutel mit 50 g Fly Premix Pat\u00e9. Die 12 kg Packung enth\u00e4lt drei Packungen mit insgesamt 150 g. <\/p>\n<p>Dieses Pulver enth\u00e4lt hochwertige Nahrungserg\u00e4nzungsmittel, die sehr reich an N\u00e4hrstoffen wie Vitaminen, Mineralsalzen und essentiellen Aminos\u00e4uren sind.<\/p>\n<p>Dadurch wird sichergestellt, dass Ihr Futter auch nach dem \u00d6ffnen auf dem neuesten Stand bleibt, da jedes Nahrungsmittel, das mit Sauerstoff oder Licht in Ber\u00fchrung kommt, schnell und auf nat\u00fcrliche Weise verderben und oxidieren kann. Verwendung des Beutels: Fly Premix 1%ige Paste vor Gebrauch gut umr\u00fchren (entspricht 10 &#8211; 12 g\/kg). <\/p>\n<p>Chemische Analyse: Protein 16,20%, Fett 6,10%, Ballaststoffe 3,9%, Asche 4,1%.<\/p>\n","protected":false},"excerpt":{"rendered":"<p>Pastete TH Exotic,4 Kg Auf Anfrage Sonderpreis f\u00fcr Unternehmen, in gr\u00f6\u00dferen Mengen. Alleinfuttermittel f\u00fcr die Haltung und Aufzucht von exotischen afrikanischen, australischen und amerikanischen V\u00f6geln (usw.). Pastete auf der Basis von Biskuit mit Ei, Obst, Insekten und Schalentieren, die reich an Proteinen mit hohem biologischen Wert sind. Wir empfehlen die Verwendung von Wasser, Pflanzensaft, gekochten [&hellip;]<\/p>\n","protected":false},"featured_media":23990,"comment_status":"open","ping_status":"closed","template":"","meta":[],"product_brand":[60],"product_cat":[245,254],"product_tag":[],"class_list":{"0":"post-27722","1":"product","2":"type-product","3":"status-publish","4":"has-post-thumbnail","6":"product_brand-raggio-di-sole","7":"product_cat-lebensmittel-2","8":"product_cat-vogel","11":"first","12":"instock","13":"shipping-taxable","14":"purchasable","15":"product-type-simple"},"jetpack_sharing_enabled":true,"_links":{"self":[{"href":"https:\/\/avesaguiar.ch\/de\/wp-json\/wp\/v2\/product\/27722","targetHints":{"allow":["GET"]}}],"collection":[{"href":"https:\/\/avesaguiar.ch\/de\/wp-json\/wp\/v2\/product"}],"about":[{"href":"https:\/\/avesaguiar.ch\/de\/wp-json\/wp\/v2\/types\/product"}],"replies":[{"embeddable":true,"href":"https:\/\/avesaguiar.ch\/de\/wp-json\/wp\/v2\/comments?post=27722"}],"wp:featuredmedia":[{"embeddable":true,"href":"https:\/\/avesaguiar.ch\/de\/wp-json\/wp\/v2\/media\/23990"}],"wp:attachment":[{"href":"https:\/\/avesaguiar.ch\/de\/wp-json\/wp\/v2\/media?parent=27722"}],"wp:term":[{"taxonomy":"product_brand","embeddable":true,"href":"https:\/\/avesaguiar.ch\/de\/wp-json\/wp\/v2\/product_brand?post=27722"},{"taxonomy":"product_cat","embeddable":true,"href":"https:\/\/avesaguiar.ch\/de\/wp-json\/wp\/v2\/product_cat?post=27722"},{"taxonomy":"product_tag","embeddable":true,"href":"https:\/\/avesaguiar.ch\/de\/wp-json\/wp\/v2\/product_tag?post=27722"}],"curies":[{"name":"wp","href":"https:\/\/api.w.org\/{rel}","templated":true}]}}