{"id":27746,"date":"2025-02-16T20:16:55","date_gmt":"2025-02-16T20:16:55","guid":{"rendered":"https:\/\/avesaguiar.ch\/produit\/nr-41-exotische-voegel-zucht-20kg-deli-nature\/"},"modified":"2025-02-16T20:16:55","modified_gmt":"2025-02-16T20:16:55","slug":"nr-41-exotische-voegel-zucht-20kg-deli-nature","status":"publish","type":"product","link":"https:\/\/avesaguiar.ch\/de\/produit\/nr-41-exotische-voegel-zucht-20kg-deli-nature\/","title":{"rendered":"Nr. 41 Exotische V\u00f6gel Zucht 20kg &#8211; Deli Nature"},"content":{"rendered":"<p>Nr. 41 Exotische V\u00f6gel Zucht 20kg<\/p>\n<p><span style=\"color: #000000;\"><span style=\"font-family: Roboto, sans-serif;\"><span style=\"font-size: medium;\">Ist eine <strong><b>eine sehr abwechslungsreiche Mischung<\/b><\/strong> f\u00fcr exotische V\u00f6gel.<\/span><\/span><\/span><\/p>\n<p><span style=\"color: #000000;\"><span style=\"font-family: Roboto, sans-serif;\"><span style=\"font-size: medium;\">  Aufgrund der gro\u00dfen Vielfalt an <strong><b>gro\u00dfen Vielfalt an Samen<\/b><\/strong>Diese ideale Mischung ist auch f\u00fcr kleinere Arten geeignet.<\/span><\/span><\/span><\/p>\n<p><span style=\"color: #000000;\"><span style=\"font-family: Roboto, sans-serif;\"><span style=\"font-size: medium;\">Panis gelb 40%.<\/span><\/span><\/span><\/p>\n<p><span style=\"color: #000000;\"><span style=\"font-family: Roboto, sans-serif;\"><span style=\"font-size: medium;\">Gelbe Hirse 33%.<\/span><\/span><\/span><\/p>\n<p><span style=\"color: #000000;\"><span style=\"font-family: Roboto, sans-serif;\"><span style=\"font-size: medium;\">Bergsteiger 10%<\/span><\/span><\/span><\/p>\n<p><span style=\"color: #000000;\"><span style=\"font-family: Roboto, sans-serif;\"><span style=\"font-size: medium;\">Rote Hirse 5%.<\/span><\/span><\/span><\/p>\n<p><span style=\"color: #000000;\"><span style=\"font-family: Roboto, sans-serif;\"><span style=\"font-size: medium;\">Wei\u00dfe Hirse 5%.<\/span><\/span><\/span><\/p>\n<p><span style=\"color: #000000;\"><span style=\"font-family: Roboto, sans-serif;\"><span style=\"font-size: medium;\">Panis rot 5%.<\/span><\/span><\/span><\/p>\n<p><span style=\"color: #000000;\"><span style=\"font-family: Roboto, sans-serif;\"><span style=\"font-size: medium;\">Niger 1%.<\/span><\/span><\/span><\/p>\n<p><span style=\"color: #000000;\"><span style=\"font-family: Roboto, sans-serif;\"><span style=\"font-size: medium;\">Leinsamen 1%.<\/span><\/span><\/span><\/p>\n<p>&nbsp;<\/p>\n","protected":false},"excerpt":{"rendered":"<p>Nr. 41 Exotische V\u00f6gel Zucht 20kg Ist eine eine sehr abwechslungsreiche Mischung f\u00fcr exotische V\u00f6gel. Aufgrund der gro\u00dfen Vielfalt an gro\u00dfen Vielfalt an SamenDiese ideale Mischung ist auch f\u00fcr kleinere Arten geeignet. Panis gelb 40%. Gelbe Hirse 33%. Bergsteiger 10% Rote Hirse 5%. Wei\u00dfe Hirse 5%. Panis rot 5%. Niger 1%. Leinsamen 1%. &nbsp;<\/p>\n","protected":false},"featured_media":24245,"comment_status":"open","ping_status":"closed","template":"","meta":[],"product_brand":[184],"product_cat":[245,254],"product_tag":[],"class_list":{"0":"post-27746","1":"product","2":"type-product","3":"status-publish","4":"has-post-thumbnail","6":"product_brand-deli-nature","7":"product_cat-lebensmittel-2","8":"product_cat-vogel","11":"first","12":"instock","13":"shipping-taxable","14":"purchasable","15":"product-type-simple"},"jetpack_sharing_enabled":true,"_links":{"self":[{"href":"https:\/\/avesaguiar.ch\/de\/wp-json\/wp\/v2\/product\/27746","targetHints":{"allow":["GET"]}}],"collection":[{"href":"https:\/\/avesaguiar.ch\/de\/wp-json\/wp\/v2\/product"}],"about":[{"href":"https:\/\/avesaguiar.ch\/de\/wp-json\/wp\/v2\/types\/product"}],"replies":[{"embeddable":true,"href":"https:\/\/avesaguiar.ch\/de\/wp-json\/wp\/v2\/comments?post=27746"}],"wp:featuredmedia":[{"embeddable":true,"href":"https:\/\/avesaguiar.ch\/de\/wp-json\/wp\/v2\/media\/24245"}],"wp:attachment":[{"href":"https:\/\/avesaguiar.ch\/de\/wp-json\/wp\/v2\/media?parent=27746"}],"wp:term":[{"taxonomy":"product_brand","embeddable":true,"href":"https:\/\/avesaguiar.ch\/de\/wp-json\/wp\/v2\/product_brand?post=27746"},{"taxonomy":"product_cat","embeddable":true,"href":"https:\/\/avesaguiar.ch\/de\/wp-json\/wp\/v2\/product_cat?post=27746"},{"taxonomy":"product_tag","embeddable":true,"href":"https:\/\/avesaguiar.ch\/de\/wp-json\/wp\/v2\/product_tag?post=27746"}],"curies":[{"name":"wp","href":"https:\/\/api.w.org\/{rel}","templated":true}]}}