{"id":27780,"date":"2025-02-17T22:09:53","date_gmt":"2025-02-17T22:09:53","guid":{"rendered":"https:\/\/avesaguiar.ch\/produit\/nr-47-distelfinken-light-15kg-deli-nature\/"},"modified":"2025-02-17T22:09:53","modified_gmt":"2025-02-17T22:09:53","slug":"nr-47-distelfinken-light-15kg-deli-nature","status":"publish","type":"product","link":"https:\/\/avesaguiar.ch\/de\/produit\/nr-47-distelfinken-light-15kg-deli-nature\/","title":{"rendered":"Nr. 47 Distelfinken Light 15kg &#8211; Deli Nature"},"content":{"rendered":"<p class=\"h1\">Nr. 47 Distelfink Light<\/p>\n<div class=\"product__content\">\n<ul>\n<li>Ist eine &#8220;leichte&#8221; Mischung f\u00fcr kleine und gro\u00dfe Stieglitze.<\/li>\n<li>Die Vielfalt an speziellen Samen und der hohe Gehalt an wei\u00dfem Perilla machen diese Mischung einzigartig in ihrem Bereich.<\/li>\n<li>Erh\u00e4ltlich in 15 kg.<\/li>\n<\/ul>\n<\/div>\n<div class=\"product__composition\">\n<div class=\"product__composition-summary\" tabindex=\"0\" role=\"button\" data-groupid=\"composition\" data-target=\"[san-id='open-composition']\" data-state=\"open\" data-classlist=\"open\" aria-expanded=\"false\">Zusammensetzung<\/div>\n<div class=\"product__composition-details open\">Wei\u00dfer Perilla, Alpist, Hanf, Chicor\u00e9e, Krokus, Sesam, Niger, Leinsamen, Klee, Chia, Mariendistel, Sonnenblumen MICRO<\/div>\n<\/div>\n","protected":false},"excerpt":{"rendered":"<p>Nr. 47 Distelfink Light Ist eine &#8220;leichte&#8221; Mischung f\u00fcr kleine und gro\u00dfe Stieglitze. Die Vielfalt an speziellen Samen und der hohe Gehalt an wei\u00dfem Perilla machen diese Mischung einzigartig in ihrem Bereich. Erh\u00e4ltlich in 15 kg. Zusammensetzung Wei\u00dfer Perilla, Alpist, Hanf, Chicor\u00e9e, Krokus, Sesam, Niger, Leinsamen, Klee, Chia, Mariendistel, Sonnenblumen MICRO<\/p>\n","protected":false},"featured_media":24267,"comment_status":"open","ping_status":"closed","template":"","meta":[],"product_brand":[184],"product_cat":[245,254],"product_tag":[],"class_list":{"0":"post-27780","1":"product","2":"type-product","3":"status-publish","4":"has-post-thumbnail","6":"product_brand-deli-nature","7":"product_cat-lebensmittel-2","8":"product_cat-vogel","11":"first","12":"instock","13":"shipping-taxable","14":"purchasable","15":"product-type-variable"},"jetpack_sharing_enabled":true,"_links":{"self":[{"href":"https:\/\/avesaguiar.ch\/de\/wp-json\/wp\/v2\/product\/27780","targetHints":{"allow":["GET"]}}],"collection":[{"href":"https:\/\/avesaguiar.ch\/de\/wp-json\/wp\/v2\/product"}],"about":[{"href":"https:\/\/avesaguiar.ch\/de\/wp-json\/wp\/v2\/types\/product"}],"replies":[{"embeddable":true,"href":"https:\/\/avesaguiar.ch\/de\/wp-json\/wp\/v2\/comments?post=27780"}],"wp:featuredmedia":[{"embeddable":true,"href":"https:\/\/avesaguiar.ch\/de\/wp-json\/wp\/v2\/media\/24267"}],"wp:attachment":[{"href":"https:\/\/avesaguiar.ch\/de\/wp-json\/wp\/v2\/media?parent=27780"}],"wp:term":[{"taxonomy":"product_brand","embeddable":true,"href":"https:\/\/avesaguiar.ch\/de\/wp-json\/wp\/v2\/product_brand?post=27780"},{"taxonomy":"product_cat","embeddable":true,"href":"https:\/\/avesaguiar.ch\/de\/wp-json\/wp\/v2\/product_cat?post=27780"},{"taxonomy":"product_tag","embeddable":true,"href":"https:\/\/avesaguiar.ch\/de\/wp-json\/wp\/v2\/product_tag?post=27780"}],"curies":[{"name":"wp","href":"https:\/\/api.w.org\/{rel}","templated":true}]}}