{"id":27828,"date":"2025-01-09T10:35:04","date_gmt":"2025-01-09T10:35:04","guid":{"rendered":"https:\/\/avesaguiar.ch\/produit\/nistkasten-mit-kunststoffnest\/"},"modified":"2025-01-09T10:35:04","modified_gmt":"2025-01-09T10:35:04","slug":"nistkasten-mit-kunststoffnest","status":"publish","type":"product","link":"https:\/\/avesaguiar.ch\/de\/produit\/nistkasten-mit-kunststoffnest\/","title":{"rendered":"Nistkasten mit Kunststoffnest"},"content":{"rendered":"<p>Nistkasten vollst\u00e4ndig aus Kunststoff, mit einem Beh\u00e4lter auf der Oberseite des Nestes, in den die Eier gelegt werden k\u00f6nnen.<\/p>\n<p>Platz f\u00fcr ein Zuchtblatt auf der aufklappbaren T\u00fcr.<\/p>\n<p>Durchmesser des Nestes: 10cm 9cm<\/p>\n","protected":false},"excerpt":{"rendered":"<h1 class=\"h1\">Nistkasten mit Kunststoffnest Modell Archimedes &#8211; S.T.A. Soluzioni<\/h1>\n","protected":false},"featured_media":23589,"comment_status":"open","ping_status":"closed","template":"","meta":[],"product_brand":[61],"product_cat":[301,254],"product_tag":[],"class_list":{"0":"post-27828","1":"product","2":"type-product","3":"status-publish","4":"has-post-thumbnail","6":"product_brand-2gr","7":"product_cat-nester-und-materialien","8":"product_cat-vogel","11":"first","12":"instock","13":"shipping-taxable","14":"purchasable","15":"product-type-variable"},"jetpack_sharing_enabled":true,"_links":{"self":[{"href":"https:\/\/avesaguiar.ch\/de\/wp-json\/wp\/v2\/product\/27828","targetHints":{"allow":["GET"]}}],"collection":[{"href":"https:\/\/avesaguiar.ch\/de\/wp-json\/wp\/v2\/product"}],"about":[{"href":"https:\/\/avesaguiar.ch\/de\/wp-json\/wp\/v2\/types\/product"}],"replies":[{"embeddable":true,"href":"https:\/\/avesaguiar.ch\/de\/wp-json\/wp\/v2\/comments?post=27828"}],"wp:featuredmedia":[{"embeddable":true,"href":"https:\/\/avesaguiar.ch\/de\/wp-json\/wp\/v2\/media\/23589"}],"wp:attachment":[{"href":"https:\/\/avesaguiar.ch\/de\/wp-json\/wp\/v2\/media?parent=27828"}],"wp:term":[{"taxonomy":"product_brand","embeddable":true,"href":"https:\/\/avesaguiar.ch\/de\/wp-json\/wp\/v2\/product_brand?post=27828"},{"taxonomy":"product_cat","embeddable":true,"href":"https:\/\/avesaguiar.ch\/de\/wp-json\/wp\/v2\/product_cat?post=27828"},{"taxonomy":"product_tag","embeddable":true,"href":"https:\/\/avesaguiar.ch\/de\/wp-json\/wp\/v2\/product_tag?post=27828"}],"curies":[{"name":"wp","href":"https:\/\/api.w.org\/{rel}","templated":true}]}}