{"id":27902,"date":"2025-01-06T18:55:28","date_gmt":"2025-01-06T18:55:28","guid":{"rendered":"https:\/\/avesaguiar.ch\/produit\/lisocur\/"},"modified":"2025-01-06T18:55:28","modified_gmt":"2025-01-06T18:55:28","slug":"lisocur","status":"publish","type":"product","link":"https:\/\/avesaguiar.ch\/de\/produit\/lisocur\/","title":{"rendered":"Lisocur+"},"content":{"rendered":"<h1 class=\"product-details-product-title\">Lisocur+<\/h1>\n<div class=\"product-description product-details--form-wrapper---below rte\">\n<div class=\"easytabs-text\">\n<div>\n<p><b>St\u00e4rken Sie das Immunsystem Ihrer Tauben und V\u00f6gel mit unserer schnell wirkenden Gesundheitskur.<\/b><\/p>\n<p>Ein vollst\u00e4ndiges Produkt auf der Grundlage von Pflanzenextrakten, \u00e4therischen \u00d6len und allen wesentlichen Erg\u00e4nzungen zur Aufrechterhaltung des Immunsystems.<\/p>\n<p>Sorgt f\u00fcr freie Atemwege, unterst\u00fctzt das Atmungssystem, stimuliert die Darmfunktion, erh\u00f6ht die Darmflora und bringt die Tauben in eine gute Kondition zu Beginn der Flugsaison.<\/p>\n<p>Vorteile<\/p>\n<ul>\n<li>Freie Atemwege<\/li>\n<li>Verbesserung der Verdauung<\/li>\n<li>St\u00e4rkt die nat\u00fcrlichen Abwehrkr\u00e4fte<\/li>\n<li>St\u00e4rkt das Immunsystem<\/li>\n<li>Spielt eine Rolle bei der Krankheitsresistenz<\/li>\n<li>Stimuliert die Darmfunktion<\/li>\n<\/ul>\n<\/div>\n<\/div>\n<div id=\"6750356242592\" class=\"easytabs-container tab-widget-6750356242592 easytabs-inited\" data-et-min-width=\"0\" data-et-auto-accordion=\"0\" data-et-cbw=\"1\" data-et-cbr=\"3\" data-et-sta=\"1\" data-et-amp=\"0\" data-et-flx=\"0\" data-et-wt=\"0\" data-et-ao=\"1\" data-et-tabs-width=\"178\">\n<div class=\"easytabs-holder easytabs-accordion\">\n<ul class=\"easytabs-tabs\" role=\"tablist\">\n<li class=\"easytabs-tab-item easytabs-active\" tabindex=\"0\" role=\"tab\" data-et-marker=\"tabs-lisocur-pigeon-2\" data-et-handle=\"tabs-usage\" aria-labelledby=\"easytabs-tab-label-6750356242592-0\" aria-selected=\"true\">\n<\/li>\n<\/ul>\n<div class=\"easytabs-contents\" role=\"tablist\">\n<div class=\"easytabs-content-item easytabs-active\" data-et-marker=\"tabs-lisocur-pigeon-2\" data-et-handle=\"tabs-usage\">\n<div class=\"easytabs-accordion-item\" tabindex=\"0\" role=\"tab\" aria-labelledby=\"easytabs-slide-label-6750356242592-0\" aria-selected=\"true\"><strong><span id=\"easytabs-slide-label-6750356242592-0\" class=\"easytabs-header-text ui-tabs-anchor js-no-transition\">Nutzung<\/span><\/strong><\/div>\n<div class=\"easytabs-content-holder\" role=\"tabpanel\" aria-labelledby=\"easytabs-slide-label-6750356242592-0\" aria-expanded=\"true\" aria-hidden=\"false\">\n<p>15 ml pro 2 l Trinkwasser (gut aufl\u00f6sen) oder pro 1 kg Futter w\u00e4hrend der Zucht- und Rennsaison (Jungtauben) (V\u00f6gel 5 ml pro 0,5 Liter )<\/p>\n<p>Bei Problemen mit Jungtauben 5 Tage lang mit <b><i>Roni<\/i><\/b>.<\/p>\n<p>Gleichzeitige Anwendung empfohlen: <b><i>Lisocur Eyedrops<\/i><\/b> und <i><b>Lisocur Loftspray.<\/b><\/i><\/p>\n<\/div>\n<\/div>\n<\/div>\n<\/div>\n<\/div>\n<\/div>\n","protected":false},"excerpt":{"rendered":"<ul>\n<li>Freie Atemwege<\/li>\n<li>Verbesserung der Verdauung<\/li>\n<li>St\u00e4rkt die nat\u00fcrlichen Abwehrkr\u00e4fte<\/li>\n<li>St\u00e4rkt das Immunsystem<\/li>\n<li>Spielt eine Rolle bei der Krankheitsresistenz<\/li>\n<li>Stimuliert die Darmfunktion<\/li>\n<\/ul>\n","protected":false},"featured_media":23245,"comment_status":"open","ping_status":"closed","template":"","meta":[],"product_brand":[186],"product_cat":[217,246,252,254],"product_tag":[],"class_list":{"0":"post-27902","1":"product","2":"type-product","3":"status-publish","4":"has-post-thumbnail","6":"product_brand-comed-nv","7":"product_cat-nahrungserganzungsmittel","8":"product_cat-nahrungserganzungsmittel-2","9":"product_cat-tauben","10":"product_cat-vogel","11":"product_shipping_class-postpac-economy-2kg","14":"first","15":"instock","16":"sale","17":"shipping-taxable","18":"purchasable","19":"product-type-variable","20":"has-default-attributes"},"jetpack_sharing_enabled":true,"_links":{"self":[{"href":"https:\/\/avesaguiar.ch\/de\/wp-json\/wp\/v2\/product\/27902","targetHints":{"allow":["GET"]}}],"collection":[{"href":"https:\/\/avesaguiar.ch\/de\/wp-json\/wp\/v2\/product"}],"about":[{"href":"https:\/\/avesaguiar.ch\/de\/wp-json\/wp\/v2\/types\/product"}],"replies":[{"embeddable":true,"href":"https:\/\/avesaguiar.ch\/de\/wp-json\/wp\/v2\/comments?post=27902"}],"wp:featuredmedia":[{"embeddable":true,"href":"https:\/\/avesaguiar.ch\/de\/wp-json\/wp\/v2\/media\/23245"}],"wp:attachment":[{"href":"https:\/\/avesaguiar.ch\/de\/wp-json\/wp\/v2\/media?parent=27902"}],"wp:term":[{"taxonomy":"product_brand","embeddable":true,"href":"https:\/\/avesaguiar.ch\/de\/wp-json\/wp\/v2\/product_brand?post=27902"},{"taxonomy":"product_cat","embeddable":true,"href":"https:\/\/avesaguiar.ch\/de\/wp-json\/wp\/v2\/product_cat?post=27902"},{"taxonomy":"product_tag","embeddable":true,"href":"https:\/\/avesaguiar.ch\/de\/wp-json\/wp\/v2\/product_tag?post=27902"}],"curies":[{"name":"wp","href":"https:\/\/api.w.org\/{rel}","templated":true}]}}