{"id":27908,"date":"2024-12-29T22:24:48","date_gmt":"2024-12-29T22:24:48","guid":{"rendered":"https:\/\/avesaguiar.ch\/produit\/liegestuhl-mit-braunem-pelz\/"},"modified":"2024-12-29T22:24:48","modified_gmt":"2024-12-29T22:24:48","slug":"liegestuhl-mit-braunem-pelz","status":"publish","type":"product","link":"https:\/\/avesaguiar.ch\/de\/produit\/liegestuhl-mit-braunem-pelz\/","title":{"rendered":"Liegestuhl mit braunem Pelz"},"content":{"rendered":"<p>BESCHREIBUNG<\/p>\n<p>Liegestuhl f\u00fcr Hunde und Katzen.<\/p>\n<p>Leicht wiederverschlie\u00dfbar. Weiches Fell an den R\u00e4ndern. <\/p>\n<p>Perfekt f\u00fcr alle, die gerne hoch oben sitzen! Ihr Hund wird sich hier wohlf\u00fchlen und seinen Lieblingsfilm anschauen. <\/p>\n<p>Abmessungen:68x68x42cm<\/p>\n","protected":false},"excerpt":{"rendered":"<p>BESCHREIBUNG Liegestuhl f\u00fcr Hunde und Katzen. Leicht wiederverschlie\u00dfbar. Weiches Fell an den R\u00e4ndern. Perfekt f\u00fcr alle, die gerne hoch oben sitzen! Ihr Hund wird sich hier wohlf\u00fchlen und seinen Lieblingsfilm anschauen. Abmessungen:68x68x42cm<\/p>\n","protected":false},"featured_media":23101,"comment_status":"open","ping_status":"closed","template":"","meta":[],"product_brand":[61],"product_cat":[267,269],"product_tag":[],"class_list":{"0":"post-27908","1":"product","2":"type-product","3":"status-publish","4":"has-post-thumbnail","6":"product_brand-2gr","7":"product_cat-hund","8":"product_cat-zubehor","9":"product_shipping_class-postpac-economy-10kg","12":"first","13":"instock","14":"sale","15":"shipping-taxable","16":"purchasable","17":"product-type-simple"},"jetpack_sharing_enabled":true,"_links":{"self":[{"href":"https:\/\/avesaguiar.ch\/de\/wp-json\/wp\/v2\/product\/27908","targetHints":{"allow":["GET"]}}],"collection":[{"href":"https:\/\/avesaguiar.ch\/de\/wp-json\/wp\/v2\/product"}],"about":[{"href":"https:\/\/avesaguiar.ch\/de\/wp-json\/wp\/v2\/types\/product"}],"replies":[{"embeddable":true,"href":"https:\/\/avesaguiar.ch\/de\/wp-json\/wp\/v2\/comments?post=27908"}],"wp:featuredmedia":[{"embeddable":true,"href":"https:\/\/avesaguiar.ch\/de\/wp-json\/wp\/v2\/media\/23101"}],"wp:attachment":[{"href":"https:\/\/avesaguiar.ch\/de\/wp-json\/wp\/v2\/media?parent=27908"}],"wp:term":[{"taxonomy":"product_brand","embeddable":true,"href":"https:\/\/avesaguiar.ch\/de\/wp-json\/wp\/v2\/product_brand?post=27908"},{"taxonomy":"product_cat","embeddable":true,"href":"https:\/\/avesaguiar.ch\/de\/wp-json\/wp\/v2\/product_cat?post=27908"},{"taxonomy":"product_tag","embeddable":true,"href":"https:\/\/avesaguiar.ch\/de\/wp-json\/wp\/v2\/product_tag?post=27908"}],"curies":[{"name":"wp","href":"https:\/\/api.w.org\/{rel}","templated":true}]}}