{"id":27909,"date":"2025-01-05T21:52:40","date_gmt":"2025-01-05T21:52:40","guid":{"rendered":"https:\/\/avesaguiar.ch\/produit\/kaefig-transport\/"},"modified":"2025-01-05T21:52:40","modified_gmt":"2025-01-05T21:52:40","slug":"kaefig-transport","status":"publish","type":"product","link":"https:\/\/avesaguiar.ch\/de\/produit\/kaefig-transport\/","title":{"rendered":"K\u00e4fig Transport"},"content":{"rendered":"<p id=\"tw-target-text\" class=\"tw-data-text vk_txt tw-ta tw-text-small\" dir=\"ltr\" data-placeholder=\"Traduction\"><span lang=\"fr\"><strong>Transport Secondino<\/strong><br \/>\nNur f\u00fcr kleine Gr\u00f6\u00dfen bis 14 cm .  <\/span><\/p>\n<p class=\"tw-data-text vk_txt tw-ta tw-text-small\" dir=\"ltr\" data-placeholder=\"Traduction\"><span lang=\"fr\">Vollst\u00e4ndig waschbar<\/span><\/p>\n<p dir=\"ltr\"><span lang=\"fr\">Transport Kurzfristig.<\/span><\/p>\n","protected":false},"excerpt":{"rendered":"<p><span lang=\"fr\">Nur f\u00fcr kleine Gr\u00f6\u00dfen<\/span><\/p>\n","protected":false},"featured_media":23220,"comment_status":"open","ping_status":"closed","template":"","meta":[],"product_brand":[61],"product_cat":[333,254],"product_tag":[],"class_list":{"0":"post-27909","1":"product","2":"type-product","3":"status-publish","4":"has-post-thumbnail","6":"product_brand-2gr","7":"product_cat-kafige","8":"product_cat-vogel","9":"product_shipping_class-postpac-economy-2kg","12":"first","13":"instock","14":"shipping-taxable","15":"purchasable","16":"product-type-simple"},"jetpack_sharing_enabled":true,"_links":{"self":[{"href":"https:\/\/avesaguiar.ch\/de\/wp-json\/wp\/v2\/product\/27909","targetHints":{"allow":["GET"]}}],"collection":[{"href":"https:\/\/avesaguiar.ch\/de\/wp-json\/wp\/v2\/product"}],"about":[{"href":"https:\/\/avesaguiar.ch\/de\/wp-json\/wp\/v2\/types\/product"}],"replies":[{"embeddable":true,"href":"https:\/\/avesaguiar.ch\/de\/wp-json\/wp\/v2\/comments?post=27909"}],"wp:featuredmedia":[{"embeddable":true,"href":"https:\/\/avesaguiar.ch\/de\/wp-json\/wp\/v2\/media\/23220"}],"wp:attachment":[{"href":"https:\/\/avesaguiar.ch\/de\/wp-json\/wp\/v2\/media?parent=27909"}],"wp:term":[{"taxonomy":"product_brand","embeddable":true,"href":"https:\/\/avesaguiar.ch\/de\/wp-json\/wp\/v2\/product_brand?post=27909"},{"taxonomy":"product_cat","embeddable":true,"href":"https:\/\/avesaguiar.ch\/de\/wp-json\/wp\/v2\/product_cat?post=27909"},{"taxonomy":"product_tag","embeddable":true,"href":"https:\/\/avesaguiar.ch\/de\/wp-json\/wp\/v2\/product_tag?post=27909"}],"curies":[{"name":"wp","href":"https:\/\/api.w.org\/{rel}","templated":true}]}}