{"id":27927,"date":"2025-01-05T21:07:52","date_gmt":"2025-01-05T21:07:52","guid":{"rendered":"https:\/\/avesaguiar.ch\/produit\/seilring\/"},"modified":"2025-01-05T21:07:52","modified_gmt":"2025-01-05T21:07:52","slug":"seilring","status":"publish","type":"product","link":"https:\/\/avesaguiar.ch\/de\/produit\/seilring\/","title":{"rendered":"SEILRING"},"content":{"rendered":"<p>Kordelring mit Holzbl\u00f6cken, der die V\u00f6gel den ganzen Tag \u00fcber abwechslungsreich und aktiv h\u00e4lt.<\/p>\n<p>KANN AUF DER DECKE DES K\u00c4FIGS BEFESTIGT WERDEN.<\/p>\n<p>L\u00e4nge x Breite x H\u00f6he 13 x 1 x 36<\/p>\n","protected":false},"excerpt":{"rendered":"<p>KANN AUF DEM DACH DES K\u00c4FIGS BEFESTIGT WERDEN.<\/p>\n","protected":false},"featured_media":23041,"comment_status":"open","ping_status":"closed","template":"","meta":[],"product_brand":[62],"product_cat":[220,254],"product_tag":[],"class_list":{"0":"post-27927","1":"product","2":"type-product","3":"status-publish","4":"has-post-thumbnail","6":"product_brand-benelux","7":"product_cat-spielzeug","8":"product_cat-vogel","9":"product_shipping_class-postpac-economy-900g","12":"first","13":"instock","14":"shipping-taxable","15":"purchasable","16":"product-type-simple"},"jetpack_sharing_enabled":true,"_links":{"self":[{"href":"https:\/\/avesaguiar.ch\/de\/wp-json\/wp\/v2\/product\/27927","targetHints":{"allow":["GET"]}}],"collection":[{"href":"https:\/\/avesaguiar.ch\/de\/wp-json\/wp\/v2\/product"}],"about":[{"href":"https:\/\/avesaguiar.ch\/de\/wp-json\/wp\/v2\/types\/product"}],"replies":[{"embeddable":true,"href":"https:\/\/avesaguiar.ch\/de\/wp-json\/wp\/v2\/comments?post=27927"}],"wp:featuredmedia":[{"embeddable":true,"href":"https:\/\/avesaguiar.ch\/de\/wp-json\/wp\/v2\/media\/23041"}],"wp:attachment":[{"href":"https:\/\/avesaguiar.ch\/de\/wp-json\/wp\/v2\/media?parent=27927"}],"wp:term":[{"taxonomy":"product_brand","embeddable":true,"href":"https:\/\/avesaguiar.ch\/de\/wp-json\/wp\/v2\/product_brand?post=27927"},{"taxonomy":"product_cat","embeddable":true,"href":"https:\/\/avesaguiar.ch\/de\/wp-json\/wp\/v2\/product_cat?post=27927"},{"taxonomy":"product_tag","embeddable":true,"href":"https:\/\/avesaguiar.ch\/de\/wp-json\/wp\/v2\/product_tag?post=27927"}],"curies":[{"name":"wp","href":"https:\/\/api.w.org\/{rel}","templated":true}]}}