{"id":27936,"date":"2024-12-26T18:23:19","date_gmt":"2024-12-26T18:23:19","guid":{"rendered":"https:\/\/avesaguiar.ch\/produit\/beyers-premium-super-veuvage-20kg\/"},"modified":"2024-12-26T18:23:19","modified_gmt":"2024-12-26T18:23:19","slug":"beyers-premium-super-veuvage-20kg","status":"publish","type":"product","link":"https:\/\/avesaguiar.ch\/de\/produit\/beyers-premium-super-veuvage-20kg\/","title":{"rendered":"Beyers-Premium Super Veuvage 20Kg"},"content":{"rendered":"<p>BEYERS PREMIUM SUPER VEUVAGE, 20Kg<\/p>\n<p>BEYERS Premium Super Veuvage ist eine Sportmischung f\u00fcr Tauben, die Kleinmais Cribbs und Soja enth\u00e4lt. Sie enth\u00e4lt hochwertige Zutaten mit einem optimalen N\u00e4hrwert und ger\u00f6stete Sojabohnen als hochverdauliche Proteinquelle. Diese Mischung wird vollst\u00e4ndig und ohne Verschwendung aufgenommen. Sie zeichnet sich durch ein perfektes Gleichgewicht zwischen Kohlenhydraten, Proteinen und Fetten aus und wird von vielen erfahrenen Taubenz\u00fcchtern verwendet.   <\/p>\n<p>Zusammensetzung<\/p>\n<p>Popcornmais 23%, kleiner Cribbs-Mais 15%, wei\u00dfer Dari 10%, wei\u00dfer Weizen 8%, Kardi 7%, Sorghum extra rot 6%, gesch\u00e4lter Hafer 5%, gepoppte Sojabohnen 5%, Cargo-Reis 4%, gr\u00fcne Erbsen 3,5%, Maple Peas 3%, gelbe Erbsen 3%, Wicken 2%, Dunpeas 1,5%, Hanf 1%, Katjang Idjoe 1%, Linsen 1%, Buchweizen 1%.<\/p>\n<p>Analyse<\/p>\n<p>AnalyseKohlenstoffhydrate 59,65%, Rohprotein 13,33%, Rohfett 6,13%, Rohzellulose 5,42%, Rohasche 1,98%, Lysin 0,58%, Phosphor 0,30%, Methionin 0,19%, Kalzium 0,07%.<\/p>\n","protected":false},"excerpt":{"rendered":"<p>BEYERS PREMIUM SUPER VEUVAGE, 20Kg BEYERS Premium Super Veuvage ist eine Sportmischung f\u00fcr Tauben, die Kleinmais Cribbs und Soja enth\u00e4lt. Sie enth\u00e4lt hochwertige Zutaten mit einem optimalen N\u00e4hrwert und ger\u00f6stete Sojabohnen als hochverdauliche Proteinquelle. Diese Mischung wird vollst\u00e4ndig und ohne Verschwendung aufgenommen. Sie zeichnet sich durch ein perfektes Gleichgewicht zwischen Kohlenhydraten, Proteinen und Fetten aus [&hellip;]<\/p>\n","protected":false},"featured_media":22299,"comment_status":"open","ping_status":"closed","template":"","meta":[],"product_brand":[182],"product_cat":[218,252],"product_tag":[],"class_list":{"0":"post-27936","1":"product","2":"type-product","3":"status-publish","4":"has-post-thumbnail","6":"product_brand-beyers","7":"product_cat-lebensmittel","8":"product_cat-tauben","11":"first","12":"instock","13":"shipping-taxable","14":"purchasable","15":"product-type-simple"},"jetpack_sharing_enabled":true,"_links":{"self":[{"href":"https:\/\/avesaguiar.ch\/de\/wp-json\/wp\/v2\/product\/27936","targetHints":{"allow":["GET"]}}],"collection":[{"href":"https:\/\/avesaguiar.ch\/de\/wp-json\/wp\/v2\/product"}],"about":[{"href":"https:\/\/avesaguiar.ch\/de\/wp-json\/wp\/v2\/types\/product"}],"replies":[{"embeddable":true,"href":"https:\/\/avesaguiar.ch\/de\/wp-json\/wp\/v2\/comments?post=27936"}],"wp:featuredmedia":[{"embeddable":true,"href":"https:\/\/avesaguiar.ch\/de\/wp-json\/wp\/v2\/media\/22299"}],"wp:attachment":[{"href":"https:\/\/avesaguiar.ch\/de\/wp-json\/wp\/v2\/media?parent=27936"}],"wp:term":[{"taxonomy":"product_brand","embeddable":true,"href":"https:\/\/avesaguiar.ch\/de\/wp-json\/wp\/v2\/product_brand?post=27936"},{"taxonomy":"product_cat","embeddable":true,"href":"https:\/\/avesaguiar.ch\/de\/wp-json\/wp\/v2\/product_cat?post=27936"},{"taxonomy":"product_tag","embeddable":true,"href":"https:\/\/avesaguiar.ch\/de\/wp-json\/wp\/v2\/product_tag?post=27936"}],"curies":[{"name":"wp","href":"https:\/\/api.w.org\/{rel}","templated":true}]}}