{"id":27961,"date":"2024-12-29T19:57:00","date_gmt":"2024-12-29T19:57:00","guid":{"rendered":"https:\/\/avesaguiar.ch\/produit\/papageien-serengeti-birdelicious\/"},"modified":"2024-12-29T19:57:00","modified_gmt":"2024-12-29T19:57:00","slug":"papageien-serengeti-birdelicious","status":"publish","type":"product","link":"https:\/\/avesaguiar.ch\/de\/produit\/papageien-serengeti-birdelicious\/","title":{"rendered":"Papageien Serengeti Birdelicious"},"content":{"rendered":"<div class=\"product__content\">\n<p><strong>Alleinfuttermittel f\u00fcr afrikanische Papageien, angereichert mit :<\/strong><\/p>\n<ul>\n<li>Mit Extrudaten, die Vitamine und Mineralien enthalten.<\/li>\n<li>Grit f\u00fcr eine gute Funktion des Verdauungssystems.<\/li>\n<li>N\u00fcsse und wilde Samen.<\/li>\n<\/ul>\n<p>Erh\u00e4ltlich in 2 kg. 15Kg<\/p>\n<\/div>\n<div class=\"product__composition\">\n<div class=\"product__composition-summary\" tabindex=\"0\" role=\"button\" data-groupid=\"composition\" data-target=\"[san-id='open-composition']\" data-state=\"open\" data-classlist=\"open\" aria-expanded=\"false\">Zusammensetzung<\/div>\n<div class=\"product__composition-details open\">Samen (1 % Chia, 1 % Quinoa), Getreide, Obst (2 % Rosinen, 1,5 % getrocknete Hagebutten, 1 % getrocknete Wacholderbeeren, 1 % getrocknete Banane, 0,8 % getrocknete Eberesche, 0,8 % getrockneter Apfel, 0,8 % getrocknete Ananas, 0,8 % getrocknete Papaya), N\u00fcsse (3 % Zedern\u00fcsse, 1,5 % Erdn\u00fcsse, 0,8 % Waln\u00fcsse, 0,8 % Paran\u00fcsse), Gem\u00fcse (1,5 % getrocknete Karotten, 0,8 % Chili), Mineralien (2,5 % Vogelgrit), pflanzliche Nebenerzeugnisse, Hefe, \u00d6le und Fette.<\/div>\n<\/div>\n<div class=\"product__ingredients\">\n<div class=\"product__ingredients-summary\" tabindex=\"0\" role=\"button\" data-groupid=\"ingredients\" data-target=\"[san-id='open-ingredients']\" data-state=\"open\" data-classlist=\"open\" aria-expanded=\"false\">Analytische Bestandteile<\/div>\n<div class=\"product__ingredients-details open\">14% Rohprotein, 19% Rohfett, 5% Rohasche, 16% Rohfaser, 0,8% Kalzium, 0,3% Phosphor, 0,03% Natrium, 0,4% Lysin, 0,2% Methionin<\/div>\n<\/div>\n","protected":false},"excerpt":{"rendered":"<p>Alleinfuttermittel f\u00fcr afrikanische Papageien, angereichert mit :<\/p>\n<ul>\n<li>Mit Extrudaten, die Vitamine und Mineralien enthalten.<\/li>\n<li>Grit f\u00fcr eine gute Funktion des Verdauungssystems.<\/li>\n<li>N\u00fcsse und wilde Samen.<\/li>\n<\/ul>\n","protected":false},"featured_media":23020,"comment_status":"open","ping_status":"closed","template":"","meta":[],"product_brand":[184],"product_cat":[245,254],"product_tag":[],"class_list":{"0":"post-27961","1":"product","2":"type-product","3":"status-publish","4":"has-post-thumbnail","6":"product_brand-deli-nature","7":"product_cat-lebensmittel-2","8":"product_cat-vogel","9":"product_shipping_class-postpac-economy-2kg","12":"first","13":"instock","14":"shipping-taxable","15":"purchasable","16":"product-type-simple"},"jetpack_sharing_enabled":true,"_links":{"self":[{"href":"https:\/\/avesaguiar.ch\/de\/wp-json\/wp\/v2\/product\/27961","targetHints":{"allow":["GET"]}}],"collection":[{"href":"https:\/\/avesaguiar.ch\/de\/wp-json\/wp\/v2\/product"}],"about":[{"href":"https:\/\/avesaguiar.ch\/de\/wp-json\/wp\/v2\/types\/product"}],"replies":[{"embeddable":true,"href":"https:\/\/avesaguiar.ch\/de\/wp-json\/wp\/v2\/comments?post=27961"}],"wp:featuredmedia":[{"embeddable":true,"href":"https:\/\/avesaguiar.ch\/de\/wp-json\/wp\/v2\/media\/23020"}],"wp:attachment":[{"href":"https:\/\/avesaguiar.ch\/de\/wp-json\/wp\/v2\/media?parent=27961"}],"wp:term":[{"taxonomy":"product_brand","embeddable":true,"href":"https:\/\/avesaguiar.ch\/de\/wp-json\/wp\/v2\/product_brand?post=27961"},{"taxonomy":"product_cat","embeddable":true,"href":"https:\/\/avesaguiar.ch\/de\/wp-json\/wp\/v2\/product_cat?post=27961"},{"taxonomy":"product_tag","embeddable":true,"href":"https:\/\/avesaguiar.ch\/de\/wp-json\/wp\/v2\/product_tag?post=27961"}],"curies":[{"name":"wp","href":"https:\/\/api.w.org\/{rel}","templated":true}]}}