{"id":27964,"date":"2024-12-29T21:31:37","date_gmt":"2024-12-29T21:31:37","guid":{"rendered":"https:\/\/avesaguiar.ch\/produit\/taubenzuchtkasten-holztuer\/"},"modified":"2024-12-29T21:31:37","modified_gmt":"2024-12-29T21:31:37","slug":"taubenzuchtkasten-holztuer","status":"publish","type":"product","link":"https:\/\/avesaguiar.ch\/de\/produit\/taubenzuchtkasten-holztuer\/","title":{"rendered":"TAUBENZUCHTKASTEN HOLZT\u00dcR"},"content":{"rendered":"<p> <strong> EINZIGARTIGE ZUCHTKASTEN F\u00dcR TAUBEN<\/strong> HOLZT\u00dcREN<\/p>\n<p>Kasten f\u00fcr 4 Paare aus Pressspanplatte, St\u00e4rke 15 mm, mit Holzt\u00fcren.<\/p>\n<p>Zur Innenaufstellung<\/p>\n<p>Lieferung als Bausatz und ohne Nest<\/p>\n<p>H\u00d6HE 166cm<\/p>\n<p>Ma\u00dfe: 78 x 44 x 40cm<\/p>\n<p>Volumen 0.13 m\u00b3.<\/p>\n","protected":false},"excerpt":{"rendered":"<p>EINZIGARTIGE ZUCHTKASTEN F\u00dcR TAUBEN HOLZT\u00dcREN Kasten f\u00fcr 4 Paare aus Pressspanplatte, St\u00e4rke 15 mm, mit Holzt\u00fcren. Zur Innenaufstellung Lieferung als Bausatz und ohne Nest H\u00d6HE 166cm Ma\u00dfe: 78 x 44 x 40cm Volumen 0.13 m\u00b3.<\/p>\n","protected":false},"featured_media":23157,"comment_status":"open","ping_status":"closed","template":"","meta":[],"product_brand":[62],"product_cat":[252,297],"product_tag":[],"class_list":{"0":"post-27964","1":"product","2":"type-product","3":"status-publish","4":"has-post-thumbnail","6":"product_brand-benelux","7":"product_cat-tauben","8":"product_cat-zubehor-5","9":"product_shipping_class-30kg-plus","12":"first","13":"instock","14":"shipping-taxable","15":"purchasable","16":"product-type-simple"},"jetpack_sharing_enabled":true,"_links":{"self":[{"href":"https:\/\/avesaguiar.ch\/de\/wp-json\/wp\/v2\/product\/27964","targetHints":{"allow":["GET"]}}],"collection":[{"href":"https:\/\/avesaguiar.ch\/de\/wp-json\/wp\/v2\/product"}],"about":[{"href":"https:\/\/avesaguiar.ch\/de\/wp-json\/wp\/v2\/types\/product"}],"replies":[{"embeddable":true,"href":"https:\/\/avesaguiar.ch\/de\/wp-json\/wp\/v2\/comments?post=27964"}],"wp:featuredmedia":[{"embeddable":true,"href":"https:\/\/avesaguiar.ch\/de\/wp-json\/wp\/v2\/media\/23157"}],"wp:attachment":[{"href":"https:\/\/avesaguiar.ch\/de\/wp-json\/wp\/v2\/media?parent=27964"}],"wp:term":[{"taxonomy":"product_brand","embeddable":true,"href":"https:\/\/avesaguiar.ch\/de\/wp-json\/wp\/v2\/product_brand?post=27964"},{"taxonomy":"product_cat","embeddable":true,"href":"https:\/\/avesaguiar.ch\/de\/wp-json\/wp\/v2\/product_cat?post=27964"},{"taxonomy":"product_tag","embeddable":true,"href":"https:\/\/avesaguiar.ch\/de\/wp-json\/wp\/v2\/product_tag?post=27964"}],"curies":[{"name":"wp","href":"https:\/\/api.w.org\/{rel}","templated":true}]}}