{"id":27970,"date":"2024-12-15T07:44:42","date_gmt":"2024-12-15T07:44:42","guid":{"rendered":"https:\/\/avesaguiar.ch\/produit\/euro-premium-derma-lachs-erwachsene-10kg-grain-free-75-protein\/"},"modified":"2024-12-15T07:44:42","modified_gmt":"2024-12-15T07:44:42","slug":"euro-premium-derma-lachs-erwachsene-10kg-grain-free-75-protein","status":"publish","type":"product","link":"https:\/\/avesaguiar.ch\/de\/produit\/euro-premium-derma-lachs-erwachsene-10kg-grain-free-75-protein\/","title":{"rendered":"Euro Premium- Derma+ (Lachs) Erwachsene 10kg (Grain free) 75% Protein"},"content":{"rendered":"<p>Euro-Premium Derma+ Gro\u00dfe und mittelgro\u00dfe Rassen Erwachsene<\/p>\n<p><strong>Tierische Proteine: 75%.<\/strong><\/p>\n<p>Functional ist die perfekte getreidefreie Nahrung f\u00fcr ausgewachsene Hunde mit besonderen Bed\u00fcrfnissen, sei es aufgrund einer schwierigen Verdauung, Haut- und Fellproblemen oder Kastration\/Sterilisation Ihres Tieres.<\/p>\n<p>Wie der Name unserer Produktreihe schon sagt, enth\u00e4lt das Functionnal-Futter funktionelle Inhaltsstoffe, die bestimmte Probleme behandeln und den allgemeinen Gesundheitszustand Ihres Hundes verbessern. Daher kann dieses Futter auch vorbeugend gef\u00fcttert werden. <\/p>\n<p>Die Produkte von Functionnal enthalten nat\u00fcrliche Antioxidantien und eine einzigartige Mischung aus Pflanzenextrakten. Diese Antioxidantien aus Kurkuma, Rosmarin, Nelken, Weinreben und Zitrusfr\u00fcchten tragen nicht nur zum Gleichgewicht, sondern auch zur St\u00e4rkung des Immunsystems Ihres Hundes bei. <\/p>\n<p>Die Functional-Serie enth\u00e4lt au\u00dferdem eine starke Mischung aus Probiotika wie FOS, MOS und XOS. Diese Mischung aus l\u00f6slichen und nicht l\u00f6slichen Ballaststoffen sorgt f\u00fcr eine optimale Verdauung der Nahrung. <\/p>\n<p>Der Hauptbestandteil der Functional-Produkte? Fleisch oder Fisch, wichtige Quellen von Aminos\u00e4uren, die auch die Verdauung der Nahrung erleichtern. <\/p>\n<p>Schlie\u00dflich ist zu betonen, dass die Functional-Nahrung kein Getreide enth\u00e4lt. Getreide wird durch Kartoffeln und Gem\u00fcse ersetzt, die eine gleichwertige Energiezufuhr gew\u00e4hrleisten. Warum wird Getreide aus unserem Futter gestrichen? Weil einige Hunde eine Unvertr\u00e4glichkeit gegen Getreide haben, w\u00e4hrend Kartoffeln und Gem\u00fcse kein vergleichbares Risiko darstellen. Dar\u00fcber hinaus sind diese Getreideersatzprodukte von Natur aus reich an Vitamin C. Die meisten dieser Produkte enthalten kein Vitamin C.    <\/p>\n<p>Hat Ihr Hund eine empfindliche Haut oder ein empfindliches Fell? W\u00e4hlen Sie Derma+. <\/p>\n<p>F\u00fcr Hunde mit empfindlicher Haut oder empfindlichem Fell ist es wichtig, eine hochwertige Proteinquelle zu w\u00e4hlen, die ein geringes Reaktionsrisiko aufweist. In Derma+ ist diese Proteinquelle Lachs. In Kombination mit antarktischem Krill und Fisch\u00f6l bietet Lachs ein optimales Verh\u00e4ltnis von Omega-3- und Omega-6-Fetts\u00e4uren sowie eine ausreichende Versorgung mit EPA und DHA f\u00fcr eine gesunde Haut und ein gesundes Fell. Zink, Biotin und L-Tyrosin spielen ebenfalls eine wichtige Rolle, da letzteres das Ausbleichen des Fells verhindert. Derma+ enth\u00e4lt kein Getreide und keine Milchprodukte.    <\/p>\n<p>Super-Premium-Vollnahrung f\u00fcr erwachsene Hunde (&gt;1 Jahr) mittelgro\u00dfer und gro\u00dfer Rassen (&gt;10kg). &#8211; Empfohlen f\u00fcr Hunde mit empfindlicher Haut und Vlies. Das ideale Verh\u00e4ltnis von Omega-3- und Omega-6-Fetts\u00e4uren und der hervorragende Gehalt an Zink und Biotin lassen Haut und Vlies wieder strahlen. Einige Inhaltsstoffe k\u00f6nnen zu Problemen mit dem Magen, der Verdauung und\/oder der Haut f\u00fchren. Diese einzigartige Auswahl an nat\u00fcrlichen Zutaten, Lachs und Kartoffeln minimiert das Risiko einer allergischen Reaktion. Dieses Qualit\u00e4tsfutter ist au\u00dferdem mit Pflanzenextrakten angereichert, um die Entwicklung des nat\u00fcrlichen Immunsystems zu unterst\u00fctzen. Pr\u00e4biotika (FOS, MOS und XOS) und R\u00fcbenschnitzel f\u00f6rdern eine gute Verdauung und st\u00e4rken das Immunsystem.      <\/p>\n<p>Lachs (50%, rehydratisiert), Kartoffeln, H\u00fchnerfett, Erbsen, hydrolysierte Gefl\u00fcgelleber, Hefe, R\u00fcbenschnitzel, hydrolysierter Lachs, Calciumcarbonat, Antarktischer Krill, Meeresalgen, raffiniertes Fisch\u00f6l, Glucosamin, Chondroitinsulfat, FOS, MOS, XOS, Lecithin, Pflanzenextrakte (Citrus sp. Syzygium sp., Curcuma sp., Rosemary sp. und Vitis sp.).<\/p>\n<p>Rohprotein: 25,5% &#8211; Fettgehalt: 15% &#8211; Rohfaser: 2,5% &#8211; Rohasche: 7,5% &#8211; Kalzium: 1,35% &#8211; Phosphor: 0,9%.<\/p>\n<p>VERF\u00dcGBAR IN -10kg<\/p>\n","protected":false},"excerpt":{"rendered":"<p>Functional ist die perfekte getreidefreie Nahrung f\u00fcr ausgewachsene Hunde mit besonderen Bed\u00fcrfnissen, sei es aufgrund einer schwierigen Verdauung, Haut- und Fellproblemen oder Kastration\/Sterilisation Ihres Tieres.<\/p>\n","protected":false},"featured_media":22531,"comment_status":"open","ping_status":"closed","template":"","meta":[],"product_brand":[182],"product_cat":[267,337],"product_tag":[],"class_list":{"0":"post-27970","1":"product","2":"type-product","3":"status-publish","4":"has-post-thumbnail","6":"product_brand-beyers","7":"product_cat-hund","8":"product_cat-lebensmittel-3","11":"first","12":"instock","13":"sale","14":"shipping-taxable","15":"purchasable","16":"product-type-simple"},"jetpack_sharing_enabled":true,"_links":{"self":[{"href":"https:\/\/avesaguiar.ch\/de\/wp-json\/wp\/v2\/product\/27970","targetHints":{"allow":["GET"]}}],"collection":[{"href":"https:\/\/avesaguiar.ch\/de\/wp-json\/wp\/v2\/product"}],"about":[{"href":"https:\/\/avesaguiar.ch\/de\/wp-json\/wp\/v2\/types\/product"}],"replies":[{"embeddable":true,"href":"https:\/\/avesaguiar.ch\/de\/wp-json\/wp\/v2\/comments?post=27970"}],"wp:featuredmedia":[{"embeddable":true,"href":"https:\/\/avesaguiar.ch\/de\/wp-json\/wp\/v2\/media\/22531"}],"wp:attachment":[{"href":"https:\/\/avesaguiar.ch\/de\/wp-json\/wp\/v2\/media?parent=27970"}],"wp:term":[{"taxonomy":"product_brand","embeddable":true,"href":"https:\/\/avesaguiar.ch\/de\/wp-json\/wp\/v2\/product_brand?post=27970"},{"taxonomy":"product_cat","embeddable":true,"href":"https:\/\/avesaguiar.ch\/de\/wp-json\/wp\/v2\/product_cat?post=27970"},{"taxonomy":"product_tag","embeddable":true,"href":"https:\/\/avesaguiar.ch\/de\/wp-json\/wp\/v2\/product_tag?post=27970"}],"curies":[{"name":"wp","href":"https:\/\/api.w.org\/{rel}","templated":true}]}}