{"id":27976,"date":"2024-12-16T21:04:33","date_gmt":"2024-12-16T21:04:33","guid":{"rendered":"https:\/\/avesaguiar.ch\/produit\/papageienspielzeug\/"},"modified":"2024-12-16T21:04:33","modified_gmt":"2024-12-16T21:04:33","slug":"papageienspielzeug","status":"publish","type":"product","link":"https:\/\/avesaguiar.ch\/de\/produit\/papageienspielzeug\/","title":{"rendered":"PAPAGEIENSPIELZEUG"},"content":{"rendered":"<h4>Warum brauchen Sie das Papageien-Spielzeug?<\/h4>\n<h4>In der Natur sind die meisten Papageien gesellig, sie verbringen viel Zeit mit der Suche nach Nahrung und der Vermeidung von Feinden. Sobald der Papagei jedoch domestiziert wurde, gibt es viel mehr Tempobuch, die meisten Menschen halten nur 1 bis 2 Papageien, was dazu f\u00fchren kann, dass sie einen Mangel an Gef\u00e4hrten haben und den Meister als einen wichtigen Partner sehen. Nat\u00fcrlich ist dies eine gute Sache, aber wenn Sie nicht viel Zeit haben, um sich mit ihm zu besch\u00e4ftigen, wird er sich isoliert und langweilig f\u00fchlen. Dann k\u00f6nnen Papageien schreien, Dinge zerbei\u00dfen und sogar ihre Federn zerbei\u00dfen, um Ihre Aufmerksamkeit zu erregen.   <\/h4>\n<h4>Zweitens wird der Papageienschnabel wachsen, um ihn scharf zu halten. Ein zu langer Schnabel beeinflusst jedoch die F\u00e4higkeit des Papageis, seine eigenen F\u00e4higkeiten zu essen und seine Gesundheit zu sch\u00e4digen. Der wilde Papagei kontrolliert die L\u00e4nge des Schnabels, indem er auf St\u00e4mme und harte Lebensmittel bei\u00dft, und das Bei\u00dfen von Dingen wird zu einem Teil ihrer Natur. Wenn es dem Papagei zu Hause an geeigneten Dingen fehlt, muss er auf der Grundlage seiner Gesundheit und seiner Natur die Dinge im Haus zerbei\u00dfen.   <\/h4>\n<h4>L\u00e4nge x Breite x H\u00f6he 37 x 14 x 43<\/h4>\n","protected":false},"excerpt":{"rendered":"<p>Warum brauchen Sie das Papageien-Spielzeug?<\/p>\n<p>In der Natur sind die meisten Papageien gesellig, sie verbringen viel Zeit mit der Suche nach Nahrung und der Vermeidung von Feinden.<\/p>\n","protected":false},"featured_media":22624,"comment_status":"open","ping_status":"closed","template":"","meta":[],"product_brand":[61],"product_cat":[220,254],"product_tag":[],"class_list":{"0":"post-27976","1":"product","2":"type-product","3":"status-publish","4":"has-post-thumbnail","6":"product_brand-2gr","7":"product_cat-spielzeug","8":"product_cat-vogel","11":"first","12":"instock","13":"shipping-taxable","14":"purchasable","15":"product-type-simple"},"jetpack_sharing_enabled":true,"_links":{"self":[{"href":"https:\/\/avesaguiar.ch\/de\/wp-json\/wp\/v2\/product\/27976","targetHints":{"allow":["GET"]}}],"collection":[{"href":"https:\/\/avesaguiar.ch\/de\/wp-json\/wp\/v2\/product"}],"about":[{"href":"https:\/\/avesaguiar.ch\/de\/wp-json\/wp\/v2\/types\/product"}],"replies":[{"embeddable":true,"href":"https:\/\/avesaguiar.ch\/de\/wp-json\/wp\/v2\/comments?post=27976"}],"wp:featuredmedia":[{"embeddable":true,"href":"https:\/\/avesaguiar.ch\/de\/wp-json\/wp\/v2\/media\/22624"}],"wp:attachment":[{"href":"https:\/\/avesaguiar.ch\/de\/wp-json\/wp\/v2\/media?parent=27976"}],"wp:term":[{"taxonomy":"product_brand","embeddable":true,"href":"https:\/\/avesaguiar.ch\/de\/wp-json\/wp\/v2\/product_brand?post=27976"},{"taxonomy":"product_cat","embeddable":true,"href":"https:\/\/avesaguiar.ch\/de\/wp-json\/wp\/v2\/product_cat?post=27976"},{"taxonomy":"product_tag","embeddable":true,"href":"https:\/\/avesaguiar.ch\/de\/wp-json\/wp\/v2\/product_tag?post=27976"}],"curies":[{"name":"wp","href":"https:\/\/api.w.org\/{rel}","templated":true}]}}