{"id":27989,"date":"2024-12-29T13:59:09","date_gmt":"2024-12-29T13:59:09","guid":{"rendered":"https:\/\/avesaguiar.ch\/produit\/premium-kaefigboden-weiss\/"},"modified":"2024-12-29T13:59:09","modified_gmt":"2024-12-29T13:59:09","slug":"premium-kaefigboden-weiss","status":"publish","type":"product","link":"https:\/\/avesaguiar.ch\/de\/produit\/premium-kaefigboden-weiss\/","title":{"rendered":"Premium K\u00e4figboden Wei\u00df"},"content":{"rendered":"<h1>Premium K\u00e4figboden Wei\u00df<\/h1>\n<div class=\"product__content\">\n<ul>\n<li>Ein Premium-Bodendecker f\u00fcr Zuchtk\u00e4fige, Ausstellungsk\u00e4fige und Innenvolieren.<\/li>\n<li>Dank des Anis hat der Sand einen sehr angenehmen und frischen Geruch.<\/li>\n<li>Das Produkt spritzt nicht.<\/li>\n<li>Erh\u00e4ltlich in 5 kg und 20 kg.<\/li>\n<\/ul>\n<\/div>\n","protected":false},"excerpt":{"rendered":"<p>Premium K\u00e4figboden Wei\u00df Ein Premium-Bodendecker f\u00fcr Zuchtk\u00e4fige, Ausstellungsk\u00e4fige und Innenvolieren. Dank des Anis hat der Sand einen sehr angenehmen und frischen Geruch. Das Produkt spritzt nicht. Erh\u00e4ltlich in 5 kg und 20 kg.<\/p>\n","protected":false},"featured_media":28628,"comment_status":"open","ping_status":"closed","template":"","meta":[],"product_brand":[182],"product_cat":[316,252,254],"product_tag":[],"class_list":{"0":"post-27989","1":"product","2":"type-product","3":"status-publish","4":"has-post-thumbnail","6":"product_brand-beyers","7":"product_cat-reinigung","8":"product_cat-tauben","9":"product_cat-vogel","12":"first","13":"instock","14":"shipping-taxable","15":"purchasable","16":"product-type-simple"},"jetpack_sharing_enabled":true,"_links":{"self":[{"href":"https:\/\/avesaguiar.ch\/de\/wp-json\/wp\/v2\/product\/27989","targetHints":{"allow":["GET"]}}],"collection":[{"href":"https:\/\/avesaguiar.ch\/de\/wp-json\/wp\/v2\/product"}],"about":[{"href":"https:\/\/avesaguiar.ch\/de\/wp-json\/wp\/v2\/types\/product"}],"replies":[{"embeddable":true,"href":"https:\/\/avesaguiar.ch\/de\/wp-json\/wp\/v2\/comments?post=27989"}],"wp:featuredmedia":[{"embeddable":true,"href":"https:\/\/avesaguiar.ch\/de\/wp-json\/wp\/v2\/media\/28628"}],"wp:attachment":[{"href":"https:\/\/avesaguiar.ch\/de\/wp-json\/wp\/v2\/media?parent=27989"}],"wp:term":[{"taxonomy":"product_brand","embeddable":true,"href":"https:\/\/avesaguiar.ch\/de\/wp-json\/wp\/v2\/product_brand?post=27989"},{"taxonomy":"product_cat","embeddable":true,"href":"https:\/\/avesaguiar.ch\/de\/wp-json\/wp\/v2\/product_cat?post=27989"},{"taxonomy":"product_tag","embeddable":true,"href":"https:\/\/avesaguiar.ch\/de\/wp-json\/wp\/v2\/product_tag?post=27989"}],"curies":[{"name":"wp","href":"https:\/\/api.w.org\/{rel}","templated":true}]}}