{"id":27991,"date":"2024-12-29T22:06:48","date_gmt":"2024-12-29T22:06:48","guid":{"rendered":"https:\/\/avesaguiar.ch\/produit\/vogelkaefig-mary\/"},"modified":"2024-12-29T22:06:48","modified_gmt":"2024-12-29T22:06:48","slug":"vogelkaefig-mary","status":"publish","type":"product","link":"https:\/\/avesaguiar.ch\/de\/produit\/vogelkaefig-mary\/","title":{"rendered":"Vogelk\u00e4fig Mary"},"content":{"rendered":"<h4><strong>Vogelk\u00e4fig Mary ohne Wagen<\/strong><\/h4>\n<p>Sch\u00f6ner Zimmervogelk\u00e4fig f\u00fcr V\u00f6gel bis zur Gr\u00f6\u00dfe von Agapornis<\/p>\n<p>Stabiler Maschendraht (Abstand zwischen den St\u00e4ben 12 mm), ausgestattet mit 4 Sitzstangen, 2 Trink- und Futterbeh\u00e4ltern.<\/p>\n<p>Eine T\u00fcr an der Vorderseite und eine an der Seite. Der Boden hat hohe R\u00e4nder, um das Verteilen von Samen zu verhindern, und eine herausnehmbare Kotschale. <\/p>\n<p><strong>Abmessungen :<\/strong><\/p>\n<p>&#8211; Au\u00dfenma\u00dfe (LxBxH): 70x50x62cm<\/p>\n<p>&#8211; Innenma\u00dfe (LxBxH): ca. 68x46x58cm<\/p>\n<p>&#8211; Fl\u00e4che: 0.<sup>31m2<\/sup><\/p>\n<p>&#8211; Volumen: 0,<sup>17<\/sup> m3<\/p>\n<p><strong>Schweizer Tierschutzverordnung  <\/strong><\/p>\n<p>Gem\u00e4\u00df der Tierschutzverordnung ist dieser Vogelk\u00e4fig f\u00fcr maximal 4 Kanarienv\u00f6gel oder V\u00f6gel in der Gr\u00f6\u00dfe eines Agapornis geeignet. Es ist wichtig zu beachten, dass diese Angaben das gesetzliche Minimum darstellen und keinesfalls eine optimale Haltung! <\/p>\n<p>Bitte beachten Sie, dass die Tiere in Gruppen von mindestens 2 Tieren gehalten werden m\u00fcssen und stellen Sie sicher, dass eine Badem\u00f6glichkeit vorhanden ist. Die Einrichtung des Vogelk\u00e4figs muss so gestaltet sein, dass sie den unterschiedlichen Bed\u00fcrfnissen der jeweiligen Bewohner gerecht wird. Bitte stellen Sie viele nat\u00fcrliche \u00c4ste (nur f\u00fcr Psittaciden) zur Verf\u00fcgung, an denen die V\u00f6gel nagen und klettern k\u00f6nnen. Die Gehege sollten auch mit verschiedenen flexiblen Sitzstangen unterschiedlicher Dicke und Ausrichtung strukturiert sein, wobei ein Drittel des Volumens frei von Strukturen sein sollte. Das Schweizer Tierschutzgesetz enth\u00e4lt weitere gesetzliche Bestimmungen, die die tierfreundliche Haltung von V\u00f6geln regeln.    <\/p>\n","protected":false},"excerpt":{"rendered":"<p>Vogelk\u00e4fig Mary ohne Wagen Sch\u00f6ner Zimmervogelk\u00e4fig f\u00fcr V\u00f6gel bis zur Gr\u00f6\u00dfe von Agapornis Stabiler Maschendraht (Abstand zwischen den St\u00e4ben 12 mm), ausgestattet mit 4 Sitzstangen, 2 Trink- und Futterbeh\u00e4ltern. Eine T\u00fcr an der Vorderseite und eine an der Seite. Der Boden hat hohe R\u00e4nder, um das Verteilen von Samen zu verhindern, und eine herausnehmbare Kotschale. [&hellip;]<\/p>\n","protected":false},"featured_media":26357,"comment_status":"open","ping_status":"closed","template":"","meta":[],"product_brand":[61],"product_cat":[333,254],"product_tag":[],"class_list":{"0":"post-27991","1":"product","2":"type-product","3":"status-publish","4":"has-post-thumbnail","6":"product_brand-2gr","7":"product_cat-kafige","8":"product_cat-vogel","9":"product_shipping_class-postpac-economy-30kg","12":"first","13":"instock","14":"shipping-taxable","15":"purchasable","16":"product-type-simple"},"jetpack_sharing_enabled":true,"_links":{"self":[{"href":"https:\/\/avesaguiar.ch\/de\/wp-json\/wp\/v2\/product\/27991","targetHints":{"allow":["GET"]}}],"collection":[{"href":"https:\/\/avesaguiar.ch\/de\/wp-json\/wp\/v2\/product"}],"about":[{"href":"https:\/\/avesaguiar.ch\/de\/wp-json\/wp\/v2\/types\/product"}],"replies":[{"embeddable":true,"href":"https:\/\/avesaguiar.ch\/de\/wp-json\/wp\/v2\/comments?post=27991"}],"wp:featuredmedia":[{"embeddable":true,"href":"https:\/\/avesaguiar.ch\/de\/wp-json\/wp\/v2\/media\/26357"}],"wp:attachment":[{"href":"https:\/\/avesaguiar.ch\/de\/wp-json\/wp\/v2\/media?parent=27991"}],"wp:term":[{"taxonomy":"product_brand","embeddable":true,"href":"https:\/\/avesaguiar.ch\/de\/wp-json\/wp\/v2\/product_brand?post=27991"},{"taxonomy":"product_cat","embeddable":true,"href":"https:\/\/avesaguiar.ch\/de\/wp-json\/wp\/v2\/product_cat?post=27991"},{"taxonomy":"product_tag","embeddable":true,"href":"https:\/\/avesaguiar.ch\/de\/wp-json\/wp\/v2\/product_tag?post=27991"}],"curies":[{"name":"wp","href":"https:\/\/api.w.org\/{rel}","templated":true}]}}