{"id":27992,"date":"2025-01-09T11:01:22","date_gmt":"2025-01-09T11:01:22","guid":{"rendered":"https:\/\/avesaguiar.ch\/produit\/luxurioese-badewanne\/"},"modified":"2025-01-09T11:01:22","modified_gmt":"2025-01-09T11:01:22","slug":"luxurioese-badewanne","status":"publish","type":"product","link":"https:\/\/avesaguiar.ch\/de\/produit\/luxurioese-badewanne\/","title":{"rendered":"Luxuri\u00f6se Badewanne"},"content":{"rendered":"<p>Kunststoffbadewanne f\u00fcr V\u00f6gel (Kanarienv\u00f6gel, Exoten).<\/p>\n<p>Geeignet f\u00fcr Diamanten, Kanarienv\u00f6gel, Tarine, Wellensittiche.<\/p>\n<p>Mit zwei Haken an der Vorderseite der Wanne, um sie leicht an den Gitterst\u00e4ben des K\u00e4figs zu befestigen, und einem Rand, der als Sitzstange dient.<\/p>\n<p>Abmessungen: 13 x 13 x 13 cm<\/p>\n","protected":false},"excerpt":{"rendered":"<p>Kunststoffbadewanne f\u00fcr V\u00f6gel (Kanarienv\u00f6gel, Exoten)<\/p>\n","protected":false},"featured_media":23606,"comment_status":"open","ping_status":"closed","template":"","meta":[],"product_brand":[61],"product_cat":[254,283],"product_tag":[],"class_list":{"0":"post-27992","1":"product","2":"type-product","3":"status-publish","4":"has-post-thumbnail","6":"product_brand-2gr","7":"product_cat-vogel","8":"product_cat-zubehor-3","11":"first","12":"instock","13":"shipping-taxable","14":"purchasable","15":"product-type-simple"},"jetpack_sharing_enabled":true,"_links":{"self":[{"href":"https:\/\/avesaguiar.ch\/de\/wp-json\/wp\/v2\/product\/27992","targetHints":{"allow":["GET"]}}],"collection":[{"href":"https:\/\/avesaguiar.ch\/de\/wp-json\/wp\/v2\/product"}],"about":[{"href":"https:\/\/avesaguiar.ch\/de\/wp-json\/wp\/v2\/types\/product"}],"replies":[{"embeddable":true,"href":"https:\/\/avesaguiar.ch\/de\/wp-json\/wp\/v2\/comments?post=27992"}],"wp:featuredmedia":[{"embeddable":true,"href":"https:\/\/avesaguiar.ch\/de\/wp-json\/wp\/v2\/media\/23606"}],"wp:attachment":[{"href":"https:\/\/avesaguiar.ch\/de\/wp-json\/wp\/v2\/media?parent=27992"}],"wp:term":[{"taxonomy":"product_brand","embeddable":true,"href":"https:\/\/avesaguiar.ch\/de\/wp-json\/wp\/v2\/product_brand?post=27992"},{"taxonomy":"product_cat","embeddable":true,"href":"https:\/\/avesaguiar.ch\/de\/wp-json\/wp\/v2\/product_cat?post=27992"},{"taxonomy":"product_tag","embeddable":true,"href":"https:\/\/avesaguiar.ch\/de\/wp-json\/wp\/v2\/product_tag?post=27992"}],"curies":[{"name":"wp","href":"https:\/\/api.w.org\/{rel}","templated":true}]}}