{"id":28001,"date":"2025-01-09T11:49:27","date_gmt":"2025-01-09T11:49:27","guid":{"rendered":"https:\/\/avesaguiar.ch\/produit\/kaufbaum-paris-cat-scratchers\/"},"modified":"2025-01-09T11:49:27","modified_gmt":"2025-01-09T11:49:27","slug":"kaufbaum-paris-cat-scratchers","status":"publish","type":"product","link":"https:\/\/avesaguiar.ch\/de\/produit\/kaufbaum-paris-cat-scratchers\/","title":{"rendered":"Kaufbaum Paris Cat Scratchers"},"content":{"rendered":"<p>Kratzbaum Paris Cat Scratchers, 103 x 50 x 240-260 cm<\/p>\n<p>Dieser Katzenspielbaum ist ein gro\u00dfer Platzsparer und eine lustige L\u00f6sung.<br \/>\nMit seinem klassischen und luxuri\u00f6sen Design bietet er verschiedene M\u00f6glichkeiten und viel Platz f\u00fcr Ihre Katze, um zu springen, zu spielen, zu trainieren oder ein Nickerchen zu machen.<br \/>\nDer Kratzbaum ist die Lieblingsbesch\u00e4ftigung jeder Katze.<br \/>\nEin Kratzbaum sorgt daf\u00fcr, dass die Katze ihre Krallen wetzt und Ihre M\u00f6bel intakt bleiben.<br \/>\nEr eignet sich auch hervorragend als Schlafplatz oder als gem\u00fctliches Versteck.<\/p>\n","protected":false},"excerpt":{"rendered":"<p>Der Kratzbaum ist ein beliebter Zeitvertreib f\u00fcr Katzen.<\/p>\n","protected":false},"featured_media":23665,"comment_status":"open","ping_status":"closed","template":"","meta":[],"product_brand":[60],"product_cat":[276,277],"product_tag":[],"class_list":{"0":"post-28001","1":"product","2":"type-product","3":"status-publish","4":"has-post-thumbnail","6":"product_brand-raggio-di-sole","7":"product_cat-katzen","8":"product_cat-zubehor-2","11":"first","12":"instock","13":"sale","14":"shipping-taxable","15":"purchasable","16":"product-type-simple"},"jetpack_sharing_enabled":true,"_links":{"self":[{"href":"https:\/\/avesaguiar.ch\/de\/wp-json\/wp\/v2\/product\/28001","targetHints":{"allow":["GET"]}}],"collection":[{"href":"https:\/\/avesaguiar.ch\/de\/wp-json\/wp\/v2\/product"}],"about":[{"href":"https:\/\/avesaguiar.ch\/de\/wp-json\/wp\/v2\/types\/product"}],"replies":[{"embeddable":true,"href":"https:\/\/avesaguiar.ch\/de\/wp-json\/wp\/v2\/comments?post=28001"}],"wp:featuredmedia":[{"embeddable":true,"href":"https:\/\/avesaguiar.ch\/de\/wp-json\/wp\/v2\/media\/23665"}],"wp:attachment":[{"href":"https:\/\/avesaguiar.ch\/de\/wp-json\/wp\/v2\/media?parent=28001"}],"wp:term":[{"taxonomy":"product_brand","embeddable":true,"href":"https:\/\/avesaguiar.ch\/de\/wp-json\/wp\/v2\/product_brand?post=28001"},{"taxonomy":"product_cat","embeddable":true,"href":"https:\/\/avesaguiar.ch\/de\/wp-json\/wp\/v2\/product_cat?post=28001"},{"taxonomy":"product_tag","embeddable":true,"href":"https:\/\/avesaguiar.ch\/de\/wp-json\/wp\/v2\/product_tag?post=28001"}],"curies":[{"name":"wp","href":"https:\/\/api.w.org\/{rel}","templated":true}]}}