{"id":28002,"date":"2025-01-09T11:56:35","date_gmt":"2025-01-09T11:56:35","guid":{"rendered":"https:\/\/avesaguiar.ch\/produit\/katzentoilettenbeutel-10-stueck-universal\/"},"modified":"2025-01-09T11:56:35","modified_gmt":"2025-01-09T11:56:35","slug":"katzentoilettenbeutel-10-stueck-universal","status":"publish","type":"product","link":"https:\/\/avesaguiar.ch\/de\/produit\/katzentoilettenbeutel-10-stueck-universal\/","title":{"rendered":"Katzentoilettenbeutel 10 St\u00fcck Universal"},"content":{"rendered":"<p>Die Beutel aus recyceltem Polyethylen erleichtern den Wechsel der Einstreu.<\/p>\n<p>Das Schlie\u00dfen und Herausnehmen der Tasche wird durch die Griffe erleichtert.<\/p>\n<p>Die Tasche ist umweltfreundlich und aus recyceltem Material hergestellt.<\/p>\n<p>Superstark dank seiner \u00dcberdicke. Ideal f\u00fcr den Gro\u00dfteil der Streutoiletten auf dem Markt. (MAX 50 x 40 cm).  <\/p>\n<p>Verpackung von 10 Beuteln pro Rolle in einer farbigen Schachtel mit praktischer \u00d6ffnung der Abrei\u00dflinie<\/p>\n","protected":false},"excerpt":{"rendered":"<p>Die Tasche ist umweltfreundlich und aus recyceltem Material hergestellt.<\/p>\n","protected":false},"featured_media":23672,"comment_status":"open","ping_status":"closed","template":"","meta":[],"product_brand":[60],"product_cat":[276,317,277],"product_tag":[],"class_list":{"0":"post-28002","1":"product","2":"type-product","3":"status-publish","4":"has-post-thumbnail","6":"product_brand-raggio-di-sole","7":"product_cat-katzen","8":"product_cat-pflege-hygiene-2","9":"product_cat-zubehor-2","12":"first","13":"instock","14":"shipping-taxable","15":"purchasable","16":"product-type-simple"},"jetpack_sharing_enabled":true,"_links":{"self":[{"href":"https:\/\/avesaguiar.ch\/de\/wp-json\/wp\/v2\/product\/28002","targetHints":{"allow":["GET"]}}],"collection":[{"href":"https:\/\/avesaguiar.ch\/de\/wp-json\/wp\/v2\/product"}],"about":[{"href":"https:\/\/avesaguiar.ch\/de\/wp-json\/wp\/v2\/types\/product"}],"replies":[{"embeddable":true,"href":"https:\/\/avesaguiar.ch\/de\/wp-json\/wp\/v2\/comments?post=28002"}],"wp:featuredmedia":[{"embeddable":true,"href":"https:\/\/avesaguiar.ch\/de\/wp-json\/wp\/v2\/media\/23672"}],"wp:attachment":[{"href":"https:\/\/avesaguiar.ch\/de\/wp-json\/wp\/v2\/media?parent=28002"}],"wp:term":[{"taxonomy":"product_brand","embeddable":true,"href":"https:\/\/avesaguiar.ch\/de\/wp-json\/wp\/v2\/product_brand?post=28002"},{"taxonomy":"product_cat","embeddable":true,"href":"https:\/\/avesaguiar.ch\/de\/wp-json\/wp\/v2\/product_cat?post=28002"},{"taxonomy":"product_tag","embeddable":true,"href":"https:\/\/avesaguiar.ch\/de\/wp-json\/wp\/v2\/product_tag?post=28002"}],"curies":[{"name":"wp","href":"https:\/\/api.w.org\/{rel}","templated":true}]}}