{"id":28018,"date":"2025-01-09T11:22:07","date_gmt":"2025-01-09T11:22:07","guid":{"rendered":"https:\/\/avesaguiar.ch\/produit\/euro-premium-large-adult-huhn-glutenfrei\/"},"modified":"2025-01-09T11:22:07","modified_gmt":"2025-01-09T11:22:07","slug":"euro-premium-large-adult-huhn-glutenfrei","status":"publish","type":"product","link":"https:\/\/avesaguiar.ch\/de\/produit\/euro-premium-large-adult-huhn-glutenfrei\/","title":{"rendered":"Euro Premium &#8211; Large Adult Huhn (Glutenfrei)"},"content":{"rendered":"<p>Euro Premium &#8211; Large Adult Chicken &amp; Rice -12Kg<\/p>\n<p><strong>Tierische Proteine: 75%.<\/strong><\/p>\n<p>Original ist ein hochwertiges, schmackhaftes und <strong>glutenfreies<\/strong> Futter, mit dem Sie und Ihr Hund garantiert zufrieden sein werden. Die Grundzutat von Original ist Fleisch.   <strong>Keines der Produkte enth\u00e4lt Weizen, Mais oder Gerste, um eine optimale Verdauung zu gew\u00e4hrleisten.<\/strong>  Original Hundefutter eignet sich f\u00fcr Hunde jeden Alters und jeder Rasse.<\/p>\n<p>Fleisch ist die beste Proteinquelle f\u00fcr Ihren treuen Begleiter. Wir verwenden haupts\u00e4chlich getrocknetes Huhn oder Lamm f\u00fcr die Zubereitung des Original-Futters, was bedeutet, dass ca. 80% des Proteins im Futter aus diesem Fleisch stammt. <\/p>\n<p>Das Original-Sortiment enth\u00e4lt au\u00dferdem Rosmarin und Selen, nat\u00fcrliche Antioxidantien, die das Immunsystem Ihres Hundes unterst\u00fctzen, sowie Probiotika wie FOS und MOS. Dies sind die besten Voraussetzungen f\u00fcr eine optimale Verdauung der Nahrung. <\/p>\n<p>Gro\u00dfe Rassen Erwachsene<\/p>\n<p><strong>Super-Premium-Vollnahrung f\u00fcr erwachsene Hunde (&gt;18 Monate) gro\u00dfer Rassen (25-45kg)<\/strong>. Diese Rezeptur enth\u00e4lt weder Weizen noch Gluten. FOS und MOS werden f\u00fcr eine optimale Verdauung hinzugef\u00fcgt. Glucosamin und Chondroitinsulfat helfen, die Gelenke stark und flexibel zu halten.   <\/p>\n<p>Zusammensetzung<\/p>\n<p>Gefl\u00fcgelfleischmehl (getrocknet 58%), Reis (28%), Kartoffeln, H\u00fchnerfett, Erbsen, hydrolysierte Gefl\u00fcgelleber, R\u00fcbenschnitzel, Natriumchlorid, Hefe, raffinierte Zellulose, Calciumcarbonat, Bicalciumphosphat, raffiniertes Fisch\u00f6l, F.O.S., M.O.S., Lecithin, Glucosamin, Chondroitinsulfat, Traubenkerne, Rosmarin.<\/p>\n<p>&nbsp;<\/p>\n<p>Rohprotein: 25,5% &#8211; Fettgehalt: 13,5% &#8211; Rohzellulose: 2,5% &#8211; Rohasche: 6,5% &#8211; &#8211; Fettgehalt: 13,5% &#8211; Fettgehalt: 13,5% &#8211; Rohfaser: 2,5% &#8211; Rohasche: 6,5%.<\/p>\n<p>Kalzium: 1,4% &#8211; Phosphor: 0,9%.<\/p>\n","protected":false},"excerpt":{"rendered":"<p><strong>Super-Premium-Vollnahrung f\u00fcr erwachsene Hunde (&gt;18 Monate) gro\u00dfer Rassen (25-45kg)<\/strong>. Diese Rezeptur enth\u00e4lt weder Weizen noch Gluten. FOS und MOS werden f\u00fcr eine optimale Verdauung hinzugef\u00fcgt. Glucosamin und Chondroitinsulfat helfen, starke und flexible Gelenke zu erhalten.   <\/p>\n","protected":false},"featured_media":23630,"comment_status":"open","ping_status":"closed","template":"","meta":[],"product_brand":[182],"product_cat":[267,337],"product_tag":[],"class_list":{"0":"post-28018","1":"product","2":"type-product","3":"status-publish","4":"has-post-thumbnail","6":"product_brand-beyers","7":"product_cat-hund","8":"product_cat-lebensmittel-3","11":"first","12":"instock","13":"shipping-taxable","14":"purchasable","15":"product-type-simple"},"jetpack_sharing_enabled":true,"_links":{"self":[{"href":"https:\/\/avesaguiar.ch\/de\/wp-json\/wp\/v2\/product\/28018","targetHints":{"allow":["GET"]}}],"collection":[{"href":"https:\/\/avesaguiar.ch\/de\/wp-json\/wp\/v2\/product"}],"about":[{"href":"https:\/\/avesaguiar.ch\/de\/wp-json\/wp\/v2\/types\/product"}],"replies":[{"embeddable":true,"href":"https:\/\/avesaguiar.ch\/de\/wp-json\/wp\/v2\/comments?post=28018"}],"wp:featuredmedia":[{"embeddable":true,"href":"https:\/\/avesaguiar.ch\/de\/wp-json\/wp\/v2\/media\/23630"}],"wp:attachment":[{"href":"https:\/\/avesaguiar.ch\/de\/wp-json\/wp\/v2\/media?parent=28018"}],"wp:term":[{"taxonomy":"product_brand","embeddable":true,"href":"https:\/\/avesaguiar.ch\/de\/wp-json\/wp\/v2\/product_brand?post=28018"},{"taxonomy":"product_cat","embeddable":true,"href":"https:\/\/avesaguiar.ch\/de\/wp-json\/wp\/v2\/product_cat?post=28018"},{"taxonomy":"product_tag","embeddable":true,"href":"https:\/\/avesaguiar.ch\/de\/wp-json\/wp\/v2\/product_tag?post=28018"}],"curies":[{"name":"wp","href":"https:\/\/api.w.org\/{rel}","templated":true}]}}