{"id":28050,"date":"2025-01-09T12:47:28","date_gmt":"2025-01-09T12:47:28","guid":{"rendered":"https:\/\/avesaguiar.ch\/produit\/katz-menue-housecat\/"},"modified":"2025-01-09T12:47:28","modified_gmt":"2025-01-09T12:47:28","slug":"katz-menue-housecat","status":"publish","type":"product","link":"https:\/\/avesaguiar.ch\/de\/produit\/katz-menue-housecat\/","title":{"rendered":"Katz Men\u00fc Housecat"},"content":{"rendered":"<p>Katz Men\u00fc Housecat<\/p>\n<p>(Innen weniger kalorienreich und weniger geruchsintensiv)<\/p>\n<p>Einige Katzen verbringen den gr\u00f6\u00dften Teil ihres Lebens im Haus. Ihr Lebensraum, in dem sie sich bewegen k\u00f6nnen, ist begrenzt und daher ist auch ihr Aktivit\u00e4tsniveau niedriger. <\/p>\n<p>Katz Menu Housecat ist eine ausgewogene Ern\u00e4hrung f\u00fcr Hauskatzen, die haupts\u00e4chlich im Haus leben.<\/p>\n<p>Katz Menu Housecat hat einen niedrigeren Kaloriengehalt und einen h\u00f6heren Gehalt an Ballaststoffen, wodurch sichergestellt wird, dass Ihre Hauskatze ihr Idealgewicht h\u00e4lt. Dar\u00fcber hinaus ist dieses Futter mit Yucca-Extrakten angereichert, die unangenehme Ger\u00fcche aus der Katzentoilette reduzieren. <\/p>\n<p>Empfohlene N\u00e4hrstoffzufuhr f\u00fcr das Alter der Katze :<\/p>\n<p>2-3 kg = 20-30 gr 3-5 kg = 30-50 gr &gt;5 kg = 50-80 gr<\/p>\n<p>Zusammensetzung: Gefl\u00fcgelfleisch (mind. 20%), Weizenmehl, dehydriertes Fleischprotein, tierisches Fett, dehydrierter Fisch, hydrolysiertes Gefl\u00fcgelfleisch, R\u00fcbenschnitzel, dehydrierte Vollei, Hefe, Lecithin, raffiniertes Fisch\u00f6l, Salz, Yucca-Extrakt, Fructo-Oligosaccharide.<\/p>\n<p>Analyse: Rohprotein 27%, Rohfett 13%, Rohfaser 3,5%, Rohasche 7%, Kalzium 1,3%, Phosphor 1%, Taurin 2 g, L-Carnitin 50 mg.<\/p>\n<h3>Packung 2 Kg<\/h3>\n","protected":false},"excerpt":{"rendered":"<p>Katz Menu Housecat ist eine ausgewogene Ern\u00e4hrung f\u00fcr Hauskatzen, die haupts\u00e4chlich im Haus leben<\/p>\n<p>Packung 2Kg<\/p>\n","protected":false},"featured_media":23699,"comment_status":"open","ping_status":"closed","template":"","meta":[],"product_brand":[182],"product_cat":[276,347],"product_tag":[],"class_list":{"0":"post-28050","1":"product","2":"type-product","3":"status-publish","4":"has-post-thumbnail","6":"product_brand-beyers","7":"product_cat-katzen","8":"product_cat-lebensmittel-4","11":"first","12":"instock","13":"shipping-taxable","14":"purchasable","15":"product-type-simple"},"jetpack_sharing_enabled":true,"_links":{"self":[{"href":"https:\/\/avesaguiar.ch\/de\/wp-json\/wp\/v2\/product\/28050","targetHints":{"allow":["GET"]}}],"collection":[{"href":"https:\/\/avesaguiar.ch\/de\/wp-json\/wp\/v2\/product"}],"about":[{"href":"https:\/\/avesaguiar.ch\/de\/wp-json\/wp\/v2\/types\/product"}],"replies":[{"embeddable":true,"href":"https:\/\/avesaguiar.ch\/de\/wp-json\/wp\/v2\/comments?post=28050"}],"wp:featuredmedia":[{"embeddable":true,"href":"https:\/\/avesaguiar.ch\/de\/wp-json\/wp\/v2\/media\/23699"}],"wp:attachment":[{"href":"https:\/\/avesaguiar.ch\/de\/wp-json\/wp\/v2\/media?parent=28050"}],"wp:term":[{"taxonomy":"product_brand","embeddable":true,"href":"https:\/\/avesaguiar.ch\/de\/wp-json\/wp\/v2\/product_brand?post=28050"},{"taxonomy":"product_cat","embeddable":true,"href":"https:\/\/avesaguiar.ch\/de\/wp-json\/wp\/v2\/product_cat?post=28050"},{"taxonomy":"product_tag","embeddable":true,"href":"https:\/\/avesaguiar.ch\/de\/wp-json\/wp\/v2\/product_tag?post=28050"}],"curies":[{"name":"wp","href":"https:\/\/api.w.org\/{rel}","templated":true}]}}