{"id":28057,"date":"2025-01-09T21:55:21","date_gmt":"2025-01-09T21:55:21","guid":{"rendered":"https:\/\/avesaguiar.ch\/produit\/couvresol-weisser-puder-fuer-taubenschlaege\/"},"modified":"2025-01-09T21:55:21","modified_gmt":"2025-01-09T21:55:21","slug":"couvresol-weisser-puder-fuer-taubenschlaege","status":"publish","type":"product","link":"https:\/\/avesaguiar.ch\/de\/produit\/couvresol-weisser-puder-fuer-taubenschlaege\/","title":{"rendered":"Couvresol, Wei\u00dfer Puder f\u00fcr Taubenschl\u00e4ge"},"content":{"rendered":"<p><span style=\"font-family: Calibri;\">Couvresol, Wei\u00dfes Pulver f\u00fcr Taubenschl\u00e4ge. 5Kg <\/span><\/p>\n<p><span style=\"font-family: Calibri;\">  -Auf dem Boden verteilen, Sitzstangen und Nistk\u00e4sten.<\/span><\/p>\n<p><span style=\"font-family: Calibri;\">&#8211; Ideal zur Trocknung des Taubenschlags<\/span><\/p>\n<p><span style=\"font-family: Calibri;\">&#8211; Hygienisch<\/span><\/p>\n<p><span style=\"font-family: Calibri;\">&#8211; Guter Geruch<\/span><\/p>\n<p><span style=\"font-family: Calibri;\">&#8211; Erleichtert die Reinigung<\/span><\/p>\n","protected":false},"excerpt":{"rendered":"<p><span style=\"font-family: Calibri;\">-Auf dem Boden verteilen, Sitzstangen und Nistk\u00e4sten.<\/span><\/p>\n<p><span style=\"font-family: Calibri;\">&#8211; Ideal zum Austrocknen des Taubenschlags.<\/span><\/p>\n<p><span style=\"font-family: Calibri;\">&#8211; Hygienisch<\/span><\/p>\n<p><span style=\"font-family: Calibri;\">&#8211; Guter Geruch<\/span><\/p>\n<p><span style=\"font-family: Calibri;\">&#8211; Erleichtert die Reinigung<\/span><\/p>\n","protected":false},"featured_media":23841,"comment_status":"open","ping_status":"closed","template":"","meta":[],"product_brand":[182],"product_cat":[323,252],"product_tag":[],"class_list":{"0":"post-28057","1":"product","2":"type-product","3":"status-publish","4":"has-post-thumbnail","6":"product_brand-beyers","7":"product_cat-reinigung-hygiene","8":"product_cat-tauben","11":"first","12":"instock","13":"shipping-taxable","14":"purchasable","15":"product-type-simple"},"jetpack_sharing_enabled":true,"_links":{"self":[{"href":"https:\/\/avesaguiar.ch\/de\/wp-json\/wp\/v2\/product\/28057","targetHints":{"allow":["GET"]}}],"collection":[{"href":"https:\/\/avesaguiar.ch\/de\/wp-json\/wp\/v2\/product"}],"about":[{"href":"https:\/\/avesaguiar.ch\/de\/wp-json\/wp\/v2\/types\/product"}],"replies":[{"embeddable":true,"href":"https:\/\/avesaguiar.ch\/de\/wp-json\/wp\/v2\/comments?post=28057"}],"wp:featuredmedia":[{"embeddable":true,"href":"https:\/\/avesaguiar.ch\/de\/wp-json\/wp\/v2\/media\/23841"}],"wp:attachment":[{"href":"https:\/\/avesaguiar.ch\/de\/wp-json\/wp\/v2\/media?parent=28057"}],"wp:term":[{"taxonomy":"product_brand","embeddable":true,"href":"https:\/\/avesaguiar.ch\/de\/wp-json\/wp\/v2\/product_brand?post=28057"},{"taxonomy":"product_cat","embeddable":true,"href":"https:\/\/avesaguiar.ch\/de\/wp-json\/wp\/v2\/product_cat?post=28057"},{"taxonomy":"product_tag","embeddable":true,"href":"https:\/\/avesaguiar.ch\/de\/wp-json\/wp\/v2\/product_tag?post=28057"}],"curies":[{"name":"wp","href":"https:\/\/api.w.org\/{rel}","templated":true}]}}