{"id":28062,"date":"2025-01-09T11:05:29","date_gmt":"2025-01-09T11:05:29","guid":{"rendered":"https:\/\/avesaguiar.ch\/produit\/aussenbadewanne\/"},"modified":"2025-01-09T11:05:29","modified_gmt":"2025-01-09T11:05:29","slug":"aussenbadewanne","status":"publish","type":"product","link":"https:\/\/avesaguiar.ch\/de\/produit\/aussenbadewanne\/","title":{"rendered":"Au\u00dfenbadewanne"},"content":{"rendered":"<p>Badewanne oder Au\u00dfenk\u00e4fig 24x16x16 cm &#8211; 2G-R<\/p>\n","protected":false},"excerpt":{"rendered":"<p>Badewanne oder Au\u00dfenk\u00e4fig 24x16x16 cm &#8211; 2G-R<\/p>\n","protected":false},"featured_media":23618,"comment_status":"open","ping_status":"closed","template":"","meta":[],"product_brand":[61],"product_cat":[254,283],"product_tag":[],"class_list":{"0":"post-28062","1":"product","2":"type-product","3":"status-publish","4":"has-post-thumbnail","6":"product_brand-2gr","7":"product_cat-vogel","8":"product_cat-zubehor-3","11":"first","12":"instock","13":"shipping-taxable","14":"purchasable","15":"product-type-simple"},"jetpack_sharing_enabled":true,"_links":{"self":[{"href":"https:\/\/avesaguiar.ch\/de\/wp-json\/wp\/v2\/product\/28062","targetHints":{"allow":["GET"]}}],"collection":[{"href":"https:\/\/avesaguiar.ch\/de\/wp-json\/wp\/v2\/product"}],"about":[{"href":"https:\/\/avesaguiar.ch\/de\/wp-json\/wp\/v2\/types\/product"}],"replies":[{"embeddable":true,"href":"https:\/\/avesaguiar.ch\/de\/wp-json\/wp\/v2\/comments?post=28062"}],"wp:featuredmedia":[{"embeddable":true,"href":"https:\/\/avesaguiar.ch\/de\/wp-json\/wp\/v2\/media\/23618"}],"wp:attachment":[{"href":"https:\/\/avesaguiar.ch\/de\/wp-json\/wp\/v2\/media?parent=28062"}],"wp:term":[{"taxonomy":"product_brand","embeddable":true,"href":"https:\/\/avesaguiar.ch\/de\/wp-json\/wp\/v2\/product_brand?post=28062"},{"taxonomy":"product_cat","embeddable":true,"href":"https:\/\/avesaguiar.ch\/de\/wp-json\/wp\/v2\/product_cat?post=28062"},{"taxonomy":"product_tag","embeddable":true,"href":"https:\/\/avesaguiar.ch\/de\/wp-json\/wp\/v2\/product_tag?post=28062"}],"curies":[{"name":"wp","href":"https:\/\/api.w.org\/{rel}","templated":true}]}}