{"id":28070,"date":"2024-12-29T22:13:48","date_gmt":"2024-12-29T22:13:48","guid":{"rendered":"https:\/\/avesaguiar.ch\/produit\/verzinkte-zuchtkaefige\/"},"modified":"2024-12-29T22:13:48","modified_gmt":"2024-12-29T22:13:48","slug":"verzinkte-zuchtkaefige","status":"publish","type":"product","link":"https:\/\/avesaguiar.ch\/de\/produit\/verzinkte-zuchtkaefige\/","title":{"rendered":"Verzinkte Zuchtk\u00e4fige"},"content":{"rendered":"<p><strong>Zuchtk\u00e4fig aus verzinktem Stahl 120x40x45 cm<\/strong><\/p>\n<p>K\u00e4fig kann mit anderen K\u00e4figen gleicher Gr\u00f6\u00dfe verglichen werden.<\/p>\n<p>2 Kunststoffschubladen f\u00fcr eine leichtere Wartung<\/p>\n<p>1 Abnehmbares Gitter aus verzinktem Stahl, um den K\u00e4fig in zwei H\u00e4lften zu teilen<\/p>\n<p>4 T\u00fcren an der Vorderseite<\/p>\n<p>2 Minit\u00fcren f\u00fcr die Futterkrippen<\/p>\n<p>2 Innere Futtertr\u00f6ge aus Kunststoff<\/p>\n<p>4 Sitzstangen<\/p>\n<p>&nbsp;<\/p>\n<p>Abmessungen :<\/p>\n<p>&#8211; Au\u00dfenma\u00dfe (LxBxH): 120x40x45cm<\/p>\n<p>&#8211; Innere Abmessungen (LxBxH): ca. 118x38x43cm<\/p>\n<p>&#8211; Volumen: 0,19 m\u00b3<\/p>\n<p><strong>Schweizer Tierschutzverordnung<\/strong><\/p>\n<p>Gem\u00e4\u00df der Tierschutzverordnung ist dieser Vogelk\u00e4fig f\u00fcr maximal 4 Kanarienv\u00f6gel oder V\u00f6gel in der Gr\u00f6\u00dfe eines Agapornis geeignet. Es ist wichtig zu beachten, dass diese Angaben das gesetzliche Minimum darstellen und keinesfalls eine optimale Haltung! <\/p>\n<p>Bitte beachten Sie, dass die Tiere in Gruppen von mindestens 2 Tieren gehalten werden m\u00fcssen und stellen Sie sicher, dass eine Badem\u00f6glichkeit vorhanden ist. Die Einrichtung des Vogelk\u00e4figs muss so gestaltet sein, dass sie den unterschiedlichen Bed\u00fcrfnissen der jeweiligen Bewohner entspricht. Bitte stellen Sie viele nat\u00fcrliche \u00c4ste (nur f\u00fcr Psittaciden) zur Verf\u00fcgung, an denen die V\u00f6gel nagen und klettern k\u00f6nnen. Die Gehege sollten auch mit verschiedenen flexiblen Sitzstangen unterschiedlicher Dicke und Ausrichtung strukturiert werden, wobei ein Drittel des Volumens frei von Strukturen sein sollte. Das Schweizer Tierschutzgesetz enth\u00e4lt weitere gesetzliche Bestimmungen, die die tierfreundliche Haltung von V\u00f6geln regeln. Weitere Informationen finden Sie hier.     <\/p>\n","protected":false},"excerpt":{"rendered":"<p>Zuchtk\u00e4fig aus verzinktem Stahl 120x40x45 cm K\u00e4fig kann mit anderen K\u00e4figen gleicher Gr\u00f6\u00dfe verglichen werden. 2 Kunststoffschubladen f\u00fcr eine leichtere Wartung 1 Abnehmbares Gitter aus verzinktem Stahl, um den K\u00e4fig in zwei H\u00e4lften zu teilen 4 T\u00fcren an der Vorderseite 2 Minit\u00fcren f\u00fcr die Futterkrippen 2 Innere Futtertr\u00f6ge aus Kunststoff 4 Sitzstangen &nbsp; Abmessungen : [&hellip;]<\/p>\n","protected":false},"featured_media":23111,"comment_status":"open","ping_status":"closed","template":"","meta":[],"product_brand":[62],"product_cat":[333,254],"product_tag":[],"class_list":{"0":"post-28070","1":"product","2":"type-product","3":"status-publish","4":"has-post-thumbnail","6":"product_brand-benelux","7":"product_cat-kafige","8":"product_cat-vogel","9":"product_shipping_class-postpac-economy-30kg","12":"first","13":"onbackorder","14":"shipping-taxable","15":"purchasable","16":"product-type-simple"},"jetpack_sharing_enabled":true,"_links":{"self":[{"href":"https:\/\/avesaguiar.ch\/de\/wp-json\/wp\/v2\/product\/28070","targetHints":{"allow":["GET"]}}],"collection":[{"href":"https:\/\/avesaguiar.ch\/de\/wp-json\/wp\/v2\/product"}],"about":[{"href":"https:\/\/avesaguiar.ch\/de\/wp-json\/wp\/v2\/types\/product"}],"replies":[{"embeddable":true,"href":"https:\/\/avesaguiar.ch\/de\/wp-json\/wp\/v2\/comments?post=28070"}],"wp:featuredmedia":[{"embeddable":true,"href":"https:\/\/avesaguiar.ch\/de\/wp-json\/wp\/v2\/media\/23111"}],"wp:attachment":[{"href":"https:\/\/avesaguiar.ch\/de\/wp-json\/wp\/v2\/media?parent=28070"}],"wp:term":[{"taxonomy":"product_brand","embeddable":true,"href":"https:\/\/avesaguiar.ch\/de\/wp-json\/wp\/v2\/product_brand?post=28070"},{"taxonomy":"product_cat","embeddable":true,"href":"https:\/\/avesaguiar.ch\/de\/wp-json\/wp\/v2\/product_cat?post=28070"},{"taxonomy":"product_tag","embeddable":true,"href":"https:\/\/avesaguiar.ch\/de\/wp-json\/wp\/v2\/product_tag?post=28070"}],"curies":[{"name":"wp","href":"https:\/\/api.w.org\/{rel}","templated":true}]}}