{"id":28079,"date":"2025-01-09T21:40:18","date_gmt":"2025-01-09T21:40:18","guid":{"rendered":"https:\/\/avesaguiar.ch\/produit\/feine-austernschalen\/"},"modified":"2025-01-09T21:40:18","modified_gmt":"2025-01-09T21:40:18","slug":"feine-austernschalen","status":"publish","type":"product","link":"https:\/\/avesaguiar.ch\/de\/produit\/feine-austernschalen\/","title":{"rendered":"FEINE AUSTERNSCHALEN"},"content":{"rendered":"<h3 style=\"font-weight: 400;\">Beschreibung<\/h3>\n<p style=\"font-weight: 400;\">Die feinen Austernschalen sind ideal als Bodendecker f\u00fcr Zierv\u00f6gel oder als Zusatzfutter f\u00fcr Tiere.<\/p>\n<p style=\"font-weight: 400;\">Dieses hochwertige Produkt wurde speziell f\u00fcr den Kalziumbedarf Ihres Vogels entwickelt.<\/p>\n<p style=\"font-weight: 400;\">Mit einem Gewicht von 5 kg ist diese Einstreu eine dauerhafte L\u00f6sung, um eine saubere Umgebung f\u00fcr Ihre Zierv\u00f6gel zu erhalten. Die Austernschalen wurden sorgf\u00e4ltig ausgew\u00e4hlt und verarbeitet, um die richtige Textur und Qualit\u00e4t zu gew\u00e4hrleisten, was zum Wohlbefinden Ihrer gefl\u00fcgelten Freunde beitr\u00e4gt. <\/p>\n<p style=\"font-weight: 400;\">Dank der nat\u00fcrlichen Zusammensetzung der Austernschalen tragen sie zur Abnutzung des Schnabels der V\u00f6gel bei und decken ihren Kalziumbedarf. Dies macht sie nicht nur zu einer praktischen Wahl, sondern auch zu einer nahrhaften Erg\u00e4nzung des Futters. <\/p>\n<p style=\"font-weight: 400;\">Die Austernk\u00f6rner sorgen f\u00fcr eine positive Entwicklung der Knochenstruktur Ihres Ziervogels.<\/p>\n<p style=\"font-weight: 400;\">Bieten Sie Ihren Zierv\u00f6geln mit den feinen Austernschalen das Beste und schaffen Sie eine gesunde und komfortable Umgebung, in der sie gedeihen k\u00f6nnen.<\/p>\n<p style=\"font-weight: 400;\">Probieren Sie noch heute die Austernschalen aus und bieten Sie Ihren Zierv\u00f6geln den optimalen Lebensraum, den sie verdienen!<\/p>\n","protected":false},"excerpt":{"rendered":"<p>Bieten Sie Ihren Zierv\u00f6geln mit den feinen Austernschalen das Beste und schaffen Sie eine gesunde und komfortable Umgebung, in der sie gedeihen k\u00f6nnen.<\/p>\n","protected":false},"featured_media":23822,"comment_status":"open","ping_status":"closed","template":"","meta":[],"product_brand":[187],"product_cat":[246,325,254],"product_tag":[],"class_list":{"0":"post-28079","1":"product","2":"type-product","3":"status-publish","4":"has-post-thumbnail","6":"product_brand-kinlys","7":"product_cat-nahrungserganzungsmittel-2","8":"product_cat-reinigung-hygiene-2","9":"product_cat-vogel","12":"first","13":"instock","14":"shipping-taxable","15":"purchasable","16":"product-type-simple"},"jetpack_sharing_enabled":true,"_links":{"self":[{"href":"https:\/\/avesaguiar.ch\/de\/wp-json\/wp\/v2\/product\/28079","targetHints":{"allow":["GET"]}}],"collection":[{"href":"https:\/\/avesaguiar.ch\/de\/wp-json\/wp\/v2\/product"}],"about":[{"href":"https:\/\/avesaguiar.ch\/de\/wp-json\/wp\/v2\/types\/product"}],"replies":[{"embeddable":true,"href":"https:\/\/avesaguiar.ch\/de\/wp-json\/wp\/v2\/comments?post=28079"}],"wp:featuredmedia":[{"embeddable":true,"href":"https:\/\/avesaguiar.ch\/de\/wp-json\/wp\/v2\/media\/23822"}],"wp:attachment":[{"href":"https:\/\/avesaguiar.ch\/de\/wp-json\/wp\/v2\/media?parent=28079"}],"wp:term":[{"taxonomy":"product_brand","embeddable":true,"href":"https:\/\/avesaguiar.ch\/de\/wp-json\/wp\/v2\/product_brand?post=28079"},{"taxonomy":"product_cat","embeddable":true,"href":"https:\/\/avesaguiar.ch\/de\/wp-json\/wp\/v2\/product_cat?post=28079"},{"taxonomy":"product_tag","embeddable":true,"href":"https:\/\/avesaguiar.ch\/de\/wp-json\/wp\/v2\/product_tag?post=28079"}],"curies":[{"name":"wp","href":"https:\/\/api.w.org\/{rel}","templated":true}]}}