{"id":28122,"date":"2026-01-11T21:03:44","date_gmt":"2026-01-11T21:03:44","guid":{"rendered":"https:\/\/avesaguiar.ch\/?post_type=product&#038;p=28122"},"modified":"2026-02-01T21:42:37","modified_gmt":"2026-02-01T21:42:37","slug":"goldcorn-koopman-melange-de-25-ingredients-25kg","status":"publish","type":"product","link":"https:\/\/avesaguiar.ch\/de\/produit\/goldcorn-koopman-melange-de-25-ingredients-25kg\/","title":{"rendered":"Beyers-Goldcorn Koopman"},"content":{"rendered":"<h3>Goldcorn Koopman (m\u00e9lange de 25 ingr\u00e9dients) 2,5kg<\/h3>\n<p><strong>MATI\u00c8RE DE CONDITION<\/strong><\/p>\n<ul>\n<li>La composition unique donne, non seulement lors de la saison de vol, un regain d\u2019\u00e9nergie \u00e9norme, mais est \u00e9galement appropri\u00e9 pour un succ\u00e8s chez l\u2019\u00e9levage.<\/li>\n<li>Le goldcorn contient, entre autres, les \u00e9l\u00e9ments suivants :<br \/>\n\u2013 Prot\u00e9ines animales (lactos\u00e9rum en poudre, lait en poudre, oeufs en poudre, fromage et produits fromagers).<br \/>\n\u2013 Graisse de mouton : riche en vitamine A et D.<br \/>\n\u2013 Luzerne : fibre brute, riche en vitamines et substances min\u00e9rales.<br \/>\n\u2013 Germes de bl\u00e9 : la meilleure source de vitamine E.<br \/>\n\u2013 Levure de bi\u00e8re : riche en prot\u00e9ines, acides amin\u00e9s et vitamines.<br \/>\n\u2013 L\u00e9cithine de soja : permet de convertir en \u00e9nergie plus facilement et rapidement les mati\u00e8res grasses pr\u00e9sentes dans le sang.<br \/>\n\u2013 Farine de soja et farine d\u2019arachide : des r\u00e9serves \u00e9nerg\u00e9tiques suppl\u00e9mentaires pour les vols intensifs.<br \/>\n\u2013 Algues s\u00e9ch\u00e9es : riches en antioxydants (entre autres, b\u00eata-carot\u00e8ne), prot\u00e9ines, acides amin\u00e9s essentiels, substances min\u00e9rales et vitamines.<br \/>\n\u2013 Pr\u00e9biotiques : pour une bonne flore intestinale.<br \/>\n\u2013 Acide gras om\u00e9ga 3-6-9 provenant d\u2019huile de tournesol, d\u2019huile de lin et d\u2019huile d\u2019arachide.<\/li>\n<\/ul>\n<p><strong>MODE D\u2019EMPLOI<\/strong><\/p>\n<ul>\n<li>M\u00e9langer 5% quotidienne dans la nourriture. Vous utilisez 1 sac sur 50 kg de nourriture<\/li>\n<\/ul>\n<p><strong>COMPOSITION<\/strong><\/p>\n<p>Ma\u00efs, farine de soja, farine d\u2019aliment de bl\u00e9,, farine d\u2019arachide, bl\u00e9, dextrose, carbonate de calcium, gluten de ma\u00efs, m\u00e9lasse de canne, produits fromagers et laitiers, levure de bi\u00e8re, poudre de lait \u00e9cr\u00e9m\u00e9, algues marines s\u00e9ch\u00e9es, pousses de bl\u00e9, luzerne, lactos\u00e9rum, fructose, poudre d\u2019oeuf, huile d\u2019arachide, l\u00e9cithine de soja brute, huile de tournesol, huile de lin, graisse de mouton<\/p>\n<p><strong>CONSTITUANTS ANALYTIQUES<\/strong><\/p>\n<ul>\n<li>Prot\u00e9ines brutes 18,2 %<\/li>\n<li>Graisses brutes 8,7 %<\/li>\n<li>Cellulose brute 3,2 %<\/li>\n<li>Cendres brutes 12,5 %<\/li>\n<\/ul>\n<p id=\"ignorePDF\"><b>Cat\u00e9gorie<\/b><\/p>\n<div id=\"ignorePDF\" class=\"symbols\"><img decoding=\"async\" class=\"symbol ls-is-cached lazyloaded\" src=\"https:\/\/beyersbelgium.be\/wp-content\/themes\/wpbase_v2.0\/assets\/images\/symbol-Energy.svg\" alt=\"Energy\" width=\"80px\" height=\"80px\" data-src=\"\/wp-content\/themes\/wpbase_v2.0\/assets\/images\/symbol-Energy.svg\" \/><b>Energy<\/b><img decoding=\"async\" class=\"symbol ls-is-cached lazyloaded\" src=\"https:\/\/beyersbelgium.be\/wp-content\/themes\/wpbase_v2.0\/assets\/images\/symbol-Yearround.svg\" alt=\"Yearround\" width=\"80px\" height=\"80px\" data-src=\"\/wp-content\/themes\/wpbase_v2.0\/assets\/images\/symbol-Yearround.svg\" \/><b>Yearround<\/b><\/div>\n","protected":false},"excerpt":{"rendered":"<p><img fetchpriority=\"high\" decoding=\"async\" class=\"alignnone size-medium wp-image-28123\" src=\"https:\/\/avesaguiar.ch\/wp-content\/uploads\/2026\/01\/GERARD-KOOPMAN_300dpi-169x300.png\" alt=\"\" width=\"169\" height=\"300\" \/><\/p>\n","protected":false},"featured_media":28128,"comment_status":"open","ping_status":"closed","template":"","meta":[],"product_brand":[182],"product_cat":[169,171,100],"product_tag":[],"class_list":{"0":"post-28122","1":"product","2":"type-product","3":"status-publish","4":"has-post-thumbnail","6":"product_brand-beyers","7":"product_cat-pigeons","8":"product_cat-pigeons-alimentation","9":"product_cat-pigeons-complements-alimentaires","12":"first","13":"instock","14":"shipping-taxable","15":"purchasable","16":"product-type-simple"},"jetpack_sharing_enabled":true,"_links":{"self":[{"href":"https:\/\/avesaguiar.ch\/de\/wp-json\/wp\/v2\/product\/28122","targetHints":{"allow":["GET"]}}],"collection":[{"href":"https:\/\/avesaguiar.ch\/de\/wp-json\/wp\/v2\/product"}],"about":[{"href":"https:\/\/avesaguiar.ch\/de\/wp-json\/wp\/v2\/types\/product"}],"replies":[{"embeddable":true,"href":"https:\/\/avesaguiar.ch\/de\/wp-json\/wp\/v2\/comments?post=28122"}],"wp:featuredmedia":[{"embeddable":true,"href":"https:\/\/avesaguiar.ch\/de\/wp-json\/wp\/v2\/media\/28128"}],"wp:attachment":[{"href":"https:\/\/avesaguiar.ch\/de\/wp-json\/wp\/v2\/media?parent=28122"}],"wp:term":[{"taxonomy":"product_brand","embeddable":true,"href":"https:\/\/avesaguiar.ch\/de\/wp-json\/wp\/v2\/product_brand?post=28122"},{"taxonomy":"product_cat","embeddable":true,"href":"https:\/\/avesaguiar.ch\/de\/wp-json\/wp\/v2\/product_cat?post=28122"},{"taxonomy":"product_tag","embeddable":true,"href":"https:\/\/avesaguiar.ch\/de\/wp-json\/wp\/v2\/product_tag?post=28122"}],"curies":[{"name":"wp","href":"https:\/\/api.w.org\/{rel}","templated":true}]}}