{"id":28138,"date":"2026-01-11T21:11:27","date_gmt":"2026-01-11T21:11:27","guid":{"rendered":"https:\/\/avesaguiar.ch\/?post_type=product&#038;p=28138"},"modified":"2026-02-01T21:36:05","modified_gmt":"2026-02-01T21:36:05","slug":"trapping-mix-melange-de-friandises-25kg","status":"publish","type":"product","link":"https:\/\/avesaguiar.ch\/de\/produit\/trapping-mix-melange-de-friandises-25kg\/","title":{"rendered":"Beyers-Trapping Mix (m\u00e9lange de friandises) 2,5kg"},"content":{"rendered":"<h3>Trapping Mix (m\u00e9lange de friandises) 2,5kg<\/h3>\n<p><strong>M\u00c9LANGE VARI\u00c9 DE FRIANDISES POUR PIGEONS<\/strong><\/p>\n<ul>\n<li>Contenant des graines et grains ol\u00e9agineux riches en mati\u00e8re grasse. Ce m\u00e9lange est le compl\u00e9ment id\u00e9al pour les pigeons au cours de la saison sportive.<\/li>\n<\/ul>\n<p><strong>MODE D\u2019EMPLOI<\/strong><\/p>\n<ul>\n<li>1 cuill\u00e8re \u00e0 caf\u00e9 par pigeon par jour.<\/li>\n<\/ul>\n<p><strong>COMPOSITION<\/strong><\/p>\n<p>Avoine pel\u00e9e, colza, millet blanc, chanvre, alpistes, dari, graine de sesame, riz cargo, cardi, sorgho extra roux, froment, Katjang Idjoe<\/p>\n<p><strong>CONSTITUANTS ANALYTIQUES<\/strong><\/p>\n<ul>\n<li>Prot\u00e9ines brutes 15,1 %<\/li>\n<li>Graisses brutes 15,8 %<\/li>\n<li>Cellulose brute 9,8 %<\/li>\n<li>Cendres brutes 3,2 %<\/li>\n<\/ul>\n<p id=\"ignorePDF\"><b>Cat\u00e9gorie<\/b><\/p>\n<div id=\"ignorePDF\" class=\"symbols\"><img decoding=\"async\" class=\"symbol ls-is-cached lazyloaded\" src=\"https:\/\/beyersbelgium.be\/wp-content\/themes\/wpbase_v2.0\/assets\/images\/symbol-Energy.svg\" alt=\"Energy\" width=\"80px\" height=\"80px\" data-src=\"\/wp-content\/themes\/wpbase_v2.0\/assets\/images\/symbol-Energy.svg\" \/><b>Energy<\/b><img decoding=\"async\" class=\"symbol lazyloaded\" src=\"https:\/\/beyersbelgium.be\/wp-content\/themes\/wpbase_v2.0\/assets\/images\/symbol-Sport.svg\" alt=\"Sport\" width=\"80px\" height=\"80px\" data-src=\"\/wp-content\/themes\/wpbase_v2.0\/assets\/images\/symbol-Sport.svg\" \/><b>Sport<\/b><\/div>\n<div id=\"ignorePDF\" class=\"download-sheet\"><\/div>\n","protected":false},"excerpt":{"rendered":"<p>Trapping Mix (m\u00e9lange de friandises) 2,5kg M\u00c9LANGE VARI\u00c9 DE FRIANDISES POUR PIGEONS Contenant des graines et grains ol\u00e9agineux riches en mati\u00e8re grasse. Ce m\u00e9lange est le compl\u00e9ment id\u00e9al pour les pigeons au cours de la saison sportive. MODE D\u2019EMPLOI 1 cuill\u00e8re \u00e0 caf\u00e9 par pigeon par jour. COMPOSITION Avoine pel\u00e9e, colza, millet blanc, chanvre, alpistes, [&hellip;]<\/p>\n","protected":false},"featured_media":28139,"comment_status":"open","ping_status":"closed","template":"","meta":[],"product_brand":[182],"product_cat":[169,100],"product_tag":[],"class_list":{"0":"post-28138","1":"product","2":"type-product","3":"status-publish","4":"has-post-thumbnail","6":"product_brand-beyers","7":"product_cat-pigeons","8":"product_cat-pigeons-complements-alimentaires","11":"first","12":"instock","13":"shipping-taxable","14":"purchasable","15":"product-type-simple"},"jetpack_sharing_enabled":true,"_links":{"self":[{"href":"https:\/\/avesaguiar.ch\/de\/wp-json\/wp\/v2\/product\/28138","targetHints":{"allow":["GET"]}}],"collection":[{"href":"https:\/\/avesaguiar.ch\/de\/wp-json\/wp\/v2\/product"}],"about":[{"href":"https:\/\/avesaguiar.ch\/de\/wp-json\/wp\/v2\/types\/product"}],"replies":[{"embeddable":true,"href":"https:\/\/avesaguiar.ch\/de\/wp-json\/wp\/v2\/comments?post=28138"}],"wp:featuredmedia":[{"embeddable":true,"href":"https:\/\/avesaguiar.ch\/de\/wp-json\/wp\/v2\/media\/28139"}],"wp:attachment":[{"href":"https:\/\/avesaguiar.ch\/de\/wp-json\/wp\/v2\/media?parent=28138"}],"wp:term":[{"taxonomy":"product_brand","embeddable":true,"href":"https:\/\/avesaguiar.ch\/de\/wp-json\/wp\/v2\/product_brand?post=28138"},{"taxonomy":"product_cat","embeddable":true,"href":"https:\/\/avesaguiar.ch\/de\/wp-json\/wp\/v2\/product_cat?post=28138"},{"taxonomy":"product_tag","embeddable":true,"href":"https:\/\/avesaguiar.ch\/de\/wp-json\/wp\/v2\/product_tag?post=28138"}],"curies":[{"name":"wp","href":"https:\/\/api.w.org\/{rel}","templated":true}]}}