{"id":28222,"date":"2026-01-23T19:52:32","date_gmt":"2026-01-23T19:52:32","guid":{"rendered":"https:\/\/avesaguiar.ch\/?post_type=product&#038;p=28222"},"modified":"2026-01-23T19:52:32","modified_gmt":"2026-01-23T19:52:32","slug":"abreuvoir-avec-couvercle","status":"publish","type":"product","link":"https:\/\/avesaguiar.ch\/de\/produit\/abreuvoir-avec-couvercle\/","title":{"rendered":"Abreuvoir Avec Couvercle"},"content":{"rendered":"<p>Abreuvoir destin\u00e9 notamment aux poules, canards, oies et faisans, 10Litre.<\/p>\n<p>Gr\u00e2ce \u00e0 une valve appropri\u00e9e, l&#8217;eau dans l&#8217;abreuvoir est automatiquement remplie.<\/p>\n<p>Facile \u00e0 d\u00e9monter, ce qui permet d&#8217;atteindre plus pr\u00e9cis\u00e9ment et plus facilement les endroits sales.<\/p>\n<p>Comprend une poign\u00e9e pratique pour transporter l&#8217;abreuvoir.<\/p>\n","protected":false},"excerpt":{"rendered":"<p>Abreuvoir destin\u00e9 notamment aux poules, canards, oies et faisans, 10Litre. Gr\u00e2ce \u00e0 une valve appropri\u00e9e, l&#8217;eau dans l&#8217;abreuvoir est automatiquement remplie. Facile \u00e0 d\u00e9monter, ce qui permet d&#8217;atteindre plus pr\u00e9cis\u00e9ment et plus facilement les endroits sales. Comprend une poign\u00e9e pratique pour transporter l&#8217;abreuvoir.<\/p>\n","protected":false},"featured_media":22253,"comment_status":"open","ping_status":"closed","template":"","meta":[],"product_brand":[],"product_cat":[105,195],"product_tag":[],"class_list":{"0":"post-28222","1":"product","2":"type-product","3":"status-publish","4":"has-post-thumbnail","6":"product_cat-volailles","7":"product_cat-volailles-accessoires","10":"first","11":"instock","12":"shipping-taxable","13":"purchasable","14":"product-type-simple"},"jetpack_sharing_enabled":true,"_links":{"self":[{"href":"https:\/\/avesaguiar.ch\/de\/wp-json\/wp\/v2\/product\/28222","targetHints":{"allow":["GET"]}}],"collection":[{"href":"https:\/\/avesaguiar.ch\/de\/wp-json\/wp\/v2\/product"}],"about":[{"href":"https:\/\/avesaguiar.ch\/de\/wp-json\/wp\/v2\/types\/product"}],"replies":[{"embeddable":true,"href":"https:\/\/avesaguiar.ch\/de\/wp-json\/wp\/v2\/comments?post=28222"}],"wp:featuredmedia":[{"embeddable":true,"href":"https:\/\/avesaguiar.ch\/de\/wp-json\/wp\/v2\/media\/22253"}],"wp:attachment":[{"href":"https:\/\/avesaguiar.ch\/de\/wp-json\/wp\/v2\/media?parent=28222"}],"wp:term":[{"taxonomy":"product_brand","embeddable":true,"href":"https:\/\/avesaguiar.ch\/de\/wp-json\/wp\/v2\/product_brand?post=28222"},{"taxonomy":"product_cat","embeddable":true,"href":"https:\/\/avesaguiar.ch\/de\/wp-json\/wp\/v2\/product_cat?post=28222"},{"taxonomy":"product_tag","embeddable":true,"href":"https:\/\/avesaguiar.ch\/de\/wp-json\/wp\/v2\/product_tag?post=28222"}],"curies":[{"name":"wp","href":"https:\/\/api.w.org\/{rel}","templated":true}]}}