{"id":28436,"date":"2026-01-25T09:53:24","date_gmt":"2026-01-25T09:53:24","guid":{"rendered":"https:\/\/avesaguiar.ch\/?post_type=product&#038;p=28436"},"modified":"2026-01-31T21:13:30","modified_gmt":"2026-01-31T21:13:30","slug":"cage-de-transport-oiseaux-telescopique","status":"publish","type":"product","link":"https:\/\/avesaguiar.ch\/de\/produit\/cage-de-transport-oiseaux-telescopique\/","title":{"rendered":"Cage de transport oiseaux t\u00e9lescopique"},"content":{"rendered":"<p>Cage de transport oiseaux t\u00e9lescopique &#8211; Sans couvercle 2GR<\/p>\n<p>Cage de transport avec ou sans couvercle dont la grille est t\u00e9lescopique : arriv\u00e9 \u00e0 destination, vous pouvez passer la hauteur de 18 \u00e0 35 cm pour garantir \u00e0 vos oiseaux un certain confort.<\/p>\n<p>La grille sup\u00e9rieure dispose d&#8217;une porte pour les attraper facilement.<br \/>\nLivr\u00e9e avec 3 mangeoires int\u00e9rieures et 2 perchoirs.<\/p>\n<p>Toutes les cages peuvent s&#8217;empiler.<\/p>\n<p>Le syst\u00e8me d&#8217;attache permet de fixer un couvercle ou d&#8217;attacher la mallette du dessus.<\/p>\n<p>Les roulettes sont disponibles \u00e0 la vente.<\/p>\n<p>C&#8217;est du transport en 1\u00e8re classe pour vos oiseaux !<br \/>\nDimension : L38 x l39 x h18=&gt;35<\/p>\n","protected":false},"excerpt":{"rendered":"<p>Cage de transport oiseaux t\u00e9lescopique &#8211; Sans couvercle 2GR Cage de transport avec ou sans couvercle dont la grille est t\u00e9lescopique : arriv\u00e9 \u00e0 destination, vous pouvez passer la hauteur de 18 \u00e0 35 cm pour garantir \u00e0 vos oiseaux un certain confort. La grille sup\u00e9rieure dispose d&#8217;une porte pour les attraper facilement. Livr\u00e9e avec [&hellip;]<\/p>\n","protected":false},"featured_media":28437,"comment_status":"open","ping_status":"closed","template":"","meta":[],"product_brand":[61],"product_cat":[103,174],"product_tag":[],"class_list":{"0":"post-28436","1":"product","2":"type-product","3":"status-publish","4":"has-post-thumbnail","6":"product_brand-2gr","7":"product_cat-oiseaux","8":"product_cat-oiseaux-cages","11":"first","12":"outofstock","13":"featured","14":"shipping-taxable","15":"purchasable","16":"product-type-simple"},"jetpack_sharing_enabled":true,"_links":{"self":[{"href":"https:\/\/avesaguiar.ch\/de\/wp-json\/wp\/v2\/product\/28436","targetHints":{"allow":["GET"]}}],"collection":[{"href":"https:\/\/avesaguiar.ch\/de\/wp-json\/wp\/v2\/product"}],"about":[{"href":"https:\/\/avesaguiar.ch\/de\/wp-json\/wp\/v2\/types\/product"}],"replies":[{"embeddable":true,"href":"https:\/\/avesaguiar.ch\/de\/wp-json\/wp\/v2\/comments?post=28436"}],"wp:featuredmedia":[{"embeddable":true,"href":"https:\/\/avesaguiar.ch\/de\/wp-json\/wp\/v2\/media\/28437"}],"wp:attachment":[{"href":"https:\/\/avesaguiar.ch\/de\/wp-json\/wp\/v2\/media?parent=28436"}],"wp:term":[{"taxonomy":"product_brand","embeddable":true,"href":"https:\/\/avesaguiar.ch\/de\/wp-json\/wp\/v2\/product_brand?post=28436"},{"taxonomy":"product_cat","embeddable":true,"href":"https:\/\/avesaguiar.ch\/de\/wp-json\/wp\/v2\/product_cat?post=28436"},{"taxonomy":"product_tag","embeddable":true,"href":"https:\/\/avesaguiar.ch\/de\/wp-json\/wp\/v2\/product_tag?post=28436"}],"curies":[{"name":"wp","href":"https:\/\/api.w.org\/{rel}","templated":true}]}}