{"id":28606,"date":"2026-02-01T11:19:34","date_gmt":"2026-02-01T11:19:34","guid":{"rendered":"https:\/\/avesaguiar.ch\/?post_type=product&#038;p=28606"},"modified":"2026-02-01T11:22:28","modified_gmt":"2026-02-01T11:22:28","slug":"copeaux-de-hetre-premium-medium-8mm","status":"publish","type":"product","link":"https:\/\/avesaguiar.ch\/de\/produit\/copeaux-de-hetre-premium-medium-8mm\/","title":{"rendered":"Copeaux de H\u00eatre Premium"},"content":{"rendered":"<h3>Copeaux de H\u00eatre Premium Medium 8mm \/10mm<\/h3>\n<div class=\"product__content\">\n<p>Les copeaux de h\u00eatre certifi\u00e9s FSC de Deli Nature ne produisent pas de poussi\u00e8re et sont id\u00e9aux pour recouvrir les enclos de rongeurs, les cages d\u2019oiseaux, les voli\u00e8res d\u2019int\u00e9rieur, les cages \u00e0 poules et de pigeons et les terrariums. Les copeaux de h\u00eatre s\u00e9ch\u00e9, 100\u00a0% naturels, absorbent l\u2019humidit\u00e9 et emp\u00eachent la formation de moisissures.<\/p>\n<p><strong>CONSEILS NUTRITIONNELS<\/strong><\/p>\n<ul>\n<li>Remplissez l\u2019enclos de l\u2019animal avec une couche de 5\u00a0cm de copeaux de h\u00eatre Deli Nature.<\/li>\n<li>Pour une hygi\u00e8ne optimale, remplacez l\u2019ensemble du contenu une fois par semaine.<\/li>\n<li>Les copeaux de h\u00eatre utilis\u00e9s peuvent \u00eatre \u00e9limin\u00e9s de mani\u00e8re \u00e9cologique avec les d\u00e9chets organiques ou dans le compost.<\/li>\n<li>Conseils de stockage\u00a0: Conserver dans un endroit sec.<\/li>\n<\/ul>\n<\/div>\n<div class=\"product__available\"><span class=\"product__available-text\">DISPONIBLE EN <\/span><span class=\"product__available-weight\">12,5kg<\/span><\/div>\n<div class=\"product__composition\">\n<div class=\"product__composition-summary\" tabindex=\"0\" role=\"button\" data-groupid=\"composition\" data-target=\"[san-id='open-composition']\" data-state=\"open\" data-classlist=\"open\" aria-expanded=\"false\">Composition<\/div>\n<div class=\"product__composition-details open\">Bois de h\u00eatre<\/div>\n<\/div>\n","protected":false},"excerpt":{"rendered":"<p>Copeaux de H\u00eatre Premium Medium 8mm \/10mm Les copeaux de h\u00eatre certifi\u00e9s FSC de Deli Nature ne produisent pas de poussi\u00e8re et sont id\u00e9aux pour recouvrir les enclos de rongeurs, les cages d\u2019oiseaux, les voli\u00e8res d\u2019int\u00e9rieur, les cages \u00e0 poules et de pigeons et les terrariums. Les copeaux de h\u00eatre s\u00e9ch\u00e9, 100\u00a0% naturels, absorbent l\u2019humidit\u00e9 [&hellip;]<\/p>\n","protected":false},"featured_media":28610,"comment_status":"open","ping_status":"closed","template":"","meta":[],"product_brand":[184],"product_cat":[197,103,177,180,169,190],"product_tag":[],"class_list":{"0":"post-28606","1":"product","2":"type-product","3":"status-publish","4":"has-post-thumbnail","6":"product_brand-deli-nature","7":"product_cat-nettoyage-hygiene","8":"product_cat-oiseaux","9":"product_cat-oiseaux-nettoyage","10":"product_cat-oiseaux-volieres","11":"product_cat-pigeons","12":"product_cat-pigeons-nettoyage-hygiene","15":"first","16":"instock","17":"featured","18":"shipping-taxable","19":"purchasable","20":"product-type-variable"},"jetpack_sharing_enabled":true,"_links":{"self":[{"href":"https:\/\/avesaguiar.ch\/de\/wp-json\/wp\/v2\/product\/28606","targetHints":{"allow":["GET"]}}],"collection":[{"href":"https:\/\/avesaguiar.ch\/de\/wp-json\/wp\/v2\/product"}],"about":[{"href":"https:\/\/avesaguiar.ch\/de\/wp-json\/wp\/v2\/types\/product"}],"replies":[{"embeddable":true,"href":"https:\/\/avesaguiar.ch\/de\/wp-json\/wp\/v2\/comments?post=28606"}],"wp:featuredmedia":[{"embeddable":true,"href":"https:\/\/avesaguiar.ch\/de\/wp-json\/wp\/v2\/media\/28610"}],"wp:attachment":[{"href":"https:\/\/avesaguiar.ch\/de\/wp-json\/wp\/v2\/media?parent=28606"}],"wp:term":[{"taxonomy":"product_brand","embeddable":true,"href":"https:\/\/avesaguiar.ch\/de\/wp-json\/wp\/v2\/product_brand?post=28606"},{"taxonomy":"product_cat","embeddable":true,"href":"https:\/\/avesaguiar.ch\/de\/wp-json\/wp\/v2\/product_cat?post=28606"},{"taxonomy":"product_tag","embeddable":true,"href":"https:\/\/avesaguiar.ch\/de\/wp-json\/wp\/v2\/product_tag?post=28606"}],"curies":[{"name":"wp","href":"https:\/\/api.w.org\/{rel}","templated":true}]}}