{"id":28638,"date":"2026-02-01T12:06:56","date_gmt":"2026-02-01T12:06:56","guid":{"rendered":"https:\/\/avesaguiar.ch\/?post_type=product&#038;p=28638"},"modified":"2026-02-01T12:06:56","modified_gmt":"2026-02-01T12:06:56","slug":"brewers-yeast-levure-de-biere-sechee-600gr-beyers-plus","status":"publish","type":"product","link":"https:\/\/avesaguiar.ch\/de\/produit\/brewers-yeast-levure-de-biere-sechee-600gr-beyers-plus\/","title":{"rendered":"Brewer&#8217;s Yeast (levure de bi\u00e8re s\u00e9ch\u00e9e) 600gr &#8211; Beyers Plus"},"content":{"rendered":"<p><strong>LEVURE DE BI\u00c8RE S\u00c9CH\u00c9E DE QUALIT\u00c9 SUP\u00c9RIEURE<\/strong><\/p>\n<ul>\n<li>Riche en prot\u00e9ines (prot\u00e9ines brutes 46%), acides amin\u00e9s et vitamines.<\/li>\n<li>A utiliser pour que vos pigeons soient toujours en parfaite sant\u00e9, aient un plumage sain et une bonne ossature.<\/li>\n<li>Aide \u00e0 renforcer la r\u00e9sistance naturelle et stimule l\u2019app\u00e9tit et la digestion.<\/li>\n<\/ul>\n<p><strong>MODE D\u2019EMPLOI<\/strong><\/p>\n<ul>\n<li>20 gr \/ 1 kg d\u2019aliments.<\/li>\n<li>Tout au long de l\u2019ann\u00e9e: 1 \u00e0 2 x par semaine, humidifi\u00e9 avec\u00a0<strong>Amin-Vita, Garlic Oil, Garlic Juice<\/strong>\u00a0ou\u00a0<strong>Royal Jelly<\/strong>.<\/li>\n<li>Pendant la saison sportive: de pr\u00e9f\u00e9rence en d\u00e9but de semaine.<\/li>\n<\/ul>\n<p id=\"ignorePDF\"><b>Cat\u00e9gorie<\/b><\/p>\n<div id=\"ignorePDF\" class=\"symbols\"><img decoding=\"async\" class=\"symbol lazyloaded\" src=\"https:\/\/beyersbelgium.be\/wp-content\/themes\/wpbase_v2.0\/assets\/images\/symbol-Support.svg\" alt=\"Support\" width=\"80px\" height=\"80px\" data-src=\"\/wp-content\/themes\/wpbase_v2.0\/assets\/images\/symbol-Support.svg\" \/><b>Support<\/b><img decoding=\"async\" class=\"symbol lazyloaded\" src=\"https:\/\/beyersbelgium.be\/wp-content\/themes\/wpbase_v2.0\/assets\/images\/symbol-Yearround.svg\" alt=\"Yearround\" width=\"80px\" height=\"80px\" data-src=\"\/wp-content\/themes\/wpbase_v2.0\/assets\/images\/symbol-Yearround.svg\" \/><b>Yearround<\/b><\/div>\n","protected":false},"excerpt":{"rendered":"<p>LEVURE DE BI\u00c8RE S\u00c9CH\u00c9E DE QUALIT\u00c9 SUP\u00c9RIEURE Riche en prot\u00e9ines (prot\u00e9ines brutes 46%), acides amin\u00e9s et vitamines. A utiliser pour que vos pigeons soient toujours en parfaite sant\u00e9, aient un plumage sain et une bonne ossature. Aide \u00e0 renforcer la r\u00e9sistance naturelle et stimule l\u2019app\u00e9tit et la digestion. MODE D\u2019EMPLOI 20 gr \/ 1 kg [&hellip;]<\/p>\n","protected":false},"featured_media":28639,"comment_status":"open","ping_status":"closed","template":"","meta":[],"product_brand":[182],"product_cat":[169,100],"product_tag":[],"class_list":{"0":"post-28638","1":"product","2":"type-product","3":"status-publish","4":"has-post-thumbnail","6":"product_brand-beyers","7":"product_cat-pigeons","8":"product_cat-pigeons-complements-alimentaires","11":"first","12":"instock","13":"shipping-taxable","14":"purchasable","15":"product-type-simple"},"jetpack_sharing_enabled":true,"_links":{"self":[{"href":"https:\/\/avesaguiar.ch\/de\/wp-json\/wp\/v2\/product\/28638","targetHints":{"allow":["GET"]}}],"collection":[{"href":"https:\/\/avesaguiar.ch\/de\/wp-json\/wp\/v2\/product"}],"about":[{"href":"https:\/\/avesaguiar.ch\/de\/wp-json\/wp\/v2\/types\/product"}],"replies":[{"embeddable":true,"href":"https:\/\/avesaguiar.ch\/de\/wp-json\/wp\/v2\/comments?post=28638"}],"wp:featuredmedia":[{"embeddable":true,"href":"https:\/\/avesaguiar.ch\/de\/wp-json\/wp\/v2\/media\/28639"}],"wp:attachment":[{"href":"https:\/\/avesaguiar.ch\/de\/wp-json\/wp\/v2\/media?parent=28638"}],"wp:term":[{"taxonomy":"product_brand","embeddable":true,"href":"https:\/\/avesaguiar.ch\/de\/wp-json\/wp\/v2\/product_brand?post=28638"},{"taxonomy":"product_cat","embeddable":true,"href":"https:\/\/avesaguiar.ch\/de\/wp-json\/wp\/v2\/product_cat?post=28638"},{"taxonomy":"product_tag","embeddable":true,"href":"https:\/\/avesaguiar.ch\/de\/wp-json\/wp\/v2\/product_tag?post=28638"}],"curies":[{"name":"wp","href":"https:\/\/api.w.org\/{rel}","templated":true}]}}