{"id":28718,"date":"2026-02-01T15:30:07","date_gmt":"2026-02-01T15:30:07","guid":{"rendered":"https:\/\/avesaguiar.ch\/?post_type=product&#038;p=28718"},"modified":"2026-04-14T19:53:53","modified_gmt":"2026-04-14T19:53:53","slug":"rohnfried-taubengold-plumage-pendant-la-mue-1l","status":"publish","type":"product","link":"https:\/\/avesaguiar.ch\/de\/produit\/rohnfried-taubengold-plumage-pendant-la-mue-1l\/","title":{"rendered":"Rohnfried-Taubengold (plumage pendant la mue) 1L"},"content":{"rendered":"<p>Taubengold (plumage pendant la mue) 1L<\/p>\n<p>Taubengold est un compl\u00e9ment de liquide qui est irrempla\u00e7able pendant la mue, en aidant \u00e0 l&#8217;\u00e9limination des carences en min\u00e9raux et oligo-\u00e9l\u00e9ments pour assurer la reconstitution d&#8217;une importance vitale de plumage.<\/p>\n<p>Grande prestation sera acquise de donner Taubengold deux ou trois fois par semaine, appliqu\u00e9e \u00e0 l&#8217;aliment ou ajout\u00e9s \u00e0 l&#8217;eau potable.<\/p>\n<p>Contient du calcium et du phosphore en plus de vitamines et les oligo-\u00e9l\u00e9ments. L&#8217;ingr\u00e9dient le plus important dans Taubengold est cependant DL m\u00e9thionine, un acide amin\u00e9 contenant des niveaux \u00e9lev\u00e9s de soufre organique, particuli\u00e8rement important durant la croissance des plumes.<\/p>\n<p>COMPOSITION:<br \/>\n-Calcium<br \/>\n-Phosphore<br \/>\n-Vitamines<br \/>\n-Oligo-\u00e9l\u00e9ments<br \/>\n-M\u00e9thionine<br \/>\n-Amino-acides<\/p>\n<p>MODE D\u00b4EMPLOI:<br \/>\n3-4 fois par semaine, 20 ml pour 1 litre d&#8217;eau ou de 750 g d&#8217;aliment.<\/p>\n","protected":false},"excerpt":{"rendered":"<p>Taubengold (plumage pendant la mue) 1L Taubengold est un compl\u00e9ment de liquide qui est irrempla\u00e7able pendant la mue, en aidant \u00e0 l&#8217;\u00e9limination des carences en min\u00e9raux et oligo-\u00e9l\u00e9ments pour assurer la reconstitution d&#8217;une importance vitale de plumage. Grande prestation sera acquise de donner Taubengold deux ou trois fois par semaine, appliqu\u00e9e \u00e0 l&#8217;aliment ou ajout\u00e9s [&hellip;]<\/p>\n","protected":false},"featured_media":28719,"comment_status":"open","ping_status":"closed","template":"","meta":[],"product_brand":[63],"product_cat":[169,100],"product_tag":[],"class_list":{"0":"post-28718","1":"product","2":"type-product","3":"status-publish","4":"has-post-thumbnail","6":"product_brand-roehnfried","7":"product_cat-pigeons","8":"product_cat-pigeons-complements-alimentaires","11":"first","12":"instock","13":"shipping-taxable","14":"purchasable","15":"product-type-simple"},"jetpack_sharing_enabled":true,"_links":{"self":[{"href":"https:\/\/avesaguiar.ch\/de\/wp-json\/wp\/v2\/product\/28718","targetHints":{"allow":["GET"]}}],"collection":[{"href":"https:\/\/avesaguiar.ch\/de\/wp-json\/wp\/v2\/product"}],"about":[{"href":"https:\/\/avesaguiar.ch\/de\/wp-json\/wp\/v2\/types\/product"}],"replies":[{"embeddable":true,"href":"https:\/\/avesaguiar.ch\/de\/wp-json\/wp\/v2\/comments?post=28718"}],"wp:featuredmedia":[{"embeddable":true,"href":"https:\/\/avesaguiar.ch\/de\/wp-json\/wp\/v2\/media\/28719"}],"wp:attachment":[{"href":"https:\/\/avesaguiar.ch\/de\/wp-json\/wp\/v2\/media?parent=28718"}],"wp:term":[{"taxonomy":"product_brand","embeddable":true,"href":"https:\/\/avesaguiar.ch\/de\/wp-json\/wp\/v2\/product_brand?post=28718"},{"taxonomy":"product_cat","embeddable":true,"href":"https:\/\/avesaguiar.ch\/de\/wp-json\/wp\/v2\/product_cat?post=28718"},{"taxonomy":"product_tag","embeddable":true,"href":"https:\/\/avesaguiar.ch\/de\/wp-json\/wp\/v2\/product_tag?post=28718"}],"curies":[{"name":"wp","href":"https:\/\/api.w.org\/{rel}","templated":true}]}}