{"id":28774,"date":"2026-02-01T19:23:18","date_gmt":"2026-02-01T19:23:18","guid":{"rendered":"https:\/\/avesaguiar.ch\/?post_type=product&#038;p=28774"},"modified":"2026-03-06T19:08:34","modified_gmt":"2026-03-06T19:08:34","slug":"golden-omega-oils-500ml-tollisan","status":"publish","type":"product","link":"https:\/\/avesaguiar.ch\/de\/produit\/golden-omega-oils-500ml-tollisan\/","title":{"rendered":"Tollisan-Golden omega Oils 500ml"},"content":{"rendered":"<p>M\u00e9lange id\u00e9al d\u2019huiles v\u00e9g\u00e9tales, enrichi en aromates et vitamines AD3E.<br \/>\nContient \u00e9galement des acides gras de type Omega-3 et Omega-6 dont l\u2019\u00e9quilibre est parfaitement respect\u00e9.<br \/>\nCes derniers jouent un r\u00f4le tr\u00e8s important en augmentant la r\u00e9sistance de l\u2019organisme et en stimulant la condition g\u00e9n\u00e9rale.<\/p>\n<p>Elles sont distribu\u00e9es avec les acides amin\u00e9s (Amino-Forte) et la levure de bi\u00e8re, de lait et de germes de bl\u00e9 (Levulac).<\/p>\n<p>Ces huiles sont tr\u00e8s b\u00e9n\u00e9fiques en p\u00e9riode de concours, de mue et d\u2019\u00e9levage.<\/p>\n<p>Dosage<br \/>\n&#8211; 1 c. \u00e0 soupe par 1 kg de nourriture (2x par semaine pendant toute l\u2019ann\u00e9e)<\/p>\n","protected":false},"excerpt":{"rendered":"<p>M\u00e9lange id\u00e9al d\u2019huiles v\u00e9g\u00e9tales, enrichi en aromates et vitamines AD3E. Contient \u00e9galement des acides gras de type Omega-3 et Omega-6 dont l\u2019\u00e9quilibre est parfaitement respect\u00e9. Ces derniers jouent un r\u00f4le tr\u00e8s important en augmentant la r\u00e9sistance de l\u2019organisme et en stimulant la condition g\u00e9n\u00e9rale. Elles sont distribu\u00e9es avec les acides amin\u00e9s (Amino-Forte) et la levure [&hellip;]<\/p>\n","protected":false},"featured_media":28780,"comment_status":"open","ping_status":"closed","template":"","meta":[],"product_brand":[383],"product_cat":[169,100],"product_tag":[],"class_list":{"0":"post-28774","1":"product","2":"type-product","3":"status-publish","4":"has-post-thumbnail","6":"product_brand-tollisan","7":"product_cat-pigeons","8":"product_cat-pigeons-complements-alimentaires","11":"first","12":"instock","13":"shipping-taxable","14":"purchasable","15":"product-type-simple"},"jetpack_sharing_enabled":true,"_links":{"self":[{"href":"https:\/\/avesaguiar.ch\/de\/wp-json\/wp\/v2\/product\/28774","targetHints":{"allow":["GET"]}}],"collection":[{"href":"https:\/\/avesaguiar.ch\/de\/wp-json\/wp\/v2\/product"}],"about":[{"href":"https:\/\/avesaguiar.ch\/de\/wp-json\/wp\/v2\/types\/product"}],"replies":[{"embeddable":true,"href":"https:\/\/avesaguiar.ch\/de\/wp-json\/wp\/v2\/comments?post=28774"}],"wp:featuredmedia":[{"embeddable":true,"href":"https:\/\/avesaguiar.ch\/de\/wp-json\/wp\/v2\/media\/28780"}],"wp:attachment":[{"href":"https:\/\/avesaguiar.ch\/de\/wp-json\/wp\/v2\/media?parent=28774"}],"wp:term":[{"taxonomy":"product_brand","embeddable":true,"href":"https:\/\/avesaguiar.ch\/de\/wp-json\/wp\/v2\/product_brand?post=28774"},{"taxonomy":"product_cat","embeddable":true,"href":"https:\/\/avesaguiar.ch\/de\/wp-json\/wp\/v2\/product_cat?post=28774"},{"taxonomy":"product_tag","embeddable":true,"href":"https:\/\/avesaguiar.ch\/de\/wp-json\/wp\/v2\/product_tag?post=28774"}],"curies":[{"name":"wp","href":"https:\/\/api.w.org\/{rel}","templated":true}]}}