{"id":28823,"date":"2026-02-01T20:00:17","date_gmt":"2026-02-01T20:00:17","guid":{"rendered":"https:\/\/avesaguiar.ch\/?post_type=product&#038;p=28823"},"modified":"2026-02-03T19:36:40","modified_gmt":"2026-02-03T19:36:40","slug":"tollisan-lhuile-dorigan-500ml","status":"publish","type":"product","link":"https:\/\/avesaguiar.ch\/de\/produit\/tollisan-lhuile-dorigan-500ml\/","title":{"rendered":"Tollisan-L&#8217;huile d&#8217;origan 500ml"},"content":{"rendered":"<p>Probac Dr. Brockamp huile d&#8217;origan 500ml , antibact\u00e9rien &#8211; \u00e9nergie active avec l&#8217;huile \u00e0 base de plantes \u00e9l\u00e9ments compl\u00e9mentaires pour la pr\u00e9vention des maladies intestinales induite par les bact\u00e9ries dans les courses de pigeons et oiseaux<\/p>\n<p>INDICATIONS:<br \/>\n&#8211; Il stimule la production de bile et de la s\u00e9cr\u00e9tion des enzymes dans le tractus intestinal , en stimulant la digestion et l&#8217;optimalisation.<\/p>\n<p>&#8211; Renforce le syst\u00e8me immunitaire contre des infections telles que les coccidies, les salmonelles , les parasites , certains types de virus , de levures et d&#8217;autres bact\u00e9ries .<br \/>\n&#8211; Stimule le m\u00e9tabolisme .<br \/>\n&#8211; Renforce la flore intestinale<br \/>\n&#8211; Il est un compl\u00e9ment id\u00e9al Probac 1000; huile d&#8217;origan nettoie le tractus intestinal en favorisant l&#8217;action des bact\u00e9ries contenant les probi\u00f3ticoas Probac 1000 .<\/p>\n<p>COMPOSITION:<br \/>\nExtraits de l&#8217;huile d&#8217;origan et de plantes<\/p>\n<p>MODE D\u00b4EMPLOI:<br \/>\n&#8211; Il est recommand\u00e9 pour une utilisation tout au long de l&#8217;ann\u00e9e .<br \/>\n&#8211; Son efficacit\u00e9 est grandement am\u00e9lior\u00e9e si elle est combin\u00e9e avec Probac 1000.<br \/>\n&#8211; Recommand\u00e9 pour une utilisation apr\u00e8s l&#8217;application d&#8217;antibiotiques , apr\u00e8s la vaccination , en p\u00e9riode de reproduction et de mue .<br \/>\n&#8211; 1 kg de farine dans 5 ml de l&#8217;application de l&#8217;huile d&#8217;origan avec 5 grammes de Probac 1000 , 2 ou 3 fois par semaine .<\/p>\n<p>FORMAT:<br \/>\nBouteille de 500ml<\/p>\n<p>INFORMATIONS SUPPL\u00c9MENTAIRES :<br \/>\n&#8211; L&#8217;huile d&#8217;origan contient Probac huiles essentielles digestives de la plante d&#8217;origan , ainsi que tous les acides gras essentiels . Ceux-ci stimulent notamment la production de bile et de la s\u00e9cr\u00e9tion d&#8217;enzymes dans le tractus intestinal , optimisant ainsi la digestion. Moins de produits m\u00e9taboliques nocives s&#8217;accumulent , la nourriture est mieux utilis\u00e9 et le syst\u00e8me immunitaire est renforc\u00e9 .<\/p>\n<p>&#8211; L&#8217;efficacit\u00e9 particuli\u00e8re de Probac huile d&#8217;origan est bas\u00e9 sur les composants \u00e0 base de plantes compl\u00e9mentaires qu&#8217;il contient . Celles-ci ont un effet prophylactique sur les bact\u00e9ries pathog\u00e8nes telles que coccidies , hexamites , E. coli, salmonelles , streptocoques , Chalmydia , et les bact\u00e9ries CORYNE ainsi que sur les vers ronds et divers champignons tels que aspersoirs , candida et des actinomyc\u00e8tes .<\/p>\n<p>&#8211; Ils facilitent le processus de digestion , de stabiliser la flore intestinale et fortifier le syst\u00e8me immunitaire .<\/p>\n<p>En raison de sa fonctionnalit\u00e9 sp\u00e9cifique Probac huile d&#8217;origan se pr\u00eate id\u00e9alement presque comme un compl\u00e9ment aux bact\u00e9ries probiotiques contenus dans Probac 1000. L&#8217;huile &#8221; nettoie &#8221; comme c&#8217;\u00e9tait le tractus intestinal de sorte que les bact\u00e9ries b\u00e9n\u00e9fiques contenues dans Probac peuvent recoloniser . Il est donc recommand\u00e9 que ces produits soient mis en oeuvre en combinaison avec l&#8217;autre.<\/p>\n","protected":false},"excerpt":{"rendered":"<p>Probac Dr. Brockamp huile d&#8217;origan 500ml , antibact\u00e9rien &#8211; \u00e9nergie active avec l&#8217;huile \u00e0 base de plantes \u00e9l\u00e9ments compl\u00e9mentaires pour la pr\u00e9vention des maladies intestinales induite par les bact\u00e9ries dans les courses de pigeons et oiseaux INDICATIONS: &#8211; Il stimule la production de bile et de la s\u00e9cr\u00e9tion des enzymes dans le tractus intestinal , [&hellip;]<\/p>\n","protected":false},"featured_media":28824,"comment_status":"open","ping_status":"closed","template":"","meta":[],"product_brand":[383],"product_cat":[169,100],"product_tag":[],"class_list":{"0":"post-28823","1":"product","2":"type-product","3":"status-publish","4":"has-post-thumbnail","6":"product_brand-tollisan","7":"product_cat-pigeons","8":"product_cat-pigeons-complements-alimentaires","11":"first","12":"instock","13":"shipping-taxable","14":"purchasable","15":"product-type-simple"},"jetpack_sharing_enabled":true,"_links":{"self":[{"href":"https:\/\/avesaguiar.ch\/de\/wp-json\/wp\/v2\/product\/28823","targetHints":{"allow":["GET"]}}],"collection":[{"href":"https:\/\/avesaguiar.ch\/de\/wp-json\/wp\/v2\/product"}],"about":[{"href":"https:\/\/avesaguiar.ch\/de\/wp-json\/wp\/v2\/types\/product"}],"replies":[{"embeddable":true,"href":"https:\/\/avesaguiar.ch\/de\/wp-json\/wp\/v2\/comments?post=28823"}],"wp:featuredmedia":[{"embeddable":true,"href":"https:\/\/avesaguiar.ch\/de\/wp-json\/wp\/v2\/media\/28824"}],"wp:attachment":[{"href":"https:\/\/avesaguiar.ch\/de\/wp-json\/wp\/v2\/media?parent=28823"}],"wp:term":[{"taxonomy":"product_brand","embeddable":true,"href":"https:\/\/avesaguiar.ch\/de\/wp-json\/wp\/v2\/product_brand?post=28823"},{"taxonomy":"product_cat","embeddable":true,"href":"https:\/\/avesaguiar.ch\/de\/wp-json\/wp\/v2\/product_cat?post=28823"},{"taxonomy":"product_tag","embeddable":true,"href":"https:\/\/avesaguiar.ch\/de\/wp-json\/wp\/v2\/product_tag?post=28823"}],"curies":[{"name":"wp","href":"https:\/\/api.w.org\/{rel}","templated":true}]}}