{"id":29131,"date":"2026-02-20T21:35:23","date_gmt":"2026-02-20T21:35:23","guid":{"rendered":"https:\/\/avesaguiar.ch\/?post_type=product&#038;p=29131"},"modified":"2026-02-22T14:43:33","modified_gmt":"2026-02-22T14:43:33","slug":"psittacus-crop-milk","status":"publish","type":"product","link":"https:\/\/avesaguiar.ch\/de\/produit\/psittacus-crop-milk\/","title":{"rendered":"Psittacus-Crop Milk"},"content":{"rendered":"<p>Psittacid\u00e9s-Lait Pour Oiseaux \u2013 500 g<\/p>\n<p>Pour l&#8217;\u00e9levage \u00e0 la main des oisillons de perroquets granivores pendant la premi\u00e8re phase n\u00e9onatale (de l&#8217;\u00e9closion jusqu&#8217;\u00e0 un \u00e2ge maximal de 7 \u00e0 8 jours, selon l&#8217;esp\u00e8ce). Il s&#8217;agit d&#8217;une formule exclusive hautement concentr\u00e9e et tr\u00e8s digeste pour l&#8217;alimentation \u00e0 la main.<br \/>\nMode d&#8217;emploi :<\/p>\n<p>Il s&#8217;agit d&#8217;un aliment complet extrud\u00e9 destin\u00e9 \u00e0 l&#8217;\u00e9levage \u00e0 la main des oiseaux de la famille des Psittacidae. Il est con\u00e7u pour constituer 100 % de l&#8217;alimentation du perroquet. Particuli\u00e8rement recommand\u00e9 pour les professionnels utilisant l&#8217;incubation artificielle, il favorise des taux de croissance optimaux des poussins, similaires \u00e0 ceux obtenus par les meilleurs perroquets reproducteurs. M\u00e9langer avec de l&#8217;eau ti\u00e8de jusqu&#8217;\u00e0 obtenir la concentration appropri\u00e9e. Conserver dans un endroit frais et sec apr\u00e8s ouverture (la r\u00e9frig\u00e9ration n&#8217;est pas recommand\u00e9e, mais la cong\u00e9lation est possible si le produit est herm\u00e9tiquement ferm\u00e9).<\/p>\n<p>Apport quotidien :<br \/>\nAu cours du premier jour, augmenter la concentration \u00e0 chaque repas, d&#8217;environ 1 % au premier repas \u00e0 20 % au dernier. \u00c0 partir du 3e jour, la concentration doit \u00eatre de 25 %. Les poussins doivent \u00eatre nourris avec la quantit\u00e9 quotidienne appropri\u00e9e, r\u00e9partie sur plusieurs repas (g\u00e9n\u00e9ralement, un minimum de 7 \u00e0 8 repas par jour pendant les premiers jours).<\/p>\n<p>Composition :<br \/>\nProduits et sous-produits de graines ol\u00e9agineuses et de fruits, \u0153uf entier d\u00e9shydrat\u00e9, huiles v\u00e9g\u00e9tales, min\u00e9raux, inuline (0,05 %)<\/p>\n<p>Additifs :<br \/>\nM\u00e9lange de compos\u00e9s aromatisants, extrait de souci africain (contient 0,015 % d&#8217;extrait de yucca) \/ S\u00e9piole \/ Extraits riches en tocoph\u00e9rols d&#8217;origine naturelle, acide palmitoyl-6-ascorbique \/ Compos\u00e9s d&#8217;oligo-\u00e9l\u00e9ments (ch\u00e9late ferreux, ch\u00e9late cuivrique, ch\u00e9late de mangan\u00e8se, ch\u00e9late de zinc ; iodate de calcium anhydre et hydroxyanalogue de la s\u00e9l\u00e9nom\u00e9thionine) \/ Vitamines, provitamines et substances chimiquement bien d\u00e9finies ayant des effets similaires (A, D3,<br \/>\nE, C, K, B1, B2, B6, B12, acide pantoth\u00e9nique, niacine, acide folique, biotine, choline<\/p>\n","protected":false},"excerpt":{"rendered":"<p><img decoding=\"async\" class=\"alignnone size-full wp-image-29155\" src=\"https:\/\/avesaguiar.ch\/wp-content\/uploads\/2026\/02\/public-copie.png\" alt=\"\" width=\"260\" height=\"54\" \/><\/p>\n","protected":false},"featured_media":29132,"comment_status":"open","ping_status":"closed","template":"","meta":[],"product_brand":[386],"product_cat":[103,173],"product_tag":[],"class_list":{"0":"post-29131","1":"product","2":"type-product","3":"status-publish","4":"has-post-thumbnail","6":"product_brand-psittacus","7":"product_cat-oiseaux","8":"product_cat-oiseaux-alimentation","11":"first","12":"instock","13":"shipping-taxable","14":"purchasable","15":"product-type-simple"},"jetpack_sharing_enabled":true,"_links":{"self":[{"href":"https:\/\/avesaguiar.ch\/de\/wp-json\/wp\/v2\/product\/29131","targetHints":{"allow":["GET"]}}],"collection":[{"href":"https:\/\/avesaguiar.ch\/de\/wp-json\/wp\/v2\/product"}],"about":[{"href":"https:\/\/avesaguiar.ch\/de\/wp-json\/wp\/v2\/types\/product"}],"replies":[{"embeddable":true,"href":"https:\/\/avesaguiar.ch\/de\/wp-json\/wp\/v2\/comments?post=29131"}],"wp:featuredmedia":[{"embeddable":true,"href":"https:\/\/avesaguiar.ch\/de\/wp-json\/wp\/v2\/media\/29132"}],"wp:attachment":[{"href":"https:\/\/avesaguiar.ch\/de\/wp-json\/wp\/v2\/media?parent=29131"}],"wp:term":[{"taxonomy":"product_brand","embeddable":true,"href":"https:\/\/avesaguiar.ch\/de\/wp-json\/wp\/v2\/product_brand?post=29131"},{"taxonomy":"product_cat","embeddable":true,"href":"https:\/\/avesaguiar.ch\/de\/wp-json\/wp\/v2\/product_cat?post=29131"},{"taxonomy":"product_tag","embeddable":true,"href":"https:\/\/avesaguiar.ch\/de\/wp-json\/wp\/v2\/product_tag?post=29131"}],"curies":[{"name":"wp","href":"https:\/\/api.w.org\/{rel}","templated":true}]}}