{"id":29160,"date":"2026-02-22T14:33:40","date_gmt":"2026-02-22T14:33:40","guid":{"rendered":"https:\/\/avesaguiar.ch\/?post_type=product&#038;p=29160"},"modified":"2026-02-22T21:24:38","modified_gmt":"2026-02-22T21:24:38","slug":"high-energy-plus-psittcus-nourrissage-la-main","status":"publish","type":"product","link":"https:\/\/avesaguiar.ch\/de\/produit\/high-energy-plus-psittcus-nourrissage-la-main\/","title":{"rendered":"Psittacus-High Energy Plus"},"content":{"rendered":"<p>High Energy Plus Psittcus-NOURRISSAGE LA MAIN-5Kg<\/p>\n<p>Con\u00e7ue pour \u00e9lever manuellement les esp\u00e8ces qui ont besoin d&#8217;une alimentation particuli\u00e8rement riche en graisses (Anodorhynchus hyacinthinus, Probosciger aterrimus, Guaruba guarouba, Ara chloroptera, Ara ambiguus). Il s&#8217;agit d&#8217;une bouillie de continuation qui doit \u00eatre utilis\u00e9e d\u00e8s l&#8217;apparition des plumes jusqu&#8217;\u00e0 l&#8217;\u00e9mancipation.<\/p>\n<p>Il est indiqu\u00e9 pour l&#8217;\u00e9levage manuel des esp\u00e8ces de perroquets qui ont besoin d&#8217;une alimentation particuli\u00e8rement riche en graisses.<br \/>\nIl contient un m\u00e9lange de graisses v\u00e9g\u00e9tales adapt\u00e9es \u00e0 ces esp\u00e8ces : huile de palme et huile de coco. Il contient \u00e9galement de la papaye, qui favorise le transit intestinal.<\/p>\n<p>Il s&#8217;agit d&#8217;une bouillie de continuation qui doit \u00eatre utilis\u00e9e d\u00e8s l&#8217;apparition des plumes jusqu&#8217;\u00e0 l&#8217;\u00e9mancipation.<\/p>\n<p>Il est conseill\u00e9 de pr\u00e9parer la bouillie avec de l&#8217;eau ti\u00e8de et une concentration en solides d&#8217;environ 25 %. Nous recommandons de la donner au poussin \u00e0 l&#8217;aide d&#8217;un<\/p>\n","protected":false},"excerpt":{"rendered":"<p><img decoding=\"async\" class=\"alignnone size-full wp-image-29155\" src=\"https:\/\/avesaguiar.ch\/wp-content\/uploads\/2026\/02\/public-copie.png\" alt=\"\" width=\"260\" height=\"54\" \/><img fetchpriority=\"high\" decoding=\"async\" class=\"alignnone size-medium wp-image-29171\" src=\"https:\/\/avesaguiar.ch\/wp-content\/uploads\/2026\/02\/high-energy-plus-hand-freeding-210x300.jpg\" alt=\"\" width=\"210\" height=\"300\" \/><\/p>\n","protected":false},"featured_media":29161,"comment_status":"open","ping_status":"closed","template":"","meta":[],"product_brand":[386],"product_cat":[103,173],"product_tag":[],"class_list":{"0":"post-29160","1":"product","2":"type-product","3":"status-publish","4":"has-post-thumbnail","6":"product_brand-psittacus","7":"product_cat-oiseaux","8":"product_cat-oiseaux-alimentation","11":"first","12":"instock","13":"shipping-taxable","14":"purchasable","15":"product-type-simple"},"jetpack_sharing_enabled":true,"_links":{"self":[{"href":"https:\/\/avesaguiar.ch\/de\/wp-json\/wp\/v2\/product\/29160","targetHints":{"allow":["GET"]}}],"collection":[{"href":"https:\/\/avesaguiar.ch\/de\/wp-json\/wp\/v2\/product"}],"about":[{"href":"https:\/\/avesaguiar.ch\/de\/wp-json\/wp\/v2\/types\/product"}],"replies":[{"embeddable":true,"href":"https:\/\/avesaguiar.ch\/de\/wp-json\/wp\/v2\/comments?post=29160"}],"wp:featuredmedia":[{"embeddable":true,"href":"https:\/\/avesaguiar.ch\/de\/wp-json\/wp\/v2\/media\/29161"}],"wp:attachment":[{"href":"https:\/\/avesaguiar.ch\/de\/wp-json\/wp\/v2\/media?parent=29160"}],"wp:term":[{"taxonomy":"product_brand","embeddable":true,"href":"https:\/\/avesaguiar.ch\/de\/wp-json\/wp\/v2\/product_brand?post=29160"},{"taxonomy":"product_cat","embeddable":true,"href":"https:\/\/avesaguiar.ch\/de\/wp-json\/wp\/v2\/product_cat?post=29160"},{"taxonomy":"product_tag","embeddable":true,"href":"https:\/\/avesaguiar.ch\/de\/wp-json\/wp\/v2\/product_tag?post=29160"}],"curies":[{"name":"wp","href":"https:\/\/api.w.org\/{rel}","templated":true}]}}