{"id":29301,"date":"2026-03-08T20:56:18","date_gmt":"2026-03-08T20:56:18","guid":{"rendered":"https:\/\/avesaguiar.ch\/?post_type=product&#038;p=29301"},"modified":"2026-03-08T20:56:19","modified_gmt":"2026-03-08T20:56:19","slug":"travipharma-lw-parasites-10-ml","status":"publish","type":"product","link":"https:\/\/avesaguiar.ch\/de\/produit\/travipharma-lw-parasites-10-ml\/","title":{"rendered":"Travipharma LW-Parasites &#8211; 10 ml"},"content":{"rendered":"<p>Travipharma LW-Parasites &#8211; 10 ml<\/p>\n<p>Il s&#8217;agit d&#8217;un traitement simple \u00e0 appliquer (solution \u00e0 verser) contre les parasites internes et externes et les infections parasitaires chez vos pigeons, volailles et grands oiseaux tels que les perroquets.<\/p>\n<p>COMPOSITION :<br \/>\nContient par ml<br \/>\n&#8211; Ivermectine 5 mg<\/p>\n<p>ANIMAUX CIBLES : Pigeons, volailles et grands oiseaux tels que les perroquets.<br \/>\nINDICATIONS :<br \/>\nPour le traitement :<br \/>\n&#8211; Des parasites endo- et ectoparasites, tels que les poux, les acariens, les tiques, la gale et les infections l\u00e9g\u00e8res par des vers.<\/p>\n<p>POSOLOGIE ET VOIE D&#8217;ADMINISTRATION :<br \/>\nPour administration topique sur la peau nue. Bien agiter avant utilisation.<br \/>\n\u2022 Pigeons<br \/>\nPosologie : 1 goutte dans le cou sur la peau nue. R\u00e9p\u00e9ter toutes les 4\/6 semaines. Pour environ 200 pigeons. Vous verrez les r\u00e9sultats apr\u00e8s une semaine. Lors de la premi\u00e8re utilisation, r\u00e9p\u00e9ter apr\u00e8s 4 semaines pour un effet durable. Dur\u00e9e moyenne d&#8217;efficacit\u00e9 : environ 8 semaines. Peut \u00eatre administr\u00e9 tout au long de l&#8217;ann\u00e9e.<br \/>\n\u2022 Gros oiseaux et\/ou volaille<br \/>\nPosologie : 2 gouttes dans le cou sur la peau nue. R\u00e9p\u00e9ter toutes les 4\/6 semaines. Les r\u00e9sultats sont visibles apr\u00e8s une semaine. Lors de la premi\u00e8re utilisation, r\u00e9p\u00e9ter apr\u00e8s 4 semaines pour un effet durable. Dur\u00e9e moyenne d&#8217;efficacit\u00e9 : environ 8 semaines. Peut \u00eatre administr\u00e9 tout au long de l&#8217;ann\u00e9e.<br \/>\nCONSEIL :<br \/>\nIl est recommand\u00e9 d&#8217;administrer des vitamines apr\u00e8s un traitement vermifuge (Travi-Vit).<\/p>\n<p>CONTRE-INDICATIONS :<br \/>\nNe pas utiliser chez des animaux autres que ceux indiqu\u00e9s.<br \/>\nDes r\u00e9actions graves, y compris des d\u00e9c\u00e8s, ont \u00e9t\u00e9 signal\u00e9es chez des chiens (en particulier des colley, des chiens de berger anglais anciens et des races apparent\u00e9es), des tortues terrestres et des tortues aquatiques trait\u00e9s avec des produits contenant la substance active.<br \/>\nNe pas administrer en cas d&#8217;hypersensibilit\u00e9 ou de r\u00e9sistance \u00e0 l&#8217;ivermectine.<br \/>\nNe pas administrer \u00e0 des animaux destin\u00e9s \u00e0 la consommation humaine.<\/p>\n<p>EFFETS IND\u00c9SIRABLES :<br \/>\nAucun connu.<\/p>\n<p>P\u00c9RIODE DE RETRAIT :<br \/>\nNe pas utiliser chez les animaux destin\u00e9s \u00e0 la consommation humaine.<\/p>\n","protected":false},"excerpt":{"rendered":"<p>Travipharma LW-Parasites &#8211; 10 ml Il s&#8217;agit d&#8217;un traitement simple \u00e0 appliquer (solution \u00e0 verser) contre les parasites internes et externes et les infections parasitaires chez vos pigeons, volailles et grands oiseaux tels que les perroquets. COMPOSITION : Contient par ml &#8211; Ivermectine 5 mg ANIMAUX CIBLES : Pigeons, volailles et grands oiseaux tels que [&hellip;]<\/p>\n","protected":false},"featured_media":29302,"comment_status":"open","ping_status":"closed","template":"","meta":[],"product_brand":[62],"product_cat":[197,103,169,190],"product_tag":[],"class_list":{"0":"post-29301","1":"product","2":"type-product","3":"status-publish","4":"has-post-thumbnail","6":"product_brand-benelux","7":"product_cat-nettoyage-hygiene","8":"product_cat-oiseaux","9":"product_cat-pigeons","10":"product_cat-pigeons-nettoyage-hygiene","13":"first","14":"instock","15":"shipping-taxable","16":"purchasable","17":"product-type-simple"},"jetpack_sharing_enabled":true,"_links":{"self":[{"href":"https:\/\/avesaguiar.ch\/de\/wp-json\/wp\/v2\/product\/29301","targetHints":{"allow":["GET"]}}],"collection":[{"href":"https:\/\/avesaguiar.ch\/de\/wp-json\/wp\/v2\/product"}],"about":[{"href":"https:\/\/avesaguiar.ch\/de\/wp-json\/wp\/v2\/types\/product"}],"replies":[{"embeddable":true,"href":"https:\/\/avesaguiar.ch\/de\/wp-json\/wp\/v2\/comments?post=29301"}],"wp:featuredmedia":[{"embeddable":true,"href":"https:\/\/avesaguiar.ch\/de\/wp-json\/wp\/v2\/media\/29302"}],"wp:attachment":[{"href":"https:\/\/avesaguiar.ch\/de\/wp-json\/wp\/v2\/media?parent=29301"}],"wp:term":[{"taxonomy":"product_brand","embeddable":true,"href":"https:\/\/avesaguiar.ch\/de\/wp-json\/wp\/v2\/product_brand?post=29301"},{"taxonomy":"product_cat","embeddable":true,"href":"https:\/\/avesaguiar.ch\/de\/wp-json\/wp\/v2\/product_cat?post=29301"},{"taxonomy":"product_tag","embeddable":true,"href":"https:\/\/avesaguiar.ch\/de\/wp-json\/wp\/v2\/product_tag?post=29301"}],"curies":[{"name":"wp","href":"https:\/\/api.w.org\/{rel}","templated":true}]}}