{"id":26376,"date":"2025-11-24T08:50:13","date_gmt":"2025-11-24T08:50:13","guid":{"rendered":"https:\/\/avesaguiar.ch\/produit\/juguetes-para-pajaros-abaco-de-madera-pequeno-y-grande\/"},"modified":"2025-11-24T08:50:13","modified_gmt":"2025-11-24T08:50:13","slug":"juguetes-para-pajaros-abaco-de-madera-pequeno-y-grande","status":"publish","type":"product","link":"https:\/\/avesaguiar.ch\/es\/produit\/juguetes-para-pajaros-abaco-de-madera-pequeno-y-grande\/","title":{"rendered":"JUGUETES PARA P\u00c1JAROS \u00c1BACO DE MADERA PEQUE\u00d1O Y GRANDE"},"content":{"rendered":"<h3 class=\"product-detail-name\">JUGUETES PARA P\u00c1JAROS \u00c1BACO DE MADERA PEQUE\u00d1O Y GRANDE<\/h3>\n","protected":false},"excerpt":{"rendered":"<p>JUGUETES PARA P\u00c1JAROS \u00c1BACO DE MADERA PEQUE\u00d1O Y GRANDE<\/p>\n","protected":false},"featured_media":26082,"comment_status":"open","ping_status":"closed","template":"","meta":[],"product_brand":[187],"product_cat":[225],"product_tag":[],"class_list":{"0":"post-26376","1":"product","2":"type-product","3":"status-publish","4":"has-post-thumbnail","6":"product_brand-kinlys","7":"product_cat-juguetes","8":"product_shipping_class-postpac-economia-900g","11":"first","12":"instock","13":"shipping-taxable","14":"purchasable","15":"product-type-variable","16":"has-default-attributes"},"jetpack_sharing_enabled":true,"_links":{"self":[{"href":"https:\/\/avesaguiar.ch\/es\/wp-json\/wp\/v2\/product\/26376","targetHints":{"allow":["GET"]}}],"collection":[{"href":"https:\/\/avesaguiar.ch\/es\/wp-json\/wp\/v2\/product"}],"about":[{"href":"https:\/\/avesaguiar.ch\/es\/wp-json\/wp\/v2\/types\/product"}],"replies":[{"embeddable":true,"href":"https:\/\/avesaguiar.ch\/es\/wp-json\/wp\/v2\/comments?post=26376"}],"wp:featuredmedia":[{"embeddable":true,"href":"https:\/\/avesaguiar.ch\/es\/wp-json\/wp\/v2\/media\/26082"}],"wp:attachment":[{"href":"https:\/\/avesaguiar.ch\/es\/wp-json\/wp\/v2\/media?parent=26376"}],"wp:term":[{"taxonomy":"product_brand","embeddable":true,"href":"https:\/\/avesaguiar.ch\/es\/wp-json\/wp\/v2\/product_brand?post=26376"},{"taxonomy":"product_cat","embeddable":true,"href":"https:\/\/avesaguiar.ch\/es\/wp-json\/wp\/v2\/product_cat?post=26376"},{"taxonomy":"product_tag","embeddable":true,"href":"https:\/\/avesaguiar.ch\/es\/wp-json\/wp\/v2\/product_tag?post=26376"}],"curies":[{"name":"wp","href":"https:\/\/api.w.org\/{rel}","templated":true}]}}