{"id":26411,"date":"2025-11-23T15:15:08","date_gmt":"2025-11-23T15:15:08","guid":{"rendered":"https:\/\/avesaguiar.ch\/produit\/beyers-olympia-52-cria-y-pichones-con-chardon-marie-20-kg\/"},"modified":"2025-11-23T15:15:08","modified_gmt":"2025-11-23T15:15:08","slug":"beyers-olympia-52-cria-y-pichones-con-chardon-marie-20-kg","status":"publish","type":"product","link":"https:\/\/avesaguiar.ch\/es\/produit\/beyers-olympia-52-cria-y-pichones-con-chardon-marie-20-kg\/","title":{"rendered":"Beyers-Olympia 52 &#8211; Cr\u00eda y Pichones (con Chardon-Marie) 20 kg"},"content":{"rendered":"<h3>Olympia 52 &#8211; Cr\u00eda y pichones (con cardo mariano) &#8211; 20 kg<\/h3>\n<ul>\n<li>Una mezcla muy variada y rica de 23 ingredientes diferentes.<\/li>\n<li>Una fuente de prote\u00ednas muy equilibrada y asimilable gracias a la combinaci\u00f3n de legumbres y semillas ricas en prote\u00ednas y l\u00edpidos.<\/li>\n<li>Los diversos granos y semillas peque\u00f1os garantizan que las palomas reproductoras alimenten f\u00e1cilmente a los pichones y que no quede nada dentro o junto a los comederos.<\/li>\n<li>Tras el destete, las cr\u00edas pueden seguir absorbiendo r\u00e1pidamente esta mezcla \u00fanica de crianza.<\/li>\n<li>Para un estado \u00f3ptimo y duradero de las palomas durante largos periodos de cr\u00eda.<\/li>\n<li>Enriquecido con cardo mariano, que influye positivamente en el funcionamiento general del h\u00edgado.<\/li>\n<\/ul>\n<h2>Composici\u00f3n<\/h2>\n<p>Dari blanco extra &#8211; sorgo rojo &#8211; cardi &#8211; veza &#8211; jud\u00edas mungo &#8211; guisantes verdes &#8211; ma\u00edz cribado peque\u00f1o &#8211; guisantes amarillos &#8211; arroz con c\u00e1scara &#8211; c\u00e1\u00f1amo &#8211; trigo blanco &#8211; ma\u00edz merano &#8211; soja tostada &#8211; dunpeas &#8211; lentejas &#8211; guisantes arce &#8211; colza &#8211; arroz cargo &#8211; cardo mariano &#8211; linaza &#8211; semillas de girasol peladas &#8211; avena desgranada &#8211; semillas de nabo colza<\/p>\n<h2>Componentes anal\u00edticos<\/h2>\n<p>Hidratos de carbono 44,0% &#8211; prote\u00edna bruta 17,8% &#8211; grasa bruta 10,2% &#8211; fibra bruta 7,0% &#8211; ceniza bruta 2,7% &#8211; lisina 0,89% &#8211; f\u00f3sforo 0,39% &#8211; metionina 0,25% &#8211; calcio 0,13%.<\/p>\n","protected":false},"excerpt":{"rendered":"<p>Olympia 52 &#8211; Cr\u00eda y pichones (con cardo mariano) &#8211; 20 kg Una mezcla muy variada y rica de 23 ingredientes diferentes. Una fuente de prote\u00ednas muy equilibrada y asimilable gracias a la combinaci\u00f3n de legumbres y semillas ricas en prote\u00ednas y l\u00edpidos. Los diversos granos y semillas peque\u00f1os garantizan que las palomas reproductoras alimenten [&hellip;]<\/p>\n","protected":false},"featured_media":25987,"comment_status":"open","ping_status":"closed","template":"","meta":[],"product_brand":[182],"product_cat":[235],"product_tag":[],"class_list":{"0":"post-26411","1":"product","2":"type-product","3":"status-publish","4":"has-post-thumbnail","6":"product_brand-beyers","7":"product_cat-fuente-de-alimentacion","8":"product_shipping_class-postpac-economia-30kg","11":"first","12":"instock","13":"sale","14":"shipping-taxable","15":"purchasable","16":"product-type-simple"},"jetpack_sharing_enabled":true,"_links":{"self":[{"href":"https:\/\/avesaguiar.ch\/es\/wp-json\/wp\/v2\/product\/26411","targetHints":{"allow":["GET"]}}],"collection":[{"href":"https:\/\/avesaguiar.ch\/es\/wp-json\/wp\/v2\/product"}],"about":[{"href":"https:\/\/avesaguiar.ch\/es\/wp-json\/wp\/v2\/types\/product"}],"replies":[{"embeddable":true,"href":"https:\/\/avesaguiar.ch\/es\/wp-json\/wp\/v2\/comments?post=26411"}],"wp:featuredmedia":[{"embeddable":true,"href":"https:\/\/avesaguiar.ch\/es\/wp-json\/wp\/v2\/media\/25987"}],"wp:attachment":[{"href":"https:\/\/avesaguiar.ch\/es\/wp-json\/wp\/v2\/media?parent=26411"}],"wp:term":[{"taxonomy":"product_brand","embeddable":true,"href":"https:\/\/avesaguiar.ch\/es\/wp-json\/wp\/v2\/product_brand?post=26411"},{"taxonomy":"product_cat","embeddable":true,"href":"https:\/\/avesaguiar.ch\/es\/wp-json\/wp\/v2\/product_cat?post=26411"},{"taxonomy":"product_tag","embeddable":true,"href":"https:\/\/avesaguiar.ch\/es\/wp-json\/wp\/v2\/product_tag?post=26411"}],"curies":[{"name":"wp","href":"https:\/\/api.w.org\/{rel}","templated":true}]}}