{"id":26412,"date":"2025-11-23T15:09:46","date_gmt":"2025-11-23T15:09:46","guid":{"rendered":"https:\/\/avesaguiar.ch\/produit\/beyers-olympia-51-elevage-sport-primera-clase-20-kg\/"},"modified":"2025-11-23T15:09:46","modified_gmt":"2025-11-23T15:09:46","slug":"beyers-olympia-51-elevage-sport-primera-clase-20-kg","status":"publish","type":"product","link":"https:\/\/avesaguiar.ch\/es\/produit\/beyers-olympia-51-elevage-sport-primera-clase-20-kg\/","title":{"rendered":"Beyers-Olympia 51 &#8211; \u00c9levage &amp; Sport Primera Clase 20 kg"},"content":{"rendered":"<h2>Olympia 51 &#8211; \u00c9levage &amp; Sport Primera Clase &#8211; 20 kg<\/h2>\n<ul>\n<li>Una mezcla \u00fanica para el ganado y el deporte, sin guisantes, ma\u00edz ni sorgo.<\/li>\n<li>Al utilizar fuentes de prote\u00ednas alternativas (vicias, soja tostada, lentejas y katjang idjoe), esta mezcla ofrece un patr\u00f3n de amino\u00e1cidos \u00fanico. El uso de dari extra blanco en lugar de sorgo rojo aumenta significativamente el valor nutritivo debido a la beneficiosa estructura de amino\u00e1cidos del dari extra blanco. <\/li>\n<li>En la pr\u00e1ctica, tambi\u00e9n vemos buenos resultados de cr\u00eda si esta mezcla se combina con mezclas de cr\u00eda como <strong>PREMIUM SUPER \u00c9LEVAGE<\/strong> u <strong>OLYMPIA<\/strong> 49 <strong>&#8211; \u00c9LEVAGE &amp; PIGEONNEAUX AVEC PETIT MA\u00cfS<\/strong>. La mejor proporci\u00f3n en este caso parece ser 2\/3 de mezcla tradicional y 1\/3 de cr\u00eda y<strong>OLYMPIA 51<\/strong>&#8211; CR\u00cdA<strong>&amp; DEPORTE PRIMERA CLASE<\/strong>. <\/li>\n<\/ul>\n<h2>Composici\u00f3n<\/h2>\n<p>Dari blanco &#8211; trigo blanco &#8211; vezas &#8211; cardi &#8211; avena pelada &#8211; c\u00e1\u00f1amo &#8211; soja tostada &#8211; lentejas &#8211; Katjang Idjoe &#8211; mijo blanco &#8211; arroz con c\u00e1scara<\/p>\n<h2>Componentes anal\u00edticos<\/h2>\n<p>Carbohidratos 43,3% &#8211; prote\u00edna bruta 16,6% &#8211; grasa bruta 8,8% &#8211; fibra bruta 7,9% &#8211; ceniza bruta 2,6% &#8211; lisina 0,75% &#8211; f\u00f3sforo 0,35% &#8211; metionina 0,24% &#8211; calcio 0,14%.<\/p>\n","protected":false},"excerpt":{"rendered":"<p>Olympia 51 &#8211; \u00c9levage &amp; Sport Primera Clase &#8211; 20 kg Una mezcla \u00fanica para el ganado y el deporte, sin guisantes, ma\u00edz ni sorgo. Al utilizar fuentes de prote\u00ednas alternativas (vicias, soja tostada, lentejas y katjang idjoe), esta mezcla ofrece un patr\u00f3n de amino\u00e1cidos \u00fanico. El uso de dari extra blanco en lugar de [&hellip;]<\/p>\n","protected":false},"featured_media":25987,"comment_status":"open","ping_status":"closed","template":"","meta":[],"product_brand":[182],"product_cat":[235],"product_tag":[],"class_list":{"0":"post-26412","1":"product","2":"type-product","3":"status-publish","4":"has-post-thumbnail","6":"product_brand-beyers","7":"product_cat-fuente-de-alimentacion","8":"product_shipping_class-postpac-economia-30kg","11":"first","12":"instock","13":"sale","14":"shipping-taxable","15":"purchasable","16":"product-type-simple"},"jetpack_sharing_enabled":true,"_links":{"self":[{"href":"https:\/\/avesaguiar.ch\/es\/wp-json\/wp\/v2\/product\/26412","targetHints":{"allow":["GET"]}}],"collection":[{"href":"https:\/\/avesaguiar.ch\/es\/wp-json\/wp\/v2\/product"}],"about":[{"href":"https:\/\/avesaguiar.ch\/es\/wp-json\/wp\/v2\/types\/product"}],"replies":[{"embeddable":true,"href":"https:\/\/avesaguiar.ch\/es\/wp-json\/wp\/v2\/comments?post=26412"}],"wp:featuredmedia":[{"embeddable":true,"href":"https:\/\/avesaguiar.ch\/es\/wp-json\/wp\/v2\/media\/25987"}],"wp:attachment":[{"href":"https:\/\/avesaguiar.ch\/es\/wp-json\/wp\/v2\/media?parent=26412"}],"wp:term":[{"taxonomy":"product_brand","embeddable":true,"href":"https:\/\/avesaguiar.ch\/es\/wp-json\/wp\/v2\/product_brand?post=26412"},{"taxonomy":"product_cat","embeddable":true,"href":"https:\/\/avesaguiar.ch\/es\/wp-json\/wp\/v2\/product_cat?post=26412"},{"taxonomy":"product_tag","embeddable":true,"href":"https:\/\/avesaguiar.ch\/es\/wp-json\/wp\/v2\/product_tag?post=26412"}],"curies":[{"name":"wp","href":"https:\/\/api.w.org\/{rel}","templated":true}]}}