{"id":26417,"date":"2025-11-23T19:56:27","date_gmt":"2025-11-23T19:56:27","guid":{"rendered":"https:\/\/avesaguiar.ch\/produit\/beyers-original-elevage-25-kg\/"},"modified":"2025-11-23T19:56:27","modified_gmt":"2025-11-23T19:56:27","slug":"beyers-original-elevage-25-kg","status":"publish","type":"product","link":"https:\/\/avesaguiar.ch\/es\/produit\/beyers-original-elevage-25-kg\/","title":{"rendered":"Beyers-Original \u00c9levage 25 kg"},"content":{"rendered":"<div class=\"grid_100\">\n<h2>Original \u00c9levage &#8211; 25 kg<\/h2>\n<ul>\n<li>Mezcla de cr\u00eda para palomas con ma\u00edz crbbs franc\u00e9s, ma\u00edz Plata y ma\u00edz Merano.<\/li>\n<li>Sus caracter\u00edsticas \u00fanicas son una excelente relaci\u00f3n calidad-precio y un alto contenido en prote\u00ednas.<\/li>\n<li>Adaptado a las necesidades de las palomas durante el periodo de cr\u00eda, compuesto por 14 ingredientes diferentes.<\/li>\n<\/ul>\n<h2>Composici\u00f3n<\/h2>\n<p>Ma\u00edz cribb &#8211; trigo &#8211; guisantes amarillos &#8211; guisantes verdes &#8211; dari blanco &#8211; sorgo rojo &#8211; cardi &#8211; guisantes arce &#8211; ma\u00edz merano &#8211; ma\u00edz plata &#8211; dunpeas &#8211; guisantes verdes &#8211; vezas &#8211; guisantes amarillos<\/p>\n<h2>Componentes anal\u00edticos<\/h2>\n<p>Hidratos de carbono 63,7% &#8211; prote\u00edna bruta 13,9% &#8211; grasa bruta 3,4% &#8211; fibra bruta 4,4% &#8211; ceniza bruta 1,8% &#8211; lisina 0,67% &#8211; f\u00f3sforo 0,30% &#8211; metionina 0,16% &#8211; calcio 0,07%.<\/p>\n<p>&nbsp;<\/p>\n<\/div>\n<div class=\"grid_100\">\n<div class=\"grid_50 galerij\">\n<div class=\"product_foto\">\n<div class=\"product_foto_kader\">\n<div class=\"\">\n<div id=\"slides\">\n<div class=\"slidesjs-container\">\n<div class=\"slidesjs-control\"><\/div>\n<\/div>\n<\/div>\n<\/div>\n<\/div>\n<\/div>\n<\/div>\n<\/div>\n","protected":false},"excerpt":{"rendered":"<p>Original \u00c9levage &#8211; 25 kg Mezcla de cr\u00eda para palomas con ma\u00edz crbbs franc\u00e9s, ma\u00edz Plata y ma\u00edz Merano. Sus caracter\u00edsticas \u00fanicas son una excelente relaci\u00f3n calidad-precio y un alto contenido en prote\u00ednas. Adaptado a las necesidades de las palomas durante el periodo de cr\u00eda, compuesto por 14 ingredientes diferentes. Composici\u00f3n Ma\u00edz cribb &#8211; trigo [&hellip;]<\/p>\n","protected":false},"featured_media":26028,"comment_status":"open","ping_status":"closed","template":"","meta":[],"product_brand":[182],"product_cat":[235],"product_tag":[],"class_list":{"0":"post-26417","1":"product","2":"type-product","3":"status-publish","4":"has-post-thumbnail","6":"product_brand-beyers","7":"product_cat-fuente-de-alimentacion","8":"product_shipping_class-postpac-economia-30kg","11":"first","12":"instock","13":"shipping-taxable","14":"purchasable","15":"product-type-simple"},"jetpack_sharing_enabled":true,"_links":{"self":[{"href":"https:\/\/avesaguiar.ch\/es\/wp-json\/wp\/v2\/product\/26417","targetHints":{"allow":["GET"]}}],"collection":[{"href":"https:\/\/avesaguiar.ch\/es\/wp-json\/wp\/v2\/product"}],"about":[{"href":"https:\/\/avesaguiar.ch\/es\/wp-json\/wp\/v2\/types\/product"}],"replies":[{"embeddable":true,"href":"https:\/\/avesaguiar.ch\/es\/wp-json\/wp\/v2\/comments?post=26417"}],"wp:featuredmedia":[{"embeddable":true,"href":"https:\/\/avesaguiar.ch\/es\/wp-json\/wp\/v2\/media\/26028"}],"wp:attachment":[{"href":"https:\/\/avesaguiar.ch\/es\/wp-json\/wp\/v2\/media?parent=26417"}],"wp:term":[{"taxonomy":"product_brand","embeddable":true,"href":"https:\/\/avesaguiar.ch\/es\/wp-json\/wp\/v2\/product_brand?post=26417"},{"taxonomy":"product_cat","embeddable":true,"href":"https:\/\/avesaguiar.ch\/es\/wp-json\/wp\/v2\/product_cat?post=26417"},{"taxonomy":"product_tag","embeddable":true,"href":"https:\/\/avesaguiar.ch\/es\/wp-json\/wp\/v2\/product_tag?post=26417"}],"curies":[{"name":"wp","href":"https:\/\/api.w.org\/{rel}","templated":true}]}}