{"id":26419,"date":"2025-11-23T15:33:55","date_gmt":"2025-11-23T15:33:55","guid":{"rendered":"https:\/\/avesaguiar.ch\/produit\/beyers-basico-cria-y-deporte-25-kg\/"},"modified":"2025-11-23T15:33:55","modified_gmt":"2025-11-23T15:33:55","slug":"beyers-basico-cria-y-deporte-25-kg","status":"publish","type":"product","link":"https:\/\/avesaguiar.ch\/es\/produit\/beyers-basico-cria-y-deporte-25-kg\/","title":{"rendered":"Beyers-B\u00e1sico Cr\u00eda y Deporte 25 kg"},"content":{"rendered":"<h2>B\u00e1sico Ganado y Deporte &#8211; 25 kg<\/h2>\n<ul>\n<li>Una mezcla atractiva que se ha hecho muy popular en poco tiempo. El perfecto crecimiento de las palomas j\u00f3venes y el buen estado duradero de las palomas reproductoras son la prueba de que esta mezcla satisface las necesidades de las palomas durante el periodo de cr\u00eda. <\/li>\n<li>Adem\u00e1s, esta mezcla tan vers\u00e1til, con nada menos que 14 ingredientes, tambi\u00e9n es ideal para la temporada de competiciones.<\/li>\n<\/ul>\n<h2>Componentes anal\u00edticos<\/h2>\n<p>Hidratos de carbono 62,0% &#8211; prote\u00edna bruta 12,8% &#8211; grasa bruta 5,2% &#8211; fibra bruta 4,8% &#8211; ceniza bruta 1,8% &#8211; lisina 0,53% &#8211; f\u00f3sforo 0,30% &#8211; metionina 0,17% &#8211; calcio 0,09%.<\/p>\n","protected":false},"excerpt":{"rendered":"<p>B\u00e1sico Ganado y Deporte &#8211; 25 kg Una mezcla atractiva que se ha hecho muy popular en poco tiempo. El perfecto crecimiento de las palomas j\u00f3venes y el buen estado duradero de las palomas reproductoras son la prueba de que esta mezcla satisface las necesidades de las palomas durante el periodo de cr\u00eda. Adem\u00e1s, esta [&hellip;]<\/p>\n","protected":false},"featured_media":26006,"comment_status":"open","ping_status":"closed","template":"","meta":[],"product_brand":[182],"product_cat":[235],"product_tag":[],"class_list":{"0":"post-26419","1":"product","2":"type-product","3":"status-publish","4":"has-post-thumbnail","6":"product_brand-beyers","7":"product_cat-fuente-de-alimentacion","8":"product_shipping_class-postpac-economia-30kg","11":"first","12":"instock","13":"sale","14":"shipping-taxable","15":"purchasable","16":"product-type-simple"},"jetpack_sharing_enabled":true,"_links":{"self":[{"href":"https:\/\/avesaguiar.ch\/es\/wp-json\/wp\/v2\/product\/26419","targetHints":{"allow":["GET"]}}],"collection":[{"href":"https:\/\/avesaguiar.ch\/es\/wp-json\/wp\/v2\/product"}],"about":[{"href":"https:\/\/avesaguiar.ch\/es\/wp-json\/wp\/v2\/types\/product"}],"replies":[{"embeddable":true,"href":"https:\/\/avesaguiar.ch\/es\/wp-json\/wp\/v2\/comments?post=26419"}],"wp:featuredmedia":[{"embeddable":true,"href":"https:\/\/avesaguiar.ch\/es\/wp-json\/wp\/v2\/media\/26006"}],"wp:attachment":[{"href":"https:\/\/avesaguiar.ch\/es\/wp-json\/wp\/v2\/media?parent=26419"}],"wp:term":[{"taxonomy":"product_brand","embeddable":true,"href":"https:\/\/avesaguiar.ch\/es\/wp-json\/wp\/v2\/product_brand?post=26419"},{"taxonomy":"product_cat","embeddable":true,"href":"https:\/\/avesaguiar.ch\/es\/wp-json\/wp\/v2\/product_cat?post=26419"},{"taxonomy":"product_tag","embeddable":true,"href":"https:\/\/avesaguiar.ch\/es\/wp-json\/wp\/v2\/product_tag?post=26419"}],"curies":[{"name":"wp","href":"https:\/\/api.w.org\/{rel}","templated":true}]}}