{"id":26431,"date":"2025-11-23T20:25:06","date_gmt":"2025-11-23T20:25:06","guid":{"rendered":"https:\/\/avesaguiar.ch\/produit\/beyers-mezcla-multimineral-20-kg\/"},"modified":"2025-11-23T20:25:06","modified_gmt":"2025-11-23T20:25:06","slug":"beyers-mezcla-multimineral-20-kg","status":"publish","type":"product","link":"https:\/\/avesaguiar.ch\/es\/produit\/beyers-mezcla-multimineral-20-kg\/","title":{"rendered":"Beyers-Mezcla Multimineral 20 Kg"},"content":{"rendered":"<p><strong>COMPLEMENTO ALIMENTICIO TODO EN UNO PARA PALOMAS: MEZCLA DE MINERALES, GRANOS PEQUE\u00d1OS, MEZCLA DE VITAMINAS Y ENRIQUECIDO CON AN\u00cdS<\/strong><\/p>\n<ul>\n<li>Contiene nutrientes esenciales, vitaminas y minerales para mantener a tus palomas en condiciones \u00f3ptimas durante todo el a\u00f1o.<\/li>\n<\/ul>\n<p><strong>INSTRUCCIONES DE USO<\/strong><\/p>\n<ul>\n<li>Proporci\u00f3nales una peque\u00f1a cantidad de comida fresca cada d\u00eda (como m\u00e1ximo el 10% de la raci\u00f3n diaria).<\/li>\n<li>Gu\u00e1rdalo en un lugar fresco y seco.<\/li>\n<\/ul>\n<p><strong>COMPOSICI\u00d3N<\/strong><\/p>\n<p>C\u00e1scaras de caliza, piedra roja, gastrolitos, carbonato c\u00e1lcico, semillas de lino, fosfato dic\u00e1lcico, sorgo blanco &#8220;dari&#8221;, algas coralinas, arroz integral, alpiste, sorgo rojo, mijo amarillo, mijo blanco, semillas de espinacas, katjang idjoe, semillas de zanahoria, avena mondada, semillas de tr\u00e9bol blanco, semillas de s\u00e9samo, semillas de r\u00e1bano, ma\u00edz, cloruro s\u00f3dico, trigo, carb\u00f3n, pienso de gluten de trigo, pienso de gluten de ma\u00edz, ra\u00edces secas, germen de trigo, hierbas de jard\u00edn, algas marinas.<\/p>\n<p><strong>COMPONENTES ANAL\u00cdTICOS<\/strong><\/p>\n<ul>\n<li>Calcio 19,70<\/li>\n<li>F\u00f3sforo 0,17<\/li>\n<li>Sodio 0,08<\/li>\n<li>Lisina 0,06<\/li>\n<li>Metionina 0,04<\/li>\n<li><img decoding=\"async\" class=\"\" src=\"https:\/\/beyersbelgium.be\/wp-content\/themes\/wpbase_v2.0\/assets\/images\/symbol-Support.svg\" alt=\"Ayuda\" width=\"50\" height=\"50\"><img decoding=\"async\" class=\"\" src=\"https:\/\/beyersbelgium.be\/wp-content\/themes\/wpbase_v2.0\/assets\/images\/symbol-Yearround.svg\" alt=\"Todo el a\u00f1o\" width=\"50\" height=\"50\"><\/li>\n<\/ul>\n","protected":false},"excerpt":{"rendered":"<p>COMPLEMENTO ALIMENTICIO TODO EN UNO PARA PALOMAS: MEZCLA DE MINERALES, GRANOS PEQUE\u00d1OS, MEZCLA DE VITAMINAS Y ENRIQUECIDO CON AN\u00cdS Contiene nutrientes esenciales, vitaminas y minerales para mantener a tus palomas en condiciones \u00f3ptimas durante todo el a\u00f1o. INSTRUCCIONES DE USO Proporci\u00f3nales una peque\u00f1a cantidad de comida fresca cada d\u00eda (como m\u00e1ximo el 10% de la [&hellip;]<\/p>\n","protected":false},"featured_media":22282,"comment_status":"open","ping_status":"closed","template":"","meta":[],"product_brand":[182],"product_cat":[237,235],"product_tag":[],"class_list":{"0":"post-26431","1":"product","2":"type-product","3":"status-publish","4":"has-post-thumbnail","6":"product_brand-beyers","7":"product_cat-complementos-alimenticios","8":"product_cat-fuente-de-alimentacion","9":"product_shipping_class-postpac-economia-30kg","12":"first","13":"instock","14":"shipping-taxable","15":"purchasable","16":"product-type-simple"},"jetpack_sharing_enabled":true,"_links":{"self":[{"href":"https:\/\/avesaguiar.ch\/es\/wp-json\/wp\/v2\/product\/26431","targetHints":{"allow":["GET"]}}],"collection":[{"href":"https:\/\/avesaguiar.ch\/es\/wp-json\/wp\/v2\/product"}],"about":[{"href":"https:\/\/avesaguiar.ch\/es\/wp-json\/wp\/v2\/types\/product"}],"replies":[{"embeddable":true,"href":"https:\/\/avesaguiar.ch\/es\/wp-json\/wp\/v2\/comments?post=26431"}],"wp:featuredmedia":[{"embeddable":true,"href":"https:\/\/avesaguiar.ch\/es\/wp-json\/wp\/v2\/media\/22282"}],"wp:attachment":[{"href":"https:\/\/avesaguiar.ch\/es\/wp-json\/wp\/v2\/media?parent=26431"}],"wp:term":[{"taxonomy":"product_brand","embeddable":true,"href":"https:\/\/avesaguiar.ch\/es\/wp-json\/wp\/v2\/product_brand?post=26431"},{"taxonomy":"product_cat","embeddable":true,"href":"https:\/\/avesaguiar.ch\/es\/wp-json\/wp\/v2\/product_cat?post=26431"},{"taxonomy":"product_tag","embeddable":true,"href":"https:\/\/avesaguiar.ch\/es\/wp-json\/wp\/v2\/product_tag?post=26431"}],"curies":[{"name":"wp","href":"https:\/\/api.w.org\/{rel}","templated":true}]}}